{"id":95,"date":"2016-11-12T15:16:12","date_gmt":"2016-11-12T15:16:12","guid":{"rendered":"http:\/\/buerosysteme-fassbach.de\/?page_id=95"},"modified":"2020-11-24T10:23:01","modified_gmt":"2020-11-24T10:23:01","slug":"bemusterungen","status":"publish","type":"page","link":"https:\/\/buerosysteme-fassbach.de\/?page_id=95","title":{"rendered":"Bemusterungen"},"content":{"rendered":"<p><img loading=\"lazy\" decoding=\"async\" class=\"alignnone size-medium wp-image-99\" src=\"http:\/\/buerosysteme-fassbach.de\/wp-content\/uploads\/2016\/11\/stuehlem-300x167.jpg\" alt=\"stuehlem\" width=\"300\" height=\"167\" srcset=\"https:\/\/buerosysteme-fassbach.de\/wp-content\/uploads\/2016\/11\/stuehlem-300x167.jpg 300w, https:\/\/buerosysteme-fassbach.de\/wp-content\/uploads\/2016\/11\/stuehlem.jpg 490w\" sizes=\"auto, (max-width: 300px) 100vw, 300px\" \/><br \/><strong>Probesitzen und Bemusterungen<br \/><\/strong>Bei uns kein Problem!<\/p>\n<p><strong>Ihre Vorteile<\/strong><\/p>\n<ul>\n<li>Sie kaufen nicht die Katze im Sack. Uns ist wichtig, dass Sie dauerhaft auf Ihrem Drehstuhl sitzen k\u00f6nnen und dieser mit den n\u00f6tigen Optionen ausgestattet ist.<\/li>\n<li>Wir bieten Ihnen kostenloses Probesitzen und mehrt\u00e4gige Bemusterungen an.<\/li>\n<li>Wir halten stets eine aktuelle Auswahl f\u00fcr Sie bereit.<\/li>\n<\/ul>\n<p>\u00a0<\/p>\n\n\n<p><strong>Ablauf<\/strong><\/p>\n\n\n\n<ul class=\"wp-block-list\"><li>Gern k\u00f6nnen Sie uns f\u00fcr ein Probesitzen besuchen. Bitte sprechen Sie daf\u00fcr vorher einen Termin mit uns ab, damit auch der\/die richtige Ansprechpartner*in im Haus ist, der\/die Ihnen das Sortiment vorf\u00fchren und Sie in die Funktionen der St\u00fchle einweisen kann.<\/li><li>Oder wir kommen zu Ihnen.<\/li><li>Wenn bereits ein Modell in die engere Wahl kommt (und Sie nicht mehr als 30km von Solingen entfernt sind), bringen wir Ihnen ein Muster f\u00fcr einige Tage. Verf\u00fcgbarkeit nat\u00fcrlich vorausgesetzt.<\/li><\/ul>\n","protected":false},"excerpt":{"rendered":"<p>Probesitzen und BemusterungenBei uns kein Problem! Ihre Vorteile Sie kaufen nicht die Katze im Sack. Uns ist wichtig, dass Sie dauerhaft auf Ihrem Drehstuhl sitzen k\u00f6nnen und dieser mit den n\u00f6tigen Optionen ausgestattet ist. Wir bieten Ihnen kostenloses Probesitzen und <span class=\"excerpt-dots\">&hellip;<\/span> <a class=\"more-link\" href=\"https:\/\/buerosysteme-fassbach.de\/?page_id=95\"><span class=\"more-msg\">Weiterlesen &rarr;<\/span><\/a><\/p>\n","protected":false},"author":1,"featured_media":0,"parent":0,"menu_order":0,"comment_status":"closed","ping_status":"closed","template":"","meta":{"footnotes":""},"class_list":["post-95","page","type-page","status-publish","hentry"],"_links":{"self":[{"href":"https:\/\/buerosysteme-fassbach.de\/index.php?rest_route=\/wp\/v2\/pages\/95","targetHints":{"allow":["GET"]}}],"collection":[{"href":"https:\/\/buerosysteme-fassbach.de\/index.php?rest_route=\/wp\/v2\/pages"}],"about":[{"href":"https:\/\/buerosysteme-fassbach.de\/index.php?rest_route=\/wp\/v2\/types\/page"}],"author":[{"embeddable":true,"href":"https:\/\/buerosysteme-fassbach.de\/index.php?rest_route=\/wp\/v2\/users\/1"}],"replies":[{"embeddable":true,"href":"https:\/\/buerosysteme-fassbach.de\/index.php?rest_route=%2Fwp%2Fv2%2Fcomments&post=95"}],"version-history":[{"count":8,"href":"https:\/\/buerosysteme-fassbach.de\/index.php?rest_route=\/wp\/v2\/pages\/95\/revisions"}],"predecessor-version":[{"id":1138,"href":"https:\/\/buerosysteme-fassbach.de\/index.php?rest_route=\/wp\/v2\/pages\/95\/revisions\/1138"}],"wp:attachment":[{"href":"https:\/\/buerosysteme-fassbach.de\/index.php?rest_route=%2Fwp%2Fv2%2Fmedia&parent=95"}],"curies":[{"name":"wp","href":"https:\/\/api.w.org\/{rel}","templated":true}]}}