{"id":85,"date":"2016-11-12T15:04:08","date_gmt":"2016-11-12T15:04:08","guid":{"rendered":"http:\/\/buerosysteme-fassbach.de\/?page_id=85"},"modified":"2024-12-02T07:55:44","modified_gmt":"2024-12-02T07:55:44","slug":"datenschutzerklaerung","status":"publish","type":"page","link":"https:\/\/buerosysteme-fassbach.de\/?page_id=85","title":{"rendered":"Datenschutzerkl\u00e4rung"},"content":{"rendered":"<p><u>Datenschutzerkl\u00e4rung<br \/>\n<\/u>von S\u00f6ren Fa\u00dfbach, B\u00fcroSysteme, Dycker Str. 119, 42653 Solingen<\/p>\n<p><span style=\"text-decoration: underline;\">Verantwortlicher<\/span><br \/>\nS\u00f6ren Fa\u00dfbach, Dycker Str. 119, 42653 Solingen, Tel. 0212 38096517, email webmaster@buerosysteme-fassbach.de<\/p>\n<p><u>Geltungsbereich<br \/>\n<\/u>Diese Datenschutzerkl\u00e4rung soll die Nutzer*innen unserer Website, bestehende Gesch\u00e4ftspartner*innen und Interessent*innen gem\u00e4\u00df Datenschutz-Grundverordnung DSGVO, Bundesdatenschutzgesetz und Telemediengesetz \u00fcber die Art, den Umfang und den Zweck der Erhebung und Verwendung personenbezogener Daten durch S\u00f6ren Fa\u00dfbach, B\u00fcroSysteme, informieren.<\/p>\n<p>Wir nehmen den Schutz Ihrer pers\u00f6nlichen Daten sehr ernst und halten uns strikt an die Regeln der Datenschutzgesetze. Personenbezogene Daten werden nur im f\u00fcr die Vertragsabwicklung (\u00fcbliche Gesch\u00e4ftsabl\u00e4ufe) und deren Anbahnung (Anfragen, Angebote) notwendigen Umfang erhoben &#8211; dabei beschr\u00e4nken wir uns auf das m\u00f6gliche Minimum. In keinem Fall werden die erhobenen Daten verkauft oder aus werbetr\u00e4chtigen Gr\u00fcnden an Dritte weitergegeben.<br \/>\nDie nachfolgende Erkl\u00e4rung gibt Ihnen einen \u00dcberblick dar\u00fcber, wie wir diesen Schutz gew\u00e4hrleisten und welche Art von Daten zu welchem Zweck erhoben wird.<\/p>\n<p>Bedenken Sie, dass die Daten\u00fcbertragung im Internet grunds\u00e4tzlich mit Sicherheitsl\u00fccken bedacht sein kann. Ein vollumf\u00e4nglicher Schutz vor dem Zugriff durch Fremde ist nicht realisierbar.<\/p>\n<p>Als personenbezogene oder pers\u00f6nliche Daten gelten s\u00e4mtliche Informationen, welche es erm\u00f6glichen, nat\u00fcrliche Personen zu bestimmen und welche zu diesen zur\u00fcckverfolgt werden k\u00f6nnen &#8211; also beispielsweise Ihr Name, Ihre E-Mail Adresse, Anschrift\u00a0und Telefonnummer.<\/p>\n<p><u>Daten aus Kontaktformularen<\/u><br \/>\nEin Online-Kontaktformular steht auf unserer Homepage nicht zur Verf\u00fcgung. Es steht Ihnen frei, uns \u00fcber einen der auf der Unterseite &#8222;Kontakt&#8220; genannten Wege zu kontaktieren und dabei nur die Daten an uns weiterzugeben, die Sie selbst w\u00e4hlen.<\/p>\n<p><u>Umgang mit personenbezogenen Daten<br \/>\n<\/u>Wir erheben personenbezogene Daten, wenn Sie uns diese im Rahmen Ihrer Anfrage, Bestellung, w\u00e4hrend einer Vertragsabwicklung oder bei einer Kontaktaufnahme freiwillig mitteilen (z.B.\u00a0telefonisch, pers\u00f6nlich\u00a0oder E-Mail). Wir verwenden die von ihnen mitgeteilten Daten gem\u00e4\u00df Art. 6 Abs. 1 S. 1 lit. b DSGVO zur Vertragsanbahnung (Anfrage-\/Angebotsphase), Vertragsabwicklung (Erf\u00fcllungsphase) und Beantwortung Ihrer Fragen. Nach vollst\u00e4ndiger Abwicklung des Vertrages und\u00a0der steuer- und handelsrechtlichen Aufbewahrungsfristen werden Ihre Daten gel\u00f6scht, sofern Sie nicht ausdr\u00fccklich in eine weitere Nutzung Ihrer Daten eingewilligt haben oder wir uns im Rahmen des berechtigten Interesses (Art. 6 Abs. 1 lit. f DSGVO) f\u00fcr Recherchezwecke und Nachlieferungen eine dar\u00fcber hinausgehende Datenverwendung vorbehalten, die gesetzlich erlaubt ist.<\/p>\n<p><u>Datenkategorien<\/u><br \/>\nFolgende Daten zu Ihrer Person\/Firma, die Sie uns\u00a0freiwillig oder aufgrund gesetzlicher Bestimmungen \u00fcbermitteln\/nennen, erfassen und speichern wir in unserer Software zur Kontaktaufnahme, Angebots-\/Auftragsbearbeitung und Vertragsanbahnung\/Vertragserf\u00fcllung.<\/p>\n<p>(eventuell nur einige davon)<br \/>\n&#8211; Ihre Firma<br \/>\n&#8211; Ihre Anschrift<br \/>\n&#8211; Telefonnummer Ihrer Firma (Zentrale)<br \/>\n&#8211; Faxnummer Ihrer Firma (Zentrale)<br \/>\n&#8211; allgemeine email Ihrer Firma<br \/>\n&#8211; Homepage Ihrer Firma<br \/>\n&#8211; Ihre USt. ID<br \/>\n&#8211; Daten zum Zahlungsverkehr (Bankverbindung, bei Zahlungsempf\u00e4nger*innen)<\/p>\n<p>im Falle von benannten Ansprechpartner*innen zus\u00e4tzlich deren<br \/>\n&#8211;\u00a0Anrede<br \/>\n&#8211;\u00a0Vorname<br \/>\n&#8211;\u00a0Nachname<br \/>\n&#8211; Festnetznummer mit Durchwahl<br \/>\n&#8211;\u00a0Faxnummer mit Durchwahl<br \/>\n&#8211;\u00a0Mobilfunknummer<br \/>\n&#8211;\u00a0email<br \/>\n&#8211; abweichende\u00a0Anschrift (etwa Lieferanschrift)<\/p>\n<p>Ihre Daten behandeln wir vertraulich. Wir nutzen sie weder f\u00fcr Werbung (Newsletterabo und weitere Informationen mit Zustimmung ausgenommen) noch f\u00fcr analytische Zwecke.<\/p>\n<p>Sollte kein Vertragsverh\u00e4ltnis entstehen, wird der Vorgang intern abgelegt und Ihre Daten werden unsererseits nicht mehr genutzt (f\u00fcr die weitere Verwendung gesperrt oder gel\u00f6scht) \u2013 weder zur einseitigen Kontaktaufnahme noch zu Werbezwecken.<\/p>\n<p>Sollte ein Vertragsverh\u00e4ltnis entstehen, werden die Daten dem Auftrag fest zugeordnet, um eine ordentliche und rechtskonforme Durchf\u00fchrung des Vertrags zu gew\u00e4hrleisten. Hierzu werden eventuell weitere Daten (wie eine abweichende Lieferadresse, Ansprechpartner*innen vor Ort) erhoben und analog zu den bereits erfassten Daten gespeichert.<\/p>\n<p>Wir halten uns an die Vorgabe, nur kontakt-, anfrage- und auftragsrelevante Daten zu erfassen. Wir erfassen keine sensiblen Daten wie Geburtsdatum, Religionszugeh\u00f6rigkeit, medizinische Daten, biometrische Daten, ethnische Herkunft oder politische Ansichten.<\/p>\n<p><u>Datenweitergabe<\/u><br \/>\nFalls eine Lieferung oder Dienstleistung nicht durch uns selbst erfolgt, geben wir Ihre Daten zur Vertragserf\u00fcllung gem\u00e4\u00df Art. 6 Abs. 1 S. 1 lit. b DSGVO an das mit der Lieferung beauftragte Unternehmen weiter (Montageteam, Herstellerfuhrpark, Spedition, Paketdienst, etc.) soweit dies zur Lieferung bestellter Waren und Dienstleistungen erforderlich ist. Wir halten uns daran, nur die daf\u00fcr ben\u00f6tigten Daten weiterzugeben (etwa &#8222;nur die Postadresse an den Paketdienst&#8220; oder&#8220; Lieferadresse, Name, Telefonnummer und email des zust\u00e4ndigen Ansprechpartners oder der zust\u00e4ndigen Ansprechpartnerin vor Ort an Lieferfahrer oder Monteur&#8220;) .<\/p>\n<p><u>Speicherort Ihrer Daten<\/u><br \/>\nIhre Daten werden bei uns auf einem online angebundenen, nach aktuellen Standards gesch\u00fctzten (verschl\u00fcsselter Datentr\u00e4ger, Antivirensoftware, Onlineschutz, Firewall) Einzelarbeitsplatz in Deutschland gespeichert und regelm\u00e4\u00dfig verschl\u00fcsselt im Rahmen eines Systembackups gesichert. Systembackups liegen innerhalb Deutschlands und nicht in einer Cloud.<\/p>\n<p><u>Zugriffsdaten unserer Homepage<br \/>\n<\/u>Unser Seitenprovider (Ionos, 1&amp;1) erhebt Daten \u00fcber Zugriffe auf die Seite(n) unseres Internetauftritts und speichert diese als \u201eServer-Logfiles\u201c ab. Dies ist ein g\u00e4ngiges Prozedere aller Provider, das rechtlichen Grundlagen folgt. Folgende Daten werden so protokolliert (Ausnahmen und weitere m\u00f6glich):<br \/>\n\u00b7 Browsertyp\/ -version<br \/>\n\u00b7 verwendetes Betriebssystem<br \/>\n\u00b7 Referrer URL (die zuvor besuchte Seite)<br \/>\n\u00b7 Hostname des zugreifenden Rechners (IP Adresse)<br \/>\n\u00b7 Uhrzeit der Serveranfrage.<br \/>\nDiese Daten k\u00f6nnen wir als Anbieter unseres Internetauftritts nicht bestimmten Personen zuordnen. Eine Zusammenf\u00fchrung dieser Daten mit anderen Datenquellen wird nicht vorgenommen. Die Daten werden von uns nicht abgerufen, nicht gesichtet, nicht statistisch ausgewertet und automatisch gem\u00e4\u00df Servervorgabe des Seitenproviders nach einer bestimmten Zeit gel\u00f6scht. Wir als Websitebetreiber behalten uns allerdings vor, die Server-Logfiles nachtr\u00e4glich zu \u00fcberpr\u00fcfen, sollten konkrete Anhaltspunkte auf eine rechtswidrige Nutzung hinweisen (etwa auf richterliche Anordnung).<\/p>\n<p><u>Cookies<\/u><br \/>\n\u00b7 So genannte Cookies dienen dazu, Internetangebote nutzerfreundlicher, effektiver und sicherer zu machen.<br \/>\n\u00b7\u00a0 Nat\u00fcrlich werden Cookies auch zu Marketingzwecken und f\u00fcr so genanntes Tracking verwendet, aber WIR distanzieren uns deutlich davon und betreiben diese Art von Datennutzung NICHT.<br \/>\n\u00b7 Cookies sind kleine Textdateien, die auf Ihrem Rechner abgelegt werden und die Ihr Browser f\u00fcr eine bestimmte Zeit speichert. Cookies richten auf Ihrem Rechner keinen Schaden an und enthalten keine Viren.<br \/>\n\u00b7 Wir weisen Sie beim ersten Aufruf unserer Seite auf die Verwendung von Cookies, die Art der verwendeten Cookies, den Zweck und die Speicherdauer hin und bieten Ihnen die M\u00f6glichkeit, diese zu akzeptieren oder abzulehnen.<br \/>\n\u00b7\u00a0 Standardm\u00e4\u00dfig sind in der Auswahl nur notwendige Cookies aktiviert. Anderen Cookies m\u00fcssen Sie aktiv zustimmen (wobei wir andere Arten von Cookies, als notwendige, gar nicht einsetzen, auch nicht durch die Verwendung von Google Schriftarten) .<br \/>\n\u00b7 G\u00e4ngige Browser bieten die Einstellungsoption, Cookies nicht zuzulassen. Hier k\u00f6nnen Sie selbst aktiv werden.<br \/>\n\u00b7 Notwendige Cookies k\u00f6nnen nicht abgelehnt werden. Sie sind f\u00fcr den Betrieb von\u00a0 Webseiten, auch unserer und vor allem f\u00fcr das Cookiemanagement selbst n\u00f6tig und ohne sie geht es nicht. Bei uns nicht und auch bei sonst niemandem.<br \/>\n\u00b7 Wir w\u00fcrden auch auf diese notwendigen Cookies verzichten, wenn es ginge, aber wie gesagt, werden allein schon f\u00fcr das gesetzlich vorgeschriebene Cookiemanagement Cookies notwendig, etwa um den Status Ihrer Zustimmung(en) (anonym) zu speichern.<br \/>\n\u00b7 Falls Sie mit der Verwendung notwendiger Cookies nicht einverstanden sind, k\u00f6nnen Sie unseren Internetauftritt einfach verlassen, indem Sie den Browser schlie\u00dfen oder auf eine andere Seite wechseln.<br \/>\n\u00b7 Wir empfehlen zum Verlassen unserer Webseite das Schlie\u00dfen des Browsers, da bei einem Wechsel zu einer anderen Seite DIESE eventuell protokolliert, von welcher vorherigen Website Sie kommen.<br \/>\n\u00b7 Generell sind wir keine Freunde von Cookies und verzichten so weit es uns vom technischen Kenntnisstand, den technischen M\u00f6glichkeiten und den Eingriffsm\u00f6glichkeiten, die uns seitens der IT Anbieter geboten werden, m\u00f6glich ist, auf Cookies.<br \/>\n\u00b7 Hinweis: Es ist nicht gew\u00e4hrleistet, dass Sie auf alle Funktionen dieser Website ohne Einschr\u00e4nkungen zugreifen k\u00f6nnen, wenn Sie entsprechende Einstellungen vornehmen.<br \/>\n\u00b7 Weitere Infos zu Cookies auf unserer Homepage finden Sie <a href=\"https:\/\/buerosysteme-fassbach.de\/cookie-hinweise\">hier<\/a>.<\/p>\n<p><u>Soziale Medien<br \/>\n<\/u>Auf eine Verlinkung zu Sozialen Medien und auf Plug-Ins zu Sozialen Medien haben wir auf unserer Website zu Gunsten Ihrer personenbezogenen Daten verzichtet.<\/p>\n<p><u>Analysetools<\/u><br \/>\nWir setzten weder Google Analytics noch ein anders Analysetool ein.<\/p>\n<p><u>Nutzung Ihrer Daten f\u00fcr Newsletter und Onlinemarketing<\/u><br \/>\nWir bieten derzeit keinen Newsletter an. Aufgrund der zu Ihrer Person\/Firma von uns im Rahmen eines Vertrages oder dessen Anbahnung gespeicherten, personenbezogenen Daten werden Sie daher niemals von uns aus \u00fcber diese Daten zu Werbezwecken telefonisch, postalisch oder per email kontaktiert. Zum Versand eines Newsletters (wenn zu einem sp\u00e4teren Zeitpunkt angeboten) verwenden wir ausschlie\u00dflich Emailadressen von Abonnenten, die den Newsletter bestellt und uns dazu ihre Einwilligung erteilt haben oder Adressen, die keine personenbezogenen Daten enthalten und \u00f6ffentlich zug\u00e4nglich sind.<\/p>\n<p><u>Rechte des Nutzers: Auskunft, Berichtigung und L\u00f6schung<br \/>\n<\/u>Als Betroffene*r haben Sie folgende Rechte:<\/p>\n<ul>\n<li>gem\u00e4\u00df Art. 15 DSGVO das Recht, in dem dort bezeichneten Umfang Auskunft \u00fcber Ihre von uns verarbeiteten personenbezogenen Daten zu verlangen;<\/li>\n<li>gem\u00e4\u00df Art. 16 DSGVO das Recht, unverz\u00fcglich die Berichtigung unrichtiger oder Vervollst\u00e4ndigung Ihrer bei uns gespeicherten personenbezogenen Daten zu verlangen;<\/li>\n<li>gem\u00e4\u00df Art. 17 DSGVO das Recht, die L\u00f6schung Ihrer bei uns gespeicherten personenbezogenen Daten zu verlangen, soweit nicht die weitere Verarbeitung<br \/>\n&#8211; zur Aus\u00fcbung des Rechts auf freie Meinungs\u00e4u\u00dferung und Information;<br \/>\n&#8211; zur Erf\u00fcllung einer rechtlichen Verpflichtung;<br \/>\n&#8211; aus Gr\u00fcnden des \u00f6ffentlichen Interesses oder<br \/>\n&#8211; zur Geltendmachung, Aus\u00fcbung oder Verteidigung von Rechtsanspr\u00fcchen<br \/>\nerforderlich ist;<\/li>\n<li>gem\u00e4\u00df Art. 18 DSGVO das Recht, die Einschr\u00e4nkung der Verarbeitung Ihrer personenbezogenen Daten zu verlangen, soweit<br \/>\n&#8211; die Richtigkeit der Daten von Ihnen bestritten wird;<br \/>\n&#8211; die Verarbeitung unrechtm\u00e4\u00dfig ist, Sie aber deren L\u00f6schung ablehnen;<br \/>\n&#8211; wir die Daten nicht mehr ben\u00f6tigen, Sie diese jedoch zur Geltendmachung, Aus\u00fcbung oder Verteidigung von Rechtsanspr\u00fcchen ben\u00f6tigen oder<br \/>\n&#8211; Sie gem\u00e4\u00df Art. 21 DSGVO Widerspruch gegen die Verarbeitung eingelegt haben;<\/li>\n<li>gem\u00e4\u00df Art. 20 DSGVO das Recht, Ihre personenbezogenen Daten, die Sie uns bereitgestellt haben, in einem strukturierten, g\u00e4ngigen und maschinenlesebaren Format zu erhalten oder die \u00dcbermittlung an einen anderen Verantwortlichen zu verlangen;<\/li>\n<li>gem\u00e4\u00df Art. 77 DSGVO das Recht, sich bei einer Aufsichtsbeh\u00f6rde zu beschweren. In der Regel k\u00f6nnen Sie sich hierf\u00fcr an die Aufsichtsbeh\u00f6rde Ihres \u00fcblichen Aufenthaltsortes oder Arbeitsplatzes oder unseres Unternehmenssitzes wenden.<\/li>\n<\/ul>\n<p><u>\u00c4nderungen an der Datenschutzerkl\u00e4rung<\/u><strong><br \/>\n<\/strong>Diese Datenschutzerkl\u00e4rung kann von Zeit zu Zeit aktualisiert werden. Daher empfiehlt es sich, sie einzusehen, wenn Sie uns personenbezogene Daten \u00fcberlassen. Nachstehend ist das jeweils letzte \u00c4nderungsdatum angegeben. Wenn Sie diese \u00c4nderungen nicht akzeptieren, m\u00f6chten wir Sie bitten, uns dies mitzuteilen. Ihre Rechte als Betroffene*r insbesondere auf Auskunft, Berichtigung, L\u00f6schung oder Sperrung nach Ma\u00dfgabe der geltenden Datenschutzgesetze, insbesondere der \u00a7\u00a7 34, 35 BDSG bleiben selbstverst\u00e4ndlich unber\u00fchrt.<\/p>\n<p>Aktueller \u00c4nderungsstand: 13.10.2020<\/p>\n","protected":false},"excerpt":{"rendered":"<p>Datenschutzerkl\u00e4rung von S\u00f6ren Fa\u00dfbach, B\u00fcroSysteme, Dycker Str. 119, 42653 Solingen Verantwortlicher S\u00f6ren Fa\u00dfbach, Dycker Str. 119, 42653 Solingen, Tel. 0212 38096517, email webmaster@buerosysteme-fassbach.de Geltungsbereich Diese Datenschutzerkl\u00e4rung soll die Nutzer*innen unserer Website, bestehende Gesch\u00e4ftspartner*innen und Interessent*innen gem\u00e4\u00df Datenschutz-Grundverordnung DSGVO, Bundesdatenschutzgesetz und <span class=\"excerpt-dots\">&hellip;<\/span> <a class=\"more-link\" href=\"https:\/\/buerosysteme-fassbach.de\/?page_id=85\"><span class=\"more-msg\">Weiterlesen &rarr;<\/span><\/a><\/p>\n","protected":false},"author":1,"featured_media":0,"parent":0,"menu_order":0,"comment_status":"closed","ping_status":"closed","template":"","meta":{"footnotes":""},"class_list":["post-85","page","type-page","status-publish","hentry"],"_links":{"self":[{"href":"https:\/\/buerosysteme-fassbach.de\/index.php?rest_route=\/wp\/v2\/pages\/85","targetHints":{"allow":["GET"]}}],"collection":[{"href":"https:\/\/buerosysteme-fassbach.de\/index.php?rest_route=\/wp\/v2\/pages"}],"about":[{"href":"https:\/\/buerosysteme-fassbach.de\/index.php?rest_route=\/wp\/v2\/types\/page"}],"author":[{"embeddable":true,"href":"https:\/\/buerosysteme-fassbach.de\/index.php?rest_route=\/wp\/v2\/users\/1"}],"replies":[{"embeddable":true,"href":"https:\/\/buerosysteme-fassbach.de\/index.php?rest_route=%2Fwp%2Fv2%2Fcomments&post=85"}],"version-history":[{"count":50,"href":"https:\/\/buerosysteme-fassbach.de\/index.php?rest_route=\/wp\/v2\/pages\/85\/revisions"}],"predecessor-version":[{"id":1698,"href":"https:\/\/buerosysteme-fassbach.de\/index.php?rest_route=\/wp\/v2\/pages\/85\/revisions\/1698"}],"wp:attachment":[{"href":"https:\/\/buerosysteme-fassbach.de\/index.php?rest_route=%2Fwp%2Fv2%2Fmedia&parent=85"}],"curies":[{"name":"wp","href":"https:\/\/api.w.org\/{rel}","templated":true}]}}