{"id":827,"date":"2020-03-20T14:06:00","date_gmt":"2020-03-20T14:06:00","guid":{"rendered":"https:\/\/buerosysteme-fassbach.de\/?page_id=827"},"modified":"2023-01-31T22:19:13","modified_gmt":"2023-01-31T22:19:13","slug":"homeoffice","status":"publish","type":"page","link":"https:\/\/buerosysteme-fassbach.de\/?page_id=827","title":{"rendered":"homeoffice &#038; remote working"},"content":{"rendered":"<p><strong>HOMEOFFICE<\/strong> &#8211; das Thema betrifft l\u00e4ngst nicht mehr nur die Eind\u00e4mmung der Verbreitung des Coronavirus sondern hat Arbeitgeber*innen und Arbeitnehme*innen dazu angeregt, sich immer zukunftsorientierter damit zu besch\u00e4ftigen.<br \/>\n&#8222;home office&#8220;,\u00a0 &#8222;mobile working&#8220; oder &#8222;agile working&#8220; &#8211; zusammengefasst unter dem Sammelbegriff &#8222;<strong>remote working<\/strong>&#8220; &#8211; sind Trends, die sich \u00fcber kurz oder lang mit Sicherheit stark ver\u00e4ndern und anpassen werden. Wir sind dabei!<\/p>\n<p>Als B\u00fcroeinrichter geht es uns nicht nur um die \u00fcblichen Arbeitsumgebungen, wie Einzel-\/Doppelb\u00fcro, Gro\u00dfraum, desksharing, etc., sondern auch um den kleineren, h\u00e4uslichen und den mobilen Bereich.<\/p>\n<p><img loading=\"lazy\" decoding=\"async\" class=\"wp-image-861 alignleft\" src=\"https:\/\/buerosysteme-fassbach.de\/wp-content\/uploads\/2020\/03\/01-300x169.jpg\" alt=\"\" width=\"195\" height=\"110\" srcset=\"https:\/\/buerosysteme-fassbach.de\/wp-content\/uploads\/2020\/03\/01-300x169.jpg 300w, https:\/\/buerosysteme-fassbach.de\/wp-content\/uploads\/2020\/03\/01-1024x576.jpg 1024w, https:\/\/buerosysteme-fassbach.de\/wp-content\/uploads\/2020\/03\/01-768x432.jpg 768w, https:\/\/buerosysteme-fassbach.de\/wp-content\/uploads\/2020\/03\/01-1536x864.jpg 1536w, https:\/\/buerosysteme-fassbach.de\/wp-content\/uploads\/2020\/03\/01.jpg 1920w\" sizes=\"auto, (max-width: 195px) 100vw, 195px\" \/><\/p>\n<p><img loading=\"lazy\" decoding=\"async\" class=\"wp-image-862 alignleft\" src=\"https:\/\/buerosysteme-fassbach.de\/wp-content\/uploads\/2020\/03\/02-300x169.jpg\" alt=\"\" width=\"195\" height=\"110\" srcset=\"https:\/\/buerosysteme-fassbach.de\/wp-content\/uploads\/2020\/03\/02-300x169.jpg 300w, https:\/\/buerosysteme-fassbach.de\/wp-content\/uploads\/2020\/03\/02-1024x576.jpg 1024w, https:\/\/buerosysteme-fassbach.de\/wp-content\/uploads\/2020\/03\/02-768x432.jpg 768w, https:\/\/buerosysteme-fassbach.de\/wp-content\/uploads\/2020\/03\/02-1536x864.jpg 1536w, https:\/\/buerosysteme-fassbach.de\/wp-content\/uploads\/2020\/03\/02.jpg 1920w\" sizes=\"auto, (max-width: 195px) 100vw, 195px\" \/> <img loading=\"lazy\" decoding=\"async\" class=\"wp-image-863 alignleft\" src=\"https:\/\/buerosysteme-fassbach.de\/wp-content\/uploads\/2020\/03\/03-300x169.jpg\" alt=\"\" width=\"195\" height=\"110\" srcset=\"https:\/\/buerosysteme-fassbach.de\/wp-content\/uploads\/2020\/03\/03-300x169.jpg 300w, https:\/\/buerosysteme-fassbach.de\/wp-content\/uploads\/2020\/03\/03-1024x576.jpg 1024w, https:\/\/buerosysteme-fassbach.de\/wp-content\/uploads\/2020\/03\/03-768x432.jpg 768w, https:\/\/buerosysteme-fassbach.de\/wp-content\/uploads\/2020\/03\/03-1536x864.jpg 1536w, https:\/\/buerosysteme-fassbach.de\/wp-content\/uploads\/2020\/03\/03.jpg 1920w\" sizes=\"auto, (max-width: 195px) 100vw, 195px\" \/> <img loading=\"lazy\" decoding=\"async\" class=\"wp-image-864 alignleft\" src=\"https:\/\/buerosysteme-fassbach.de\/wp-content\/uploads\/2020\/03\/04-300x169.jpg\" alt=\"\" width=\"195\" height=\"110\" srcset=\"https:\/\/buerosysteme-fassbach.de\/wp-content\/uploads\/2020\/03\/04-300x169.jpg 300w, https:\/\/buerosysteme-fassbach.de\/wp-content\/uploads\/2020\/03\/04-1024x576.jpg 1024w, https:\/\/buerosysteme-fassbach.de\/wp-content\/uploads\/2020\/03\/04-768x432.jpg 768w, https:\/\/buerosysteme-fassbach.de\/wp-content\/uploads\/2020\/03\/04-1536x864.jpg 1536w, https:\/\/buerosysteme-fassbach.de\/wp-content\/uploads\/2020\/03\/04.jpg 1920w\" sizes=\"auto, (max-width: 195px) 100vw, 195px\" \/><\/p>\n<p>&nbsp;<\/p>\n<p><strong>CAD Planung homeoffice<\/strong><\/p>\n<p>&nbsp;<\/p>\n<hr \/>\n<p>&nbsp;<\/p>\n<p><a href=\"https:\/\/buerosysteme-fassbach.de\/wp-content\/uploads\/2020\/11\/fm_Homeoffice-10.2020-.pdf\" target=\"_blank\" rel=\"noopener noreferrer\"> <strong>fm Homeoffice Prospekt<\/strong><\/a><a href=\"https:\/\/buerosysteme-fassbach.de\/wp-content\/uploads\/2020\/11\/fm_Homeoffice-10.2020-.pdf\" target=\"_blank\" rel=\"noopener noreferrer\"><img loading=\"lazy\" decoding=\"async\" class=\"alignleft wp-image-1088 size-medium\" src=\"https:\/\/buerosysteme-fassbach.de\/wp-content\/uploads\/2020\/11\/fm_ho_vorne-211x300.jpg\" alt=\"\" width=\"211\" height=\"300\" srcset=\"https:\/\/buerosysteme-fassbach.de\/wp-content\/uploads\/2020\/11\/fm_ho_vorne-211x300.jpg 211w, https:\/\/buerosysteme-fassbach.de\/wp-content\/uploads\/2020\/11\/fm_ho_vorne-721x1024.jpg 721w, https:\/\/buerosysteme-fassbach.de\/wp-content\/uploads\/2020\/11\/fm_ho_vorne-768x1090.jpg 768w, https:\/\/buerosysteme-fassbach.de\/wp-content\/uploads\/2020\/11\/fm_ho_vorne-1082x1536.jpg 1082w, https:\/\/buerosysteme-fassbach.de\/wp-content\/uploads\/2020\/11\/fm_ho_vorne.jpg 1180w\" sizes=\"auto, (max-width: 211px) 100vw, 211px\" \/><\/a><\/p>\n<p>&nbsp;<\/p>\n<p>&nbsp;<\/p>\n<p>&nbsp;<\/p>\n<p>&nbsp;<\/p>\n<p>&nbsp;<\/p>\n<p>&nbsp;<\/p>\n<p>&nbsp;<\/p>\n<p>&nbsp;<\/p>\n<hr \/>\n<p><strong>Gestaltungsfreiheit nach IHREM Geschmack<\/strong><br \/>\nUnsere Herstellerfirmen bieten f\u00fcrs homeoffice alles erdenkliche Mobiliar und wir planen gern mit CAD und Beratung den Arbeitsplatz in Ihren eigenen 4 W\u00e4nden &#8211; zumal Sie es sich hier ja auch ganz nach Ihrem Geschmack nett machen k\u00f6nnen.<\/p>\n<hr \/>\n<p><strong>Inspirationen<\/strong><br \/>\n(neue) Produkte f\u00fcrs homeoffice und remote working<\/p>\n<p>Neuheiten von Sedus<br \/>\n<a href=\"https:\/\/www.sedus.com\/de\/produkte\/details\/secretair-home\/\" target=\"_blank\" rel=\"noopener noreferrer\"><img loading=\"lazy\" decoding=\"async\" class=\"alignnone wp-image-1064\" src=\"https:\/\/buerosysteme-fassbach.de\/wp-content\/uploads\/2020\/11\/secretair01-206x300.jpg\" alt=\"\" width=\"137\" height=\"200\" srcset=\"https:\/\/buerosysteme-fassbach.de\/wp-content\/uploads\/2020\/11\/secretair01-206x300.jpg 206w, https:\/\/buerosysteme-fassbach.de\/wp-content\/uploads\/2020\/11\/secretair01.jpg 657w\" sizes=\"auto, (max-width: 137px) 100vw, 137px\" \/><\/a> <a href=\"https:\/\/www.sedus.com\/de\/produkte\/details\/secretair-home\/\" target=\"_blank\" rel=\"noopener noreferrer\"><img loading=\"lazy\" decoding=\"async\" class=\"alignnone wp-image-1065\" src=\"https:\/\/buerosysteme-fassbach.de\/wp-content\/uploads\/2020\/11\/secretair02-300x268.jpg\" alt=\"\" width=\"224\" height=\"200\" srcset=\"https:\/\/buerosysteme-fassbach.de\/wp-content\/uploads\/2020\/11\/secretair02-300x268.jpg 300w, https:\/\/buerosysteme-fassbach.de\/wp-content\/uploads\/2020\/11\/secretair02-1024x915.jpg 1024w, https:\/\/buerosysteme-fassbach.de\/wp-content\/uploads\/2020\/11\/secretair02-768x686.jpg 768w, https:\/\/buerosysteme-fassbach.de\/wp-content\/uploads\/2020\/11\/secretair02-1536x1372.jpg 1536w, https:\/\/buerosysteme-fassbach.de\/wp-content\/uploads\/2020\/11\/secretair02.jpg 1573w\" sizes=\"auto, (max-width: 224px) 100vw, 224px\" \/> <\/a><a href=\"https:\/\/agile-working.sedus.com\/de\/senote\" target=\"_blank\" rel=\"noopener noreferrer\"><img loading=\"lazy\" decoding=\"async\" class=\"alignnone wp-image-1068\" src=\"https:\/\/buerosysteme-fassbach.de\/wp-content\/uploads\/2020\/11\/sn01-241x300.jpg\" alt=\"\" width=\"161\" height=\"200\" srcset=\"https:\/\/buerosysteme-fassbach.de\/wp-content\/uploads\/2020\/11\/sn01-241x300.jpg 241w, https:\/\/buerosysteme-fassbach.de\/wp-content\/uploads\/2020\/11\/sn01.jpg 331w\" sizes=\"auto, (max-width: 161px) 100vw, 161px\" \/> <\/a><a href=\"https:\/\/agile-working.sedus.com\/de\/senote\" target=\"_blank\" rel=\"noopener noreferrer\"><img loading=\"lazy\" decoding=\"async\" class=\"alignnone wp-image-1069\" src=\"https:\/\/buerosysteme-fassbach.de\/wp-content\/uploads\/2020\/11\/sn02-207x300.jpg\" alt=\"\" width=\"138\" height=\"200\" srcset=\"https:\/\/buerosysteme-fassbach.de\/wp-content\/uploads\/2020\/11\/sn02-207x300.jpg 207w, https:\/\/buerosysteme-fassbach.de\/wp-content\/uploads\/2020\/11\/sn02-706x1024.jpg 706w, https:\/\/buerosysteme-fassbach.de\/wp-content\/uploads\/2020\/11\/sn02-768x1114.jpg 768w, https:\/\/buerosysteme-fassbach.de\/wp-content\/uploads\/2020\/11\/sn02-1059x1536.jpg 1059w, https:\/\/buerosysteme-fassbach.de\/wp-content\/uploads\/2020\/11\/sn02.jpg 1231w\" sizes=\"auto, (max-width: 138px) 100vw, 138px\" \/><\/a><\/p>\n<p>&nbsp;<\/p>\n<p>Vario M1<br \/>\n<a href=\"https:\/\/www.vario.com\/#Produktfamilien-M1\" target=\"_blank\" rel=\"noopener noreferrer\"><img loading=\"lazy\" decoding=\"async\" class=\"alignnone wp-image-1071\" src=\"https:\/\/buerosysteme-fassbach.de\/wp-content\/uploads\/2020\/11\/m1-300x135.jpg\" alt=\"\" width=\"443\" height=\"200\" srcset=\"https:\/\/buerosysteme-fassbach.de\/wp-content\/uploads\/2020\/11\/m1-300x135.jpg 300w, https:\/\/buerosysteme-fassbach.de\/wp-content\/uploads\/2020\/11\/m1-1024x462.jpg 1024w, https:\/\/buerosysteme-fassbach.de\/wp-content\/uploads\/2020\/11\/m1-768x347.jpg 768w, https:\/\/buerosysteme-fassbach.de\/wp-content\/uploads\/2020\/11\/m1-1536x693.jpg 1536w, https:\/\/buerosysteme-fassbach.de\/wp-content\/uploads\/2020\/11\/m1-2048x924.jpg 2048w\" sizes=\"auto, (max-width: 443px) 100vw, 443px\" \/><\/a><\/p>\n<p style=\"text-align: left;\">Wilkhahn Fold-Up-Workspace | Das office im Kleidersack<br \/>\n<a href=\"https:\/\/www.wilkhahn.com\/de\/produkte\/konferenzstuehle-und-weitere-sitzmoebel\/fold-up-workspace\" target=\"_blank\" rel=\"noopener noreferrer\"><img loading=\"lazy\" decoding=\"async\" class=\"alignnone wp-image-1079\" src=\"https:\/\/buerosysteme-fassbach.de\/wp-content\/uploads\/2020\/11\/005500_WH_Fold-Up-Workspace_2020-300x230.jpg\" alt=\"\" width=\"294\" height=\"225\" srcset=\"https:\/\/buerosysteme-fassbach.de\/wp-content\/uploads\/2020\/11\/005500_WH_Fold-Up-Workspace_2020-300x230.jpg 300w, https:\/\/buerosysteme-fassbach.de\/wp-content\/uploads\/2020\/11\/005500_WH_Fold-Up-Workspace_2020-1024x784.jpg 1024w, https:\/\/buerosysteme-fassbach.de\/wp-content\/uploads\/2020\/11\/005500_WH_Fold-Up-Workspace_2020-768x588.jpg 768w, https:\/\/buerosysteme-fassbach.de\/wp-content\/uploads\/2020\/11\/005500_WH_Fold-Up-Workspace_2020-1536x1176.jpg 1536w, https:\/\/buerosysteme-fassbach.de\/wp-content\/uploads\/2020\/11\/005500_WH_Fold-Up-Workspace_2020.jpg 1700w\" sizes=\"auto, (max-width: 294px) 100vw, 294px\" \/><\/a> <a href=\"https:\/\/www.wilkhahn.com\/de\/produkte\/konferenzstuehle-und-weitere-sitzmoebel\/fold-up-workspace\" target=\"_blank\" rel=\"noopener noreferrer\"><img loading=\"lazy\" decoding=\"async\" class=\"alignnone wp-image-1080 size-medium\" src=\"https:\/\/buerosysteme-fassbach.de\/wp-content\/uploads\/2020\/11\/005504_WH_Fold-Up-Workspace_2020-300x225.jpg\" alt=\"\" width=\"300\" height=\"225\" srcset=\"https:\/\/buerosysteme-fassbach.de\/wp-content\/uploads\/2020\/11\/005504_WH_Fold-Up-Workspace_2020-300x225.jpg 300w, https:\/\/buerosysteme-fassbach.de\/wp-content\/uploads\/2020\/11\/005504_WH_Fold-Up-Workspace_2020-1024x768.jpg 1024w, https:\/\/buerosysteme-fassbach.de\/wp-content\/uploads\/2020\/11\/005504_WH_Fold-Up-Workspace_2020-768x576.jpg 768w, https:\/\/buerosysteme-fassbach.de\/wp-content\/uploads\/2020\/11\/005504_WH_Fold-Up-Workspace_2020-1536x1152.jpg 1536w, https:\/\/buerosysteme-fassbach.de\/wp-content\/uploads\/2020\/11\/005504_WH_Fold-Up-Workspace_2020.jpg 1700w\" sizes=\"auto, (max-width: 300px) 100vw, 300px\" \/><\/a> <a href=\"https:\/\/www.wilkhahn.com\/de\/produkte\/konferenzstuehle-und-weitere-sitzmoebel\/fold-up-workspace\" target=\"_blank\" rel=\"noopener noreferrer\"><img loading=\"lazy\" decoding=\"async\" class=\"alignnone wp-image-1081 size-medium\" src=\"https:\/\/buerosysteme-fassbach.de\/wp-content\/uploads\/2020\/11\/005512_WH_Fold-Up-Workspace_2020-300x225.jpg\" alt=\"\" width=\"300\" height=\"225\" srcset=\"https:\/\/buerosysteme-fassbach.de\/wp-content\/uploads\/2020\/11\/005512_WH_Fold-Up-Workspace_2020-300x225.jpg 300w, https:\/\/buerosysteme-fassbach.de\/wp-content\/uploads\/2020\/11\/005512_WH_Fold-Up-Workspace_2020-1024x768.jpg 1024w, https:\/\/buerosysteme-fassbach.de\/wp-content\/uploads\/2020\/11\/005512_WH_Fold-Up-Workspace_2020-768x576.jpg 768w, https:\/\/buerosysteme-fassbach.de\/wp-content\/uploads\/2020\/11\/005512_WH_Fold-Up-Workspace_2020-1536x1152.jpg 1536w, https:\/\/buerosysteme-fassbach.de\/wp-content\/uploads\/2020\/11\/005512_WH_Fold-Up-Workspace_2020.jpg 1700w\" sizes=\"auto, (max-width: 300px) 100vw, 300px\" \/><\/a> <a href=\"https:\/\/www.wilkhahn.com\/de\/produkte\/konferenzstuehle-und-weitere-sitzmoebel\/fold-up-workspace\" target=\"_blank\" rel=\"noopener noreferrer\"><img loading=\"lazy\" decoding=\"async\" class=\"alignnone size-medium wp-image-1082\" src=\"https:\/\/buerosysteme-fassbach.de\/wp-content\/uploads\/2020\/11\/005513_WH_Fold-Up-Workspace_2020-300x225.jpg\" alt=\"\" width=\"300\" height=\"225\" srcset=\"https:\/\/buerosysteme-fassbach.de\/wp-content\/uploads\/2020\/11\/005513_WH_Fold-Up-Workspace_2020-300x225.jpg 300w, https:\/\/buerosysteme-fassbach.de\/wp-content\/uploads\/2020\/11\/005513_WH_Fold-Up-Workspace_2020-1024x768.jpg 1024w, https:\/\/buerosysteme-fassbach.de\/wp-content\/uploads\/2020\/11\/005513_WH_Fold-Up-Workspace_2020-768x576.jpg 768w, https:\/\/buerosysteme-fassbach.de\/wp-content\/uploads\/2020\/11\/005513_WH_Fold-Up-Workspace_2020-1536x1152.jpg 1536w, https:\/\/buerosysteme-fassbach.de\/wp-content\/uploads\/2020\/11\/005513_WH_Fold-Up-Workspace_2020.jpg 1700w\" sizes=\"auto, (max-width: 300px) 100vw, 300px\" \/><\/a><br \/>\nmehr dazu in einem interessanten <a href=\"https:\/\/www.wilkhahn.com\/en\/blog\/fold-up-workspace-office\/?lang=de&amp;utm_content=NL&amp;utm_source=Newsletter&amp;utm_medium=Link&amp;utm_campaign=Newsletter\" target=\"_blank\" rel=\"noopener noreferrer\">Blog<\/a><\/p>\n<hr \/>\n<p><strong>Wenn es schnell gehen muss<\/strong><br \/>\nPlanung, Beratung und Angebot brauchen Zeit und m\u00f6glicherweise den ein oder anderen Termin (pers\u00f6nlich oder digital). Au\u00dferdem gibt es \u00fcblicherweise Lieferzeiten von ca. 4-6 Wochen f\u00fcr individuell konfigurierte M\u00f6bel&#8230; Daher haben wir uns f\u00fcr Sie umgesehen und k\u00f6nnen Ihnen eine Auswahl an Artikeln, die f\u00fcr genau diesen Bereich h\u00e4ufig ben\u00f6tigt werden, mit verk\u00fcrzter Lieferzeit anbieten.<\/p>\n<p><a href=\"https:\/\/buerosysteme-fassbach.de\/wp-content\/uploads\/2020\/03\/fastline_Prospekt.pdf\" target=\"_blank\" rel=\"noopener noreferrer\"><img loading=\"lazy\" decoding=\"async\" class=\"alignleft wp-image-829\" src=\"https:\/\/buerosysteme-fassbach.de\/wp-content\/uploads\/2020\/03\/fastline-210x300.jpg\" alt=\"\" width=\"149\" height=\"208\" \/><\/a><\/p>\n<p>&nbsp;<\/p>\n<p><a href=\"https:\/\/buerosysteme-fassbach.de\/wp-content\/uploads\/2020\/03\/fastline_Prospekt.pdf\" target=\"_blank\" rel=\"noopener noreferrer\">fm fastline<\/a><\/p>\n<ul>\n<li>B\u00fcrom\u00f6bel und St\u00fchle<\/li>\n<li>Lieferzeit ca. 10 &#8211; 15 Tage<\/li>\n<\/ul>\n<p>&nbsp;<\/p>\n<p>&nbsp;<\/p>\n<p>&nbsp;<\/p>\n<hr \/>\n<p>Wie bereits erw\u00e4hnt, erstellen wir Ihnen gern eine Raumplanung und ein passendes Angebot. Daf\u00fcr ist es sehr hilfreich, wenn Sie uns eine bema\u00dfte Skizze, ein paar Fotos oder ein Video des Raumes und Ihre Vorstellungen schicken &#8211; am besten per email und einem Telefonat.<\/p>\n<p>Wir bestellen die gew\u00fcnschten Artikel auftragsbezogen f\u00fcr Sie und betreiben keine Lagerhaltung, die nur einen minimalen Bruchteil der M\u00f6glichkeiten abdecken kann. Dadurch haben unsere Kund*innen eine deutlich gr\u00f6\u00dfere Auswahl und je nach Wahl trotzdem eine verk\u00fcrzte Lieferzeit.<\/p>\n<hr \/>\n<p><strong>Was Sie beim Thema Homeoffice beachten sollten.<\/strong><br \/>\n&#8222;Einfach zu Hause bleiben und dort auf dem Notebook oder heimischen PC ins Firmennetzwerk einloggen, Rufnummer vom B\u00fcro umleiten und los gehts&#8230;&#8220;<br \/>\nSo stellen sich viele das vor. Aber auch hier gilt es, gewisse Regeln einzuhalten. Der Arbeitgeber muss dem Ganzen zustimmen und eine klare Anweisung geben, die Sie nicht nur dazu berechtigt, von zu Hause aus zu arbeiten, sondern auch die Datenschutzma\u00dfnahmen mit Ihnen festlegt. Es kann sogar soweit gehen, dass zwischen Ihnen, Ihrem Arbeitgeber und Ihrem privaten Telekommunikationsanbieter ein so genannter &#8222;Auftragsdatenverarbeitungsvertrag&#8220; geschlossen werden muss, der alle Seiten in Hinsicht auf den Datenschutz absichert. Auch reicht es nicht, &#8222;irgendwo&#8220; in der Wohnung zu arbeiten. F\u00fcr einen Heimarbeitsplatz muss in der Regel hinsichtlich des Datenschutzes ein abschlie\u00dfbarer Raum genutzt werden. Dokumente und Datentr\u00e4ger, die personenbezogene oder andere sensible Daten enthalten, m\u00fcssen zus\u00e4tzlich in einem abschlie\u00dfbaren Beh\u00e4ltnis (Schrank, Schublade, Tresor) aufbewahrt werden, wenn Sie nicht im Raum sind. Solche Daten sind grunds\u00e4tzlich vor der Zug\u00e4nglichkeit durch Dritte, auch Familienmitgliedern, zu sch\u00fctzen. Achten Sie deshalb darauf, dass Ihre M\u00f6bel abschlie\u00dfbar sind. Nicht mehr ben\u00f6tigte Dokumente m\u00fcssen zu Hause genau so, wie im B\u00fcro, nach jeweiligem Standard vernichtet werden &#8211; hierf\u00fcr bieten wir Ihnen passende<a href=\"https:\/\/www.ideal.de\/de\/aktenvernichter\/\" target=\"_blank\" rel=\"noopener noreferrer\"> Aktenvernichter<\/a> an.<br \/>\nBesonders wichtig ist es nat\u00fcrlich, auch zu Hause gut zu sitzen &#8211; also einen tauglichen B\u00fcrodrehstuhl zu verwenden.<br \/>\nMehr dazu und unter welchen Umst\u00e4nden das Homeoffice von der Steuer absetzbar ist, finden Sie massenhaft bei einer Internetrecherche.<\/p>\n<p>Weitere Beispiele f\u00fcr schnell lieferbare Artikel<\/p>\n<p><img loading=\"lazy\" decoding=\"async\" class=\"alignnone wp-image-838\" src=\"https:\/\/buerosysteme-fassbach.de\/wp-content\/uploads\/2020\/03\/vario_home-scaled.jpg\" alt=\"\" width=\"650\" height=\"373\" \/><\/p>\n<p><img loading=\"lazy\" decoding=\"async\" class=\"alignnone wp-image-849 \" src=\"https:\/\/buerosysteme-fassbach.de\/wp-content\/uploads\/2020\/03\/wilkhahn_home-scaled.jpg\" alt=\"\" width=\"650\" height=\"370\" \/><\/p>\n<p>Einen interessanten <a href=\"https:\/\/blog.wilkhahn.com\/at-home-2020\/?lang=de\" target=\"_blank\" rel=\"noopener noreferrer\"><strong>Blog<\/strong><\/a> unseres Herstellers WILKHAHN mit Antworten auf Fragen zum Thema HOMEOFFICE finden Sie <strong><a href=\"https:\/\/blog.wilkhahn.com\/at-home-2020\/?lang=de\" target=\"_blank\" rel=\"noopener noreferrer\">hier<\/a><\/strong>.<\/p>\n","protected":false},"excerpt":{"rendered":"<p>HOMEOFFICE &#8211; das Thema betrifft l\u00e4ngst nicht mehr nur die Eind\u00e4mmung der Verbreitung des Coronavirus sondern hat Arbeitgeber*innen und Arbeitnehme*innen dazu angeregt, sich immer zukunftsorientierter damit zu besch\u00e4ftigen. &#8222;home office&#8220;,\u00a0 &#8222;mobile working&#8220; oder &#8222;agile working&#8220; &#8211; zusammengefasst unter dem Sammelbegriff <span class=\"excerpt-dots\">&hellip;<\/span> <a class=\"more-link\" href=\"https:\/\/buerosysteme-fassbach.de\/?page_id=827\"><span class=\"more-msg\">Weiterlesen &rarr;<\/span><\/a><\/p>\n","protected":false},"author":1,"featured_media":0,"parent":0,"menu_order":0,"comment_status":"closed","ping_status":"closed","template":"","meta":{"footnotes":""},"class_list":["post-827","page","type-page","status-publish","hentry"],"_links":{"self":[{"href":"https:\/\/buerosysteme-fassbach.de\/index.php?rest_route=\/wp\/v2\/pages\/827","targetHints":{"allow":["GET"]}}],"collection":[{"href":"https:\/\/buerosysteme-fassbach.de\/index.php?rest_route=\/wp\/v2\/pages"}],"about":[{"href":"https:\/\/buerosysteme-fassbach.de\/index.php?rest_route=\/wp\/v2\/types\/page"}],"author":[{"embeddable":true,"href":"https:\/\/buerosysteme-fassbach.de\/index.php?rest_route=\/wp\/v2\/users\/1"}],"replies":[{"embeddable":true,"href":"https:\/\/buerosysteme-fassbach.de\/index.php?rest_route=%2Fwp%2Fv2%2Fcomments&post=827"}],"version-history":[{"count":49,"href":"https:\/\/buerosysteme-fassbach.de\/index.php?rest_route=\/wp\/v2\/pages\/827\/revisions"}],"predecessor-version":[{"id":1570,"href":"https:\/\/buerosysteme-fassbach.de\/index.php?rest_route=\/wp\/v2\/pages\/827\/revisions\/1570"}],"wp:attachment":[{"href":"https:\/\/buerosysteme-fassbach.de\/index.php?rest_route=%2Fwp%2Fv2%2Fmedia&parent=827"}],"curies":[{"name":"wp","href":"https:\/\/api.w.org\/{rel}","templated":true}]}}