{"id":82,"date":"2016-11-12T15:00:29","date_gmt":"2016-11-12T15:00:29","guid":{"rendered":"http:\/\/buerosysteme-fassbach.de\/?page_id=82"},"modified":"2024-02-27T11:16:32","modified_gmt":"2024-02-27T11:16:32","slug":"faq","status":"publish","type":"page","link":"https:\/\/buerosysteme-fassbach.de\/?page_id=82","title":{"rendered":"FAQ"},"content":{"rendered":"<p><strong>H\u00e4ufig gestellte Fragen<\/strong><br \/>\nWir tun unser Bestes, um den Besucher*innen unserer Website die wichtigsten Informationen \u00fcber uns zu geben. Aus diesem Grund haben wir eine Liste h\u00e4ufig gestellter Fragen zusammengestellt. Wenn Sie die Antwort auf Ihre Frage hier nicht finden, kontaktieren Sie uns einfach.<\/p>\n<p><span style=\"text-decoration: underline;\"><strong>PRODUKTE ALLGEMEIN<\/strong><\/span><br \/>\n<strong>Frage<\/strong><br \/>\nVerkaufen Sie auch B\u00fcromaschinen und Zubeh\u00f6r, etwa Drucker, Toner oder B\u00fcrobedarf wie Stifte?<br \/>\n<strong>Antwort<\/strong><br \/>\nNein. Wir haben uns auf den Bereich der Einrichtung spezialisiert. Gern nennen wir Ihnen auf Wunsch unsere Partnerunternehmen.<\/p>\n<p><strong>Frage<\/strong><br \/>\nAber in meinem Telefonverzeichnis sind Sie doch unter \u201cB\u00fcrobedarf\u201d zu finden&#8230;<br \/>\n<strong>Antwort<\/strong><br \/>\nStimmt! Hier hatte ein Verlag uns falsch eingetragen. Wir haben seinerzeit die \u00c4nderung veranlasst und hoffen, nun korrekt unter \u201cB\u00fcroeinrichtungen\u201d gefunden zu werden. Leider tauchen viele Firmen (wir auch) in einigen nicht autorisierten Verzeichnissen auf, die ungefragt Daten sammeln und ver\u00f6ffentlichen. Hierauf haben wir leider keinen Einfluss.<\/p>\n<p><strong>Frage<\/strong><br \/>\nIch suche ein ganz bestimmtes M\u00f6belst\u00fcck oder einen bestimmten Stuhl, finde aber auf Ihrer Homepage keinen Hinweis darauf. Soll ich trotzdem anfragen?<br \/>\n<strong>Antwort<\/strong><br \/>\nAuf jeden Fall. Wir versuchen gern, auch Artikel au\u00dferhalb unserer feinen Auswahl an Hauptlieferanten zu besorgen.<\/p>\n<p><span style=\"text-decoration: underline;\"><strong>KUNDENDIENST UND REPARATUREN<\/strong><\/span><br \/>\n<strong>Frage<\/strong><br \/>\nReparieren Sie auch M\u00f6bel und St\u00fchle, die nicht in Ihrem Sortiment enthalten sind?<br \/>\n<strong>Antwort<\/strong><br \/>\nNach M\u00f6glichkeit ja. Eine Anfrage ist es jedenfalls wert.<\/p>\n<p><span style=\"text-decoration: underline;\"><strong>VERKAUF<\/strong><\/span><br \/>\n<strong>Frage<\/strong><br \/>\nIch m\u00f6chte mein B\u00fcro neu einrichten. Sind CAD Planung und Angebot bei Ihnen kostenlos oder muss ich diese bezahlen, wenn ich anderswo kaufe?<br \/>\n<strong>Antwort<\/strong><br \/>\nPlanungen und Angebote erstellen wir kostenlos bei seri\u00f6sen Anfragen aus dem Umkreis von Solingen und nach R\u00fccksprache auch von weiter weg. Wir bitten jedoch aus Fairnessgr\u00fcnden, unsere Planungen und Angebote zum Preisvergleich nicht bei unseren Mitbewerbern vorzulegen. Darin steckt bereits viel im Voraus geleistete Arbeit, die einen geldwerten Vorteil f\u00fcr Sie darstellt. Planungsleistungen f\u00fcr reine Umz\u00fcge oder bei denen klar ist, dass daraus kein Auftrag entsteht, bieten wir auf Wunsch gegen Berechnung an. Bei Anfragen au\u00dferhalb unseres Gebiets empfehlen wir Ihnen gern Kolleg*innen in Ihrem Umkreis.<\/p>\n<p><strong>Frage<\/strong><br \/>\nHaben Sie einen Onlineshop?<br \/>\n<strong>Antwort<\/strong><br \/>\nNein &#8211; auch, wenn wir immer wieder damit lieb\u00e4ugeln.<br \/>\nDie Produktvielfalt ist einfach zu gro\u00df, als dass wir sie in einem Shop darstellen oder gar anbieten k\u00f6nnten. Die Erfahrung zeigt, dass unsere Kund*innen ihre M\u00f6bel und St\u00fchle lieber ganz individuell zusammenstellen, Farben und Stoffe aussuchen und Details besprechen, anstatt mit offenen Fragen aus einem deutlich kleineren Sofortlieferprogramm zu w\u00e4hlen. Au\u00dferdem k\u00f6nnten wir \u00fcber den Fernabsatz keinen bundesweiten Service vor Ort leisten und w\u00fcrden vom beratenden Fachh\u00e4ndler zum Versender &#8211; was nicht grunds\u00e4tzlich verkehrt ist, aber eben nicht unserem Anspruch gen\u00fcgt.<\/p>\n<p><span style=\"text-decoration: underline;\"><strong>SERVICE<\/strong><\/span><br \/>\n<strong>Frage<\/strong><br \/>\nF\u00fchren Sie auch B\u00fcroumz\u00fcge durch?<br \/>\n<strong>Antwort<\/strong><br \/>\nAuf Wunsch und im Umkreis von Solingen ja. Viele Kund*innen haben bereits Umz\u00fcge bei uns angefragt, da wir sehr gut miteinander auskommen, sie mit unserer vorherigen Arbeit zufrieden waren sie und die M\u00f6bel am neuen Ort gern mit gleicher Sorgfalt wieder aufgebaut h\u00e4tten. In diesen F\u00e4llen demontieren wir vor Ort die M\u00f6bel transportf\u00e4hig. Der Transport erfolgt durch ein Umzugsunternehmen (vom Kunden oder durch uns organisiert) und die M\u00f6bel werden von uns wieder montiert. Zur Durchf\u00fchrung stehen befreundete Umzugsunternehmen und unsere Monteure, mit denen wir seit vielen Jahren zusammenarbeiten, zur Verf\u00fcgung. Als zus\u00e4tzliche Dienstleistungen (gegen Berechnung) bieten wir die vorherige Raumplanung mit CAD, die Organisation des Umzugsunternehmens und die Katalogisierung der vorhandenen M\u00f6bel an, damit sp\u00e4ter alles seinen Platz findet.<\/p>\n<p><span style=\"text-decoration: underline;\"><strong>DIVERSES<\/strong><\/span><br \/>\n<strong>Frage<\/strong><br \/>\nLiefern Sie deutschlandweit oder nur regional?<br \/>\n<strong>Antwort<\/strong><br \/>\nKommt drauf an. Wenn bereits eine Kundenbeziehung besteht, k\u00f6nnen wir gern \u00fcber eine Lieferung au\u00dferhalb unserer Region, sogar ins europ\u00e4ische Ausland, reden. Da wir haupts\u00e4chlich lokal orientiert sind, f\u00fchren wir jedoch etwa 90% unserer Auftr\u00e4ge in unserer direkten Umgebung aus. So ist gew\u00e4hrt, dass wir unseren Standard im Service durch pers\u00f6nliche Pr\u00e4senz bei allen Gesch\u00e4ftsabl\u00e4ufen halten k\u00f6nnen.<\/p>\n<p><span style=\"text-decoration: underline;\"><strong>UMWELTVERHALTEN<\/strong><\/span><br \/>\n<strong>Frage<\/strong><br \/>\n<span style=\"display: inline !important; float: none; background-color: #ffffff; color: #121212; cursor: text; font-family: Arial,'Helvetica Neue',Helvetica,sans-serif; font-size: 16px; font-style: normal; font-variant: normal; font-weight: 400; letter-spacing: normal; orphans: 2; text-align: left; text-decoration: none; text-indent: 0px; text-transform: none; -webkit-text-stroke-width: 0px; white-space: normal; word-spacing: 0px;\">Was tun Sie f\u00fcr den Umweltschutz\/die Nachhaltigkeit? Haben Sie ein Umweltmanagement?<\/span><br \/>\n<strong>Antwort<\/strong><br \/>\n<span style=\"display: inline !important; float: none; background-color: #ffffff; color: #121212; cursor: text; font-family: Arial,'Helvetica Neue',Helvetica,sans-serif; font-size: 16px; font-style: normal; font-variant: normal; font-weight: 400; letter-spacing: normal; orphans: 2; text-align: left; text-decoration: none; text-indent: 0px; text-transform: none; -webkit-text-stroke-width: 0px; white-space: normal; word-spacing: 0px;\">Wir sind ein kleines Unternehmen, bei dem ein zertifiziertes Umweltmanagement absolut \u00fcberdimensioniert w\u00e4re. Wir erledigen &#8222;jeden Handgriff&#8220; quasi selbst und achten dabei stets darauf, weder vermeidbaren Abfall zu erzeugen noch die Umwelt in einer anderen Art \u00fcber die Ma\u00dfen zu belasten. Dazu geh\u00f6rt auch der Einsatz entsprechend dimensionierter Fahrzeuge. Wir vermeiden unn\u00f6tige Fahrten, soweit die Leistung aus dem B\u00fcro heraus erbracht werden kann. Lieferungen werden &#8211; soweit m\u00f6glich &#8211; als optimierte Tour durchgef\u00fchrt. Auf unn\u00f6tige Ausdrucke auf Papier wird verzichtet &#8211; beim Thema Digitalisierung waren wir schon fr\u00fch dabei. Wir \u00fcberreagieren nicht &#8211; versuchen nicht, jedwede erdenkliche Compliance auf Biegen und Brechen zu erf\u00fcllen, halten aber die Augen auf f\u00fcr alles, was n\u00fctzlich und positiv sein kann. Wir sind offen f\u00fcr Vorschl\u00e4ge und gehen gern &#8211; M\u00f6glichkeiten vorausgesetzt &#8211; auf diesbez\u00fcgliche Kundenanforderungen ein. Die meisten der von uns verkauften Artikel stammen aus Herstellerbetrieben, die sich intensiv mit den Themen Nachhaltigkeit, Wiederverwertbarkeit, Ressourcenschonung, etc., besch\u00e4ftigen und entsprechende Nachweise erbringen k\u00f6nnen. Anfallendes Verpackungsmaterial von unseren Lieferanten und zur\u00fcckgenommene, nicht mehr verwendbare M\u00f6bel werden von uns nach Werkstoff und Wertstoff getrennt und entsorgt.<\/span><\/p>\n<p><strong>Frage<\/strong><br \/>\nGibt es weitere Angaben zu diesem Thema und zu Antikorruption, Cybersicherheit, Einhaltung von Menschenrechten, etc.?<br \/>\n<strong>Antwort<\/strong><br \/>\nHier finden Sie unser Unternehmensprofil auf <a href=\"https:\/\/app.integritynext.com\/profiles\/709f1ad7-b206-4986-b9b9-08f83ee128bc\" target=\"_blank\" rel=\"noopener\">IntegrityNext.<\/a><\/p>\n","protected":false},"excerpt":{"rendered":"<p>H\u00e4ufig gestellte Fragen Wir tun unser Bestes, um den Besucher*innen unserer Website die wichtigsten Informationen \u00fcber uns zu geben. Aus diesem Grund haben wir eine Liste h\u00e4ufig gestellter Fragen zusammengestellt. Wenn Sie die Antwort auf Ihre Frage hier nicht finden, <span class=\"excerpt-dots\">&hellip;<\/span> <a class=\"more-link\" href=\"https:\/\/buerosysteme-fassbach.de\/?page_id=82\"><span class=\"more-msg\">Weiterlesen &rarr;<\/span><\/a><\/p>\n","protected":false},"author":1,"featured_media":0,"parent":0,"menu_order":0,"comment_status":"closed","ping_status":"closed","template":"","meta":{"footnotes":""},"class_list":["post-82","page","type-page","status-publish","hentry"],"_links":{"self":[{"href":"https:\/\/buerosysteme-fassbach.de\/index.php?rest_route=\/wp\/v2\/pages\/82","targetHints":{"allow":["GET"]}}],"collection":[{"href":"https:\/\/buerosysteme-fassbach.de\/index.php?rest_route=\/wp\/v2\/pages"}],"about":[{"href":"https:\/\/buerosysteme-fassbach.de\/index.php?rest_route=\/wp\/v2\/types\/page"}],"author":[{"embeddable":true,"href":"https:\/\/buerosysteme-fassbach.de\/index.php?rest_route=\/wp\/v2\/users\/1"}],"replies":[{"embeddable":true,"href":"https:\/\/buerosysteme-fassbach.de\/index.php?rest_route=%2Fwp%2Fv2%2Fcomments&post=82"}],"version-history":[{"count":14,"href":"https:\/\/buerosysteme-fassbach.de\/index.php?rest_route=\/wp\/v2\/pages\/82\/revisions"}],"predecessor-version":[{"id":1623,"href":"https:\/\/buerosysteme-fassbach.de\/index.php?rest_route=\/wp\/v2\/pages\/82\/revisions\/1623"}],"wp:attachment":[{"href":"https:\/\/buerosysteme-fassbach.de\/index.php?rest_route=%2Fwp%2Fv2%2Fmedia&parent=82"}],"curies":[{"name":"wp","href":"https:\/\/api.w.org\/{rel}","templated":true}]}}