{"id":762,"date":"2020-03-05T11:24:10","date_gmt":"2020-03-05T11:24:10","guid":{"rendered":"https:\/\/buerosysteme-fassbach.de\/?page_id=762"},"modified":"2026-03-11T13:09:43","modified_gmt":"2026-03-11T13:09:43","slug":"lagerverkauf","status":"publish","type":"page","link":"https:\/\/buerosysteme-fassbach.de\/?page_id=762","title":{"rendered":"Lagerverkauf\/Reste\/\u00dcberschu\u00dfware"},"content":{"rendered":"<p>Auf dieser Seite bieten wir Ihnen Dinge an, die wir gerade &#8222;\u00fcbrig&#8220; haben.<\/p>\n<p>Dabei gilt:<\/p>\n<ul>\n<li>nur an Selbstabholer (wenn nicht anders erw\u00e4hnt)<\/li>\n<li>nur solange und soviel verf\u00fcgbar (zwischenzeitlicher Verkauf m\u00f6glich)<\/li>\n<li>&#8222;gekauft, wie gesehen&#8220; (kleine M\u00e4ngel und Gebrauchsspuren nicht ausgeschlossen)<\/li>\n<li>angebrochene oder erloschene Garantiedauer<\/li>\n<li>Bezahlung bei Abholung (bar, Vorkasse oder PayPal, bei bestehenden Gesch\u00e4ftskontakten \u00dcberweisung)<\/li>\n<li>umsatzsteuerkonforme Rechnung<\/li>\n<li>kein Nachkaufrecht<\/li>\n<li>bei Interesse bitte einen Termin zur Ansicht (und bei Gefallen Abholung) vereinbaren<\/li>\n<li>KEINE Onlineangebote gem\u00e4\u00df Fernabsatzgesetz<\/li>\n<\/ul>\n<p>&nbsp;<\/p>\n<hr \/>\n<p>&nbsp;<\/p>\n<div id=\"attachment_1811\" style=\"width: 310px\" class=\"wp-caption alignnone\"><img loading=\"lazy\" decoding=\"async\" aria-describedby=\"caption-attachment-1811\" class=\"wp-image-1811 size-medium\" src=\"https:\/\/buerosysteme-fassbach.de\/wp-content\/uploads\/2025\/08\/IMG_7944-300x169.jpeg\" alt=\"\" width=\"300\" height=\"169\" srcset=\"https:\/\/buerosysteme-fassbach.de\/wp-content\/uploads\/2025\/08\/IMG_7944-300x169.jpeg 300w, https:\/\/buerosysteme-fassbach.de\/wp-content\/uploads\/2025\/08\/IMG_7944-1024x576.jpeg 1024w, https:\/\/buerosysteme-fassbach.de\/wp-content\/uploads\/2025\/08\/IMG_7944-768x432.jpeg 768w, https:\/\/buerosysteme-fassbach.de\/wp-content\/uploads\/2025\/08\/IMG_7944-1536x864.jpeg 1536w, https:\/\/buerosysteme-fassbach.de\/wp-content\/uploads\/2025\/08\/IMG_7944-2048x1152.jpeg 2048w\" sizes=\"auto, (max-width: 300px) 100vw, 300px\" \/><p id=\"caption-attachment-1811\" class=\"wp-caption-text\">Ansicht von vorne<\/p><\/div>\n<div id=\"attachment_1812\" style=\"width: 310px\" class=\"wp-caption alignnone\"><img loading=\"lazy\" decoding=\"async\" aria-describedby=\"caption-attachment-1812\" class=\"wp-image-1812 size-medium\" src=\"https:\/\/buerosysteme-fassbach.de\/wp-content\/uploads\/2025\/08\/IMG_7945-300x169.jpeg\" alt=\"\" width=\"300\" height=\"169\" srcset=\"https:\/\/buerosysteme-fassbach.de\/wp-content\/uploads\/2025\/08\/IMG_7945-300x169.jpeg 300w, https:\/\/buerosysteme-fassbach.de\/wp-content\/uploads\/2025\/08\/IMG_7945-1024x576.jpeg 1024w, https:\/\/buerosysteme-fassbach.de\/wp-content\/uploads\/2025\/08\/IMG_7945-768x432.jpeg 768w, https:\/\/buerosysteme-fassbach.de\/wp-content\/uploads\/2025\/08\/IMG_7945-1536x864.jpeg 1536w, https:\/\/buerosysteme-fassbach.de\/wp-content\/uploads\/2025\/08\/IMG_7945-2048x1152.jpeg 2048w\" sizes=\"auto, (max-width: 300px) 100vw, 300px\" \/><p id=\"caption-attachment-1812\" class=\"wp-caption-text\">Ansicht von hinten<\/p><\/div>\n<div id=\"attachment_1809\" style=\"width: 179px\" class=\"wp-caption alignnone\"><img loading=\"lazy\" decoding=\"async\" aria-describedby=\"caption-attachment-1809\" class=\"wp-image-1809 size-medium\" src=\"https:\/\/buerosysteme-fassbach.de\/wp-content\/uploads\/2025\/08\/IMG_7940-169x300.jpeg\" alt=\"\" width=\"169\" height=\"300\" srcset=\"https:\/\/buerosysteme-fassbach.de\/wp-content\/uploads\/2025\/08\/IMG_7940-169x300.jpeg 169w, https:\/\/buerosysteme-fassbach.de\/wp-content\/uploads\/2025\/08\/IMG_7940-576x1024.jpeg 576w, https:\/\/buerosysteme-fassbach.de\/wp-content\/uploads\/2025\/08\/IMG_7940-768x1365.jpeg 768w, https:\/\/buerosysteme-fassbach.de\/wp-content\/uploads\/2025\/08\/IMG_7940-864x1536.jpeg 864w, https:\/\/buerosysteme-fassbach.de\/wp-content\/uploads\/2025\/08\/IMG_7940-1152x2048.jpeg 1152w, https:\/\/buerosysteme-fassbach.de\/wp-content\/uploads\/2025\/08\/IMG_7940-scaled.jpeg 1440w\" sizes=\"auto, (max-width: 169px) 100vw, 169px\" \/><p id=\"caption-attachment-1809\" class=\"wp-caption-text\">Ansicht von unten<\/p><\/div>\n<p><strong><br \/>\nfm all-in-one Schreibtisch<br \/>\n<\/strong>1.045.200701<br \/>\nEDV-Form 1600 x rechts 800\/links 1000 mm (BxT) Einzelstellung<br \/>\n\u00dcbertiefe links, Kante 442 mm<br \/>\nV2 Tischgestell: fm11 Vierfu\u00df Rundrohr ohne Schiebeplatte<br \/>\nH\u00f6henverstellung Tisch: stufenlos von 680 bis 820 mm<br \/>\nV1 Farbe Tischplatte\/Zub.: 02: Lichtgrau<br \/>\nV1K Farbe Plattenkante: 02: Lichtgrau<br \/>\nV5 Farbe Gestell\/Zub.: 010: Silberaluminium<br \/>\nV4L Kabeldurchl 1 hinten l.: U-Form, schwarz<br \/>\nV4M Kabeldurchl 2 hinten m.: ohne<br \/>\nV4R Kabeldurchl 3 hinten r.: U-Form, schwarz<br \/>\nV4S Kabeldurchl 4 seitl. mi.: ohne<br \/>\n(Neupreis EUR 818,00 Liste zuz. MwSt.\/EUR 973,42 Liste incl. MwSt.)<br \/>\nmit<br \/>\n1.045.933210<br \/>\nKabelkanal 1200x160x80\/100 mm (LxBxH) beidseitig abklappbar h\u00f6henverstellbar<br \/>\nf\u00fcr Schreibtische 1600 &#8211; 1800 mm Breite<br \/>\n(Neupreis EUR 47,00 Liste zuz. MwSt.\/EUR 55,93 Liste incl. MwSt.)<\/p>\n<p>Abgabegrund: R\u00fccknahme durch Austausch gegen einen elektrisch verstellbaren Tisch beim Kunden<br \/>\nBaujahr 2008<br \/>\nZustand: Gebraucht. Nat\u00fcrlich mit entsprechenden Spuren (leichte Farb\u00e4nderung beim Anleimer, kleine Kratzer auf dem Gestell). Plattenoberfl\u00e4che aber ohne Besch\u00e4digung<br \/>\n<strong>Preis 03\/2026: EUR 20,00 incl. MwSt. <\/strong>\u00a0(EUR 16,81 + MwSt.)<br \/>\nverf\u00fcgbare Menge: 1<br \/>\nKeine Herstellergarantie, keine H\u00e4ndlergew\u00e4hrleistung &#8211; gekauft, wie gesehen<br \/>\nPreis gilt bei Abholung nach Terminabsprache.<br \/>\nLieferung innerhalb Solingen frei Bordsteinkante (bei k\u00e4uferseitiger Vertragehilfe bis Verwendungsstelle) f\u00fcr EUR 30,00 incl. MwSt. (EUR 25,21 zuz. MwSt.) m\u00f6glich.<\/p>\n<p>&nbsp;<\/p>\n<hr \/>\n<p><img loading=\"lazy\" decoding=\"async\" class=\"alignnone wp-image-1748 \" src=\"https:\/\/buerosysteme-fassbach.de\/wp-content\/uploads\/2025\/02\/sedo11.jpg\" alt=\"\" width=\"183\" height=\"275\" srcset=\"https:\/\/buerosysteme-fassbach.de\/wp-content\/uploads\/2025\/02\/sedo11.jpg 442w, https:\/\/buerosysteme-fassbach.de\/wp-content\/uploads\/2025\/02\/sedo11-200x300.jpg 200w\" sizes=\"auto, (max-width: 183px) 100vw, 183px\" \/> <img loading=\"lazy\" decoding=\"async\" class=\"alignnone wp-image-1751\" src=\"https:\/\/buerosysteme-fassbach.de\/wp-content\/uploads\/2025\/02\/sedo12-scaled.jpeg\" alt=\"\" width=\"168\" height=\"275\" srcset=\"https:\/\/buerosysteme-fassbach.de\/wp-content\/uploads\/2025\/02\/sedo12-scaled.jpeg 1561w, https:\/\/buerosysteme-fassbach.de\/wp-content\/uploads\/2025\/02\/sedo12-183x300.jpeg 183w, https:\/\/buerosysteme-fassbach.de\/wp-content\/uploads\/2025\/02\/sedo12-624x1024.jpeg 624w, https:\/\/buerosysteme-fassbach.de\/wp-content\/uploads\/2025\/02\/sedo12-768x1260.jpeg 768w, https:\/\/buerosysteme-fassbach.de\/wp-content\/uploads\/2025\/02\/sedo12-936x1536.jpeg 936w, https:\/\/buerosysteme-fassbach.de\/wp-content\/uploads\/2025\/02\/sedo12-1249x2048.jpeg 1249w\" sizes=\"auto, (max-width: 168px) 100vw, 168px\" \/><\/p>\n<p><strong>Sedus Drehstuhl se:do<\/strong><br \/>\n<strong>Modell ap-102 mit Vollpolsterung<\/strong><br \/>\nh\u00f6henverstellbare R\u00fcckenlehne (80 mm),<br \/>\nR\u00fcckenlehnenrahmen aus Polyamid mit Glasfaser-<br \/>\nverst\u00e4rkung, F\u00fcnffu\u00df mit Rollen \u00d8 65 mm<br \/>\nBezug: Gabriel Atlantic (9AT)<br \/>\nGabriel-Stoff: Atlantic A68054 hellgr\u00fcn<br \/>\nSimilarmechanik mit Sitzneigeverstellung 4\u00b0 (1107)<br \/>\nGasfeder mit mechanischer Tiefenfederung (1506)<br \/>\nKunststofffu\u00df (2401)<br \/>\nFu\u00dffarbe: schwarz (103)<br \/>\nharte Rollen f\u00fcr weichen Boden (2700)<br \/>\nSitz und R\u00fcckenlehne gepolstert (7103)<br \/>\nSchiebesitz (Verstellbereich 60 mm) (4502)<br \/>\nModellfarbe: schwarz (103)<br \/>\n3-D Armlehnen mit Softtouchauflagen (3314)<br \/>\nBaujahr 09\/2017, wenig bemustert<\/p>\n<p>Abgabegrund: Auslaufmodell, nicht nachbestellbar<br \/>\nNeupreis 2017 EUR 846,09 incl. MwSt. (EUR 711,00 + MwSt.)<br \/>\n<strong>Preis 03\/2026: EUR 119,00 incl. MwSt. <\/strong>\u00a0(EUR 100,00 + MwSt.)<br \/>\nverf\u00fcgbare Menge: 1<br \/>\nKeine Herstellergarantie, keine H\u00e4ndlergew\u00e4hrleistung &#8211; gekauft, wie gesehen<\/p>\n<hr \/>\n<p><img loading=\"lazy\" decoding=\"async\" class=\"alignnone wp-image-1749\" src=\"https:\/\/buerosysteme-fassbach.de\/wp-content\/uploads\/2025\/02\/sedo21.jpg\" alt=\"\" width=\"183\" height=\"290\" srcset=\"https:\/\/buerosysteme-fassbach.de\/wp-content\/uploads\/2025\/02\/sedo21.jpg 424w, https:\/\/buerosysteme-fassbach.de\/wp-content\/uploads\/2025\/02\/sedo21-189x300.jpg 189w\" sizes=\"auto, (max-width: 183px) 100vw, 183px\" \/> <img loading=\"lazy\" decoding=\"async\" class=\"alignnone wp-image-1752\" src=\"https:\/\/buerosysteme-fassbach.de\/wp-content\/uploads\/2025\/02\/sedo22-168x300.jpeg\" alt=\"\" width=\"163\" height=\"290\" srcset=\"https:\/\/buerosysteme-fassbach.de\/wp-content\/uploads\/2025\/02\/sedo22-168x300.jpeg 168w, https:\/\/buerosysteme-fassbach.de\/wp-content\/uploads\/2025\/02\/sedo22-575x1024.jpeg 575w, https:\/\/buerosysteme-fassbach.de\/wp-content\/uploads\/2025\/02\/sedo22-768x1368.jpeg 768w, https:\/\/buerosysteme-fassbach.de\/wp-content\/uploads\/2025\/02\/sedo22-862x1536.jpeg 862w, https:\/\/buerosysteme-fassbach.de\/wp-content\/uploads\/2025\/02\/sedo22-1150x2048.jpeg 1150w, https:\/\/buerosysteme-fassbach.de\/wp-content\/uploads\/2025\/02\/sedo22-scaled.jpeg 1437w\" sizes=\"auto, (max-width: 163px) 100vw, 163px\" \/><\/p>\n<p><strong>Sedus Drehstuhl se:do<\/strong><br \/>\n<strong>Modell ap-122 mit Membranbespannung<\/strong><br \/>\nh\u00f6henverstellbare R\u00fcckenlehne (80 mm),<br \/>\nR\u00fcckenlehnenrahmen aus Polyamid mit Glasfaser-<br \/>\nverst\u00e4rkung, F\u00fcnffu\u00df mit Rollen \u00d8 65 mm<br \/>\nBezug: Gabriel Atlantic (9AT)<br \/>\nGabriel-Stoff: Atlantic A68054 hellgr\u00fcn<br \/>\nSimilarmechanik mit Sitzneigeverstellung 4\u00b0 (1107)<br \/>\nGasfeder mit mechanischer Tiefenfederung (1506)<br \/>\nKunststofffu\u00df (2401)<br \/>\nFu\u00dffarbe: schwarz (103)<br \/>\nharte Rollen f\u00fcr weichen Boden (2700)<br \/>\nR\u00fcckenlehne mit Membranbespannung (7201)<br \/>\nFarbe Membran: schwarz (M81)<br \/>\nSchiebesitz (Verstellbereich 60 mm) (4502)<br \/>\nModellfarbe: schwarz (103)<br \/>\n3-D Armlehnen mit Softtouchauflagen (3314)<br \/>\nBaujahr 12\/2016, wenig bemustert<\/p>\n<p>Abgabegrund: Auslaufmodell, nicht nachbestellbar<br \/>\nNeupreis 2016 EUR 809,20 incl. MwSt. (EUR 680,00 + MwSt.)<br \/>\n<strong>Preis 03\/2026: EUR 95,20<\/strong> (EUR 80,00 + MwSt.)<br \/>\nverf\u00fcgbare Menge: 1<br \/>\nKeine Herstellergarantie, keine H\u00e4ndlergew\u00e4hrleistung &#8211; gekauft, wie gesehen<\/p>\n<hr \/>\n<p><img loading=\"lazy\" decoding=\"async\" class=\"alignnone size-medium wp-image-1756\" src=\"https:\/\/buerosysteme-fassbach.de\/wp-content\/uploads\/2025\/02\/fma-282x300.jpg\" alt=\"\" width=\"282\" height=\"300\" srcset=\"https:\/\/buerosysteme-fassbach.de\/wp-content\/uploads\/2025\/02\/fma-282x300.jpg 282w, https:\/\/buerosysteme-fassbach.de\/wp-content\/uploads\/2025\/02\/fma-768x816.jpg 768w, https:\/\/buerosysteme-fassbach.de\/wp-content\/uploads\/2025\/02\/fma.jpg 919w\" sizes=\"auto, (max-width: 282px) 100vw, 282px\" \/><\/p>\n<p><strong>fm attack Drehstuhl<\/strong><br \/>\n<strong>Modell <span class=\"fontstyle0\">1.150.400000<\/span>\u00a0 mit Netzr\u00fccken<\/strong><br \/>\n<span class=\"fontstyle0\">Armlehne V1: <\/span><span class=\"fontstyle2\">19: 1D h\u00f6henverstellbar<\/span><span class=\"fontstyle2\"><br \/>\n<\/span><span class=\"fontstyle2\">Farbe Armlehnen- 006: Schwarz<br \/>\nLordosest\u00fctze V1A: 01 mit<br \/>\nFarbe Fu\u00df V2: 006 schwarz (Kunststoff)<br \/>\nSitztiefenverstellung: mit<br \/>\nStofffarbe V5: 240 YS009 havana schwarz<br \/>\n<\/span><span class=\"fontstyle2\">Stoffgruppe V4: 06: Xtreme Sitzbezug<br \/>\n<\/span><span class=\"fontstyle0\">Stoffgruppe V4N: <\/span><span class=\"fontstyle2\">13: Runner (Netzr\u00fccken)<br \/>\nRollen f\u00fcr harte B\u00f6den<br \/>\nBaujahr 02\/2021<\/span><\/p>\n<p>Abgabegrund: Auslaufmodell, nicht nachbestellbar<br \/>\nNeupreis 2021 EUR 474,81 incl. MwSt. (EUR 399,00 + MwSt.)<br \/>\n<strong>Preis 03\/2026: EUR 83,30<\/strong> (EUR 70,00 + MwSt.)<br \/>\nverf\u00fcgbare Menge: 1<br \/>\nKeine Herstellergarantie, keine H\u00e4ndlergew\u00e4hrleistung &#8211; gekauft, wie gesehen<\/p>\n<hr \/>\n<p><strong>Besprechungstisch<\/strong><br \/>\n<img loading=\"lazy\" decoding=\"async\" class=\"alignnone wp-image-870\" src=\"https:\/\/buerosysteme-fassbach.de\/wp-content\/uploads\/2020\/03\/Tisch-300x169.jpg\" alt=\"\" width=\"266\" height=\"150\" srcset=\"https:\/\/buerosysteme-fassbach.de\/wp-content\/uploads\/2020\/03\/Tisch-300x169.jpg 300w, https:\/\/buerosysteme-fassbach.de\/wp-content\/uploads\/2020\/03\/Tisch-1024x576.jpg 1024w, https:\/\/buerosysteme-fassbach.de\/wp-content\/uploads\/2020\/03\/Tisch-768x432.jpg 768w, https:\/\/buerosysteme-fassbach.de\/wp-content\/uploads\/2020\/03\/Tisch-1536x864.jpg 1536w, https:\/\/buerosysteme-fassbach.de\/wp-content\/uploads\/2020\/03\/Tisch.jpg 1920w\" sizes=\"auto, (max-width: 266px) 100vw, 266px\" \/>\u00a0<img loading=\"lazy\" decoding=\"async\" class=\"alignnone wp-image-872\" style=\"color: black;\" src=\"https:\/\/buerosysteme-fassbach.de\/wp-content\/uploads\/2020\/03\/IMG_5523-300x148.jpg\" alt=\"\" width=\"304\" height=\"150\" srcset=\"https:\/\/buerosysteme-fassbach.de\/wp-content\/uploads\/2020\/03\/IMG_5523-300x148.jpg 300w, https:\/\/buerosysteme-fassbach.de\/wp-content\/uploads\/2020\/03\/IMG_5523-1024x505.jpg 1024w, https:\/\/buerosysteme-fassbach.de\/wp-content\/uploads\/2020\/03\/IMG_5523-768x379.jpg 768w, https:\/\/buerosysteme-fassbach.de\/wp-content\/uploads\/2020\/03\/IMG_5523-1536x758.jpg 1536w, https:\/\/buerosysteme-fassbach.de\/wp-content\/uploads\/2020\/03\/IMG_5523-2048x1011.jpg 2048w\" sizes=\"auto, (max-width: 304px) 100vw, 304px\" \/><img loading=\"lazy\" decoding=\"async\" class=\"alignnone wp-image-873\" style=\"color: black;\" src=\"https:\/\/buerosysteme-fassbach.de\/wp-content\/uploads\/2020\/03\/IMG_5524-225x300.jpg\" alt=\"\" width=\"113\" height=\"151\" srcset=\"https:\/\/buerosysteme-fassbach.de\/wp-content\/uploads\/2020\/03\/IMG_5524-225x300.jpg 225w, https:\/\/buerosysteme-fassbach.de\/wp-content\/uploads\/2020\/03\/IMG_5524-768x1024.jpg 768w, https:\/\/buerosysteme-fassbach.de\/wp-content\/uploads\/2020\/03\/IMG_5524-1152x1536.jpg 1152w, https:\/\/buerosysteme-fassbach.de\/wp-content\/uploads\/2020\/03\/IMG_5524-1536x2048.jpg 1536w, https:\/\/buerosysteme-fassbach.de\/wp-content\/uploads\/2020\/03\/IMG_5524-scaled.jpg 1920w\" sizes=\"auto, (max-width: 113px) 100vw, 113px\" \/><img loading=\"lazy\" decoding=\"async\" class=\"alignnone wp-image-871\" style=\"color: black;\" src=\"https:\/\/buerosysteme-fassbach.de\/wp-content\/uploads\/2020\/03\/IMG_5521-300x225.jpg\" alt=\"\" width=\"200\" height=\"150\" srcset=\"https:\/\/buerosysteme-fassbach.de\/wp-content\/uploads\/2020\/03\/IMG_5521-300x225.jpg 300w, https:\/\/buerosysteme-fassbach.de\/wp-content\/uploads\/2020\/03\/IMG_5521-1024x768.jpg 1024w, https:\/\/buerosysteme-fassbach.de\/wp-content\/uploads\/2020\/03\/IMG_5521-768x576.jpg 768w, https:\/\/buerosysteme-fassbach.de\/wp-content\/uploads\/2020\/03\/IMG_5521-1536x1152.jpg 1536w, https:\/\/buerosysteme-fassbach.de\/wp-content\/uploads\/2020\/03\/IMG_5521-2048x1536.jpg 2048w\" sizes=\"auto, (max-width: 200px) 100vw, 200px\" \/><span style=\"color: black;\">\u00a0<\/span><\/p>\n<p><img loading=\"lazy\" decoding=\"async\" class=\" wp-image-875 alignleft\" style=\"color: black;\" src=\"https:\/\/buerosysteme-fassbach.de\/wp-content\/uploads\/2020\/03\/IMG_5528-300x225.jpg\" alt=\"\" width=\"200\" height=\"150\" srcset=\"https:\/\/buerosysteme-fassbach.de\/wp-content\/uploads\/2020\/03\/IMG_5528-300x225.jpg 300w, https:\/\/buerosysteme-fassbach.de\/wp-content\/uploads\/2020\/03\/IMG_5528-1024x768.jpg 1024w, https:\/\/buerosysteme-fassbach.de\/wp-content\/uploads\/2020\/03\/IMG_5528-768x576.jpg 768w, https:\/\/buerosysteme-fassbach.de\/wp-content\/uploads\/2020\/03\/IMG_5528-1536x1152.jpg 1536w, https:\/\/buerosysteme-fassbach.de\/wp-content\/uploads\/2020\/03\/IMG_5528-2048x1536.jpg 2048w\" sizes=\"auto, (max-width: 200px) 100vw, 200px\" \/><\/p>\n<p><img loading=\"lazy\" decoding=\"async\" class=\"alignnone wp-image-877\" style=\"color: black;\" src=\"https:\/\/buerosysteme-fassbach.de\/wp-content\/uploads\/2020\/03\/IMG_5530-225x300.jpg\" alt=\"\" width=\"113\" height=\"151\" srcset=\"https:\/\/buerosysteme-fassbach.de\/wp-content\/uploads\/2020\/03\/IMG_5530-225x300.jpg 225w, https:\/\/buerosysteme-fassbach.de\/wp-content\/uploads\/2020\/03\/IMG_5530-768x1024.jpg 768w, https:\/\/buerosysteme-fassbach.de\/wp-content\/uploads\/2020\/03\/IMG_5530-1152x1536.jpg 1152w, https:\/\/buerosysteme-fassbach.de\/wp-content\/uploads\/2020\/03\/IMG_5530-1536x2048.jpg 1536w, https:\/\/buerosysteme-fassbach.de\/wp-content\/uploads\/2020\/03\/IMG_5530-scaled.jpg 1920w\" sizes=\"auto, (max-width: 113px) 100vw, 113px\" \/><img loading=\"lazy\" decoding=\"async\" class=\"alignnone wp-image-874\" style=\"color: black;\" src=\"https:\/\/buerosysteme-fassbach.de\/wp-content\/uploads\/2020\/03\/IMG_5527-300x225.jpg\" alt=\"\" width=\"200\" height=\"150\" srcset=\"https:\/\/buerosysteme-fassbach.de\/wp-content\/uploads\/2020\/03\/IMG_5527-300x225.jpg 300w, https:\/\/buerosysteme-fassbach.de\/wp-content\/uploads\/2020\/03\/IMG_5527-1024x768.jpg 1024w, https:\/\/buerosysteme-fassbach.de\/wp-content\/uploads\/2020\/03\/IMG_5527-768x576.jpg 768w, https:\/\/buerosysteme-fassbach.de\/wp-content\/uploads\/2020\/03\/IMG_5527-1536x1152.jpg 1536w, https:\/\/buerosysteme-fassbach.de\/wp-content\/uploads\/2020\/03\/IMG_5527-2048x1536.jpg 2048w\" sizes=\"auto, (max-width: 200px) 100vw, 200px\" \/><img loading=\"lazy\" decoding=\"async\" class=\"wp-image-876 size-medium alignleft\" style=\"font-weight: bold; color: black;\" src=\"https:\/\/buerosysteme-fassbach.de\/wp-content\/uploads\/2020\/03\/IMG_5529_LI2-300x143.jpg\" alt=\"\" width=\"300\" height=\"143\" srcset=\"https:\/\/buerosysteme-fassbach.de\/wp-content\/uploads\/2020\/03\/IMG_5529_LI2-300x143.jpg 300w, https:\/\/buerosysteme-fassbach.de\/wp-content\/uploads\/2020\/03\/IMG_5529_LI2-1024x488.jpg 1024w, https:\/\/buerosysteme-fassbach.de\/wp-content\/uploads\/2020\/03\/IMG_5529_LI2-768x366.jpg 768w, https:\/\/buerosysteme-fassbach.de\/wp-content\/uploads\/2020\/03\/IMG_5529_LI2-1536x732.jpg 1536w, https:\/\/buerosysteme-fassbach.de\/wp-content\/uploads\/2020\/03\/IMG_5529_LI2-2048x975.jpg 2048w\" sizes=\"auto, (max-width: 300px) 100vw, 300px\" \/><span style=\"color: black;\"><br \/>\nkleine Macke mittig im Zollstockquadrat<\/span><\/p>\n<p>Fabrikat fm<br \/>\n<strong>Serie communication<br \/>\n<\/strong>Besprechungstisch Tonneau 1 1800 x 800\/900 mm (BxT)<br \/>\nEinzelstellung<br \/>\nV2 Tischgestell: fm66 Flachkufe Einzels\u00e4ule ohne Schiebeplatte<br \/>\nH\u00f6heneinstellung Tisch: stufenlos h\u00f6henverstellbar 650 bis 850 mm<br \/>\nV1 Farbe Tischplatte\/Zub.: 53: K\u00f6nigsahorn<br \/>\nV1K Farbe Plattenkante: 53: K\u00f6nigsahorn<br \/>\nV5 Farbe Gestell\/Zub.: 010: Silberaluminium<br \/>\nmit<br \/>\nNetbox Point chrom matt<br \/>\n1x Schuko-D + 1x RJ45 Cat5 + 1x USB<br \/>\ninkl. Zuleitung f\u00fcr Netzstrom, mittig montiert<br \/>\nZustand: benutzt, voll funktionsf\u00e4hig, leichte Gebrauchsspuren an Platte und Gestell,<br \/>\nkleine Macke in der Oberfl\u00e4che, siehe Bilder<\/p>\n<p>Abgabegrund: dies war ein Mustertisch und wurde durch ein anderes Modell ersetzt<br \/>\nNeupreis 2020: EUR 862,75 (EUR 725,00 + MwSt.)<br \/>\n<strong>Preis 03\/2026 pro St\u00fcck: EUR 119,00<\/strong> (EUR 100,00 + MwSt.)<br \/>\nverf\u00fcgbare Menge: 1<br \/>\nKeine Herstellergarantie, keine H\u00e4ndlergew\u00e4hrleistung &#8211; gekauft, wie gesehen<\/p>\n<hr \/>\n<p>&nbsp;<\/p>\n<p><strong>Tischaufs\u00e4tze, Akustikelemente, Wandelemente, Zwischenw\u00e4nde<\/strong><\/p>\n<p><img loading=\"lazy\" decoding=\"async\" class=\"alignnone size-medium wp-image-1249\" src=\"https:\/\/buerosysteme-fassbach.de\/wp-content\/uploads\/2021\/04\/Telefonzentrale_00-300x212.jpg\" alt=\"\" width=\"300\" height=\"212\" srcset=\"https:\/\/buerosysteme-fassbach.de\/wp-content\/uploads\/2021\/04\/Telefonzentrale_00-300x212.jpg 300w, https:\/\/buerosysteme-fassbach.de\/wp-content\/uploads\/2021\/04\/Telefonzentrale_00-1024x724.jpg 1024w, https:\/\/buerosysteme-fassbach.de\/wp-content\/uploads\/2021\/04\/Telefonzentrale_00-768x543.jpg 768w, https:\/\/buerosysteme-fassbach.de\/wp-content\/uploads\/2021\/04\/Telefonzentrale_00-1536x1086.jpg 1536w, https:\/\/buerosysteme-fassbach.de\/wp-content\/uploads\/2021\/04\/Telefonzentrale_00-2048x1448.jpg 2048w\" sizes=\"auto, (max-width: 300px) 100vw, 300px\" \/><img loading=\"lazy\" decoding=\"async\" class=\" wp-image-1247\" style=\"font-weight: bold; color: black;\" src=\"https:\/\/buerosysteme-fassbach.de\/wp-content\/uploads\/2021\/04\/IMG_0081-212x300.jpg\" alt=\"\" width=\"302\" height=\"427\" srcset=\"https:\/\/buerosysteme-fassbach.de\/wp-content\/uploads\/2021\/04\/IMG_0081-212x300.jpg 212w, https:\/\/buerosysteme-fassbach.de\/wp-content\/uploads\/2021\/04\/IMG_0081-722x1024.jpg 722w, https:\/\/buerosysteme-fassbach.de\/wp-content\/uploads\/2021\/04\/IMG_0081-768x1089.jpg 768w, https:\/\/buerosysteme-fassbach.de\/wp-content\/uploads\/2021\/04\/IMG_0081-1083x1536.jpg 1083w, https:\/\/buerosysteme-fassbach.de\/wp-content\/uploads\/2021\/04\/IMG_0081-1444x2048.jpg 1444w, https:\/\/buerosysteme-fassbach.de\/wp-content\/uploads\/2021\/04\/IMG_0081-scaled.jpg 1805w\" sizes=\"auto, (max-width: 302px) 100vw, 302px\" \/><\/p>\n<p><strong>Fabrikat Brakels<\/strong><br \/>\n<strong>Serie AcoustiStof(R)<\/strong><br \/>\nTischaufsatzelemente L-Kombination<br \/>\nzur optischen und teilakustischen (schalld\u00e4mmend) Abtrennung von Arbeitspl\u00e4tzen<br \/>\nGesamtau\u00dfenma\u00dfe 1800mm breit, 800mm tief, Stoffelemente 500mm hoch, 58mm dick,<br \/>\nH\u00f6he Oberkante \u00fcber Tischplatte 525mm,<br \/>\nbestehend aus je einem Wandelement 1742 x 500 x 58mm und einem Element 800 x 500 x 58mm,<br \/>\nmit 2 schwarzen Klemmen unter der kurzen Seite und einer Klemme unter der langen Seite, Klemme f\u00fcr Tischplattenst\u00e4rke bis 47mm,<br \/>\ninnen Fichtenschichtholzrahmen mit Glaswollf\u00fcllung und Vlies, au\u00dfen Stoffbezug move Pistachio 52 gr\u00fcn,<br \/>\nVerbindung werkzeugfrei mit Panelkoppelelementen durch einhaken und aushaken<\/p>\n<p>Neupreis 2020: EUR 665,81 (EUR 559,50 + MwSt.)<br \/>\n<strong>Preis 03\/2026 pro L-Kombination: EUR 200,00<\/strong> (EUR 168,07 + MwSt.)<br \/>\nverf\u00fcgbare Menge: 2 L-Kombinationen &#8222;links&#8220; &#8211; wie oben dargestellt &#8211; und 2 L-Kombinationen &#8222;rechts&#8220; (spiegelverkehrt)<br \/>\nJeweils als L-Kombi &#8222;rechts&#8220; oder &#8222;links&#8220; (keine einzelnen Elemente).<br \/>\nAbgabegrund: Fehlbestellung (falsche Stofffarbe)<br \/>\nKeine Herstellergarantie, keine H\u00e4ndlergew\u00e4hrleistung &#8211; gekauft, wie gesehen.<span id=\"productTitle\" class=\"a-size-large\"><\/span><\/p>\n","protected":false},"excerpt":{"rendered":"<p>Auf dieser Seite bieten wir Ihnen Dinge an, die wir gerade &#8222;\u00fcbrig&#8220; haben. Dabei gilt: nur an Selbstabholer (wenn nicht anders erw\u00e4hnt) nur solange und soviel verf\u00fcgbar (zwischenzeitlicher Verkauf m\u00f6glich) &#8222;gekauft, wie gesehen&#8220; (kleine M\u00e4ngel und Gebrauchsspuren nicht ausgeschlossen) angebrochene <span class=\"excerpt-dots\">&hellip;<\/span> <a class=\"more-link\" href=\"https:\/\/buerosysteme-fassbach.de\/?page_id=762\"><span class=\"more-msg\">Weiterlesen &rarr;<\/span><\/a><\/p>\n","protected":false},"author":1,"featured_media":0,"parent":0,"menu_order":0,"comment_status":"closed","ping_status":"closed","template":"","meta":{"footnotes":""},"class_list":["post-762","page","type-page","status-publish","hentry"],"_links":{"self":[{"href":"https:\/\/buerosysteme-fassbach.de\/index.php?rest_route=\/wp\/v2\/pages\/762","targetHints":{"allow":["GET"]}}],"collection":[{"href":"https:\/\/buerosysteme-fassbach.de\/index.php?rest_route=\/wp\/v2\/pages"}],"about":[{"href":"https:\/\/buerosysteme-fassbach.de\/index.php?rest_route=\/wp\/v2\/types\/page"}],"author":[{"embeddable":true,"href":"https:\/\/buerosysteme-fassbach.de\/index.php?rest_route=\/wp\/v2\/users\/1"}],"replies":[{"embeddable":true,"href":"https:\/\/buerosysteme-fassbach.de\/index.php?rest_route=%2Fwp%2Fv2%2Fcomments&post=762"}],"version-history":[{"count":29,"href":"https:\/\/buerosysteme-fassbach.de\/index.php?rest_route=\/wp\/v2\/pages\/762\/revisions"}],"predecessor-version":[{"id":1943,"href":"https:\/\/buerosysteme-fassbach.de\/index.php?rest_route=\/wp\/v2\/pages\/762\/revisions\/1943"}],"wp:attachment":[{"href":"https:\/\/buerosysteme-fassbach.de\/index.php?rest_route=%2Fwp%2Fv2%2Fmedia&parent=762"}],"curies":[{"name":"wp","href":"https:\/\/api.w.org\/{rel}","templated":true}]}}