{"id":741,"date":"2020-02-26T15:59:35","date_gmt":"2020-02-26T15:59:35","guid":{"rendered":"https:\/\/buerosysteme-fassbach.de\/?page_id=741"},"modified":"2023-05-03T08:38:52","modified_gmt":"2023-05-03T08:38:52","slug":"stuehle-aus-der-manufaktur","status":"publish","type":"page","link":"https:\/\/buerosysteme-fassbach.de\/?page_id=741","title":{"rendered":"St\u00fchle aus der Manufaktur"},"content":{"rendered":"<p><strong>Auf der Suche nach dem passenden Produkt<\/strong><\/p>\n<p>schnell &#8211; g\u00fcnstig &#8211; super Qualit\u00e4t<\/p>\n<p>Das waren die Merkmale, die wir im Kopf hatten, als wir nach zus\u00e4tzlichen, flexiblen Sitzm\u00f6beln gesucht haben.<\/p>\n<p>Dabei sind wir auf eine Manufakturwerkstatt mit eigener N\u00e4herei, Polsterei und Montage in der N\u00e4he gesto\u00dfen, die all das bietet.<br \/>\nGanz nach unseren &#8211; und Ihren &#8211; Vorstellungen.<\/p>\n<ul>\n<li>Ansprechendes \u00c4u\u00dferes ohne gro\u00dfen Schnickschnack<\/li>\n<li>schnell lieferbar<\/li>\n<li>individuell konfigurierbar<\/li>\n<li>alle Funktionen, die man braucht<\/li>\n<li>pers\u00f6nlicher Herstellerkontakt ohne Konzerngebilde im Hintergrund<\/li>\n<li>kurze Wege<\/li>\n<li>5 Jahre Garantie<\/li>\n<li>&#8222;made in germany&#8220;<\/li>\n<li>Label dran<\/li>\n<li>Passt! Somit haben wir eine eigene Kollektion an Drehst\u00fchlen und Besucherst\u00fchlen, die es nicht an jeder Ecke gibt.<\/li>\n<\/ul>\n<p>&nbsp;<\/p>\n<p>Sehen oder downlaoden Sie <a href=\"https:\/\/buerosysteme-fassbach.de\/wp-content\/uploads\/2023\/05\/Bedienungsanleitung-Serie-A.mp4\">HIER<\/a> ein Video mit der Bedienungsanleitung f\u00fcr die St\u00fchle der Serie A (Format mp4, Gr\u00f6\u00dfe 32MB).<br \/>\nSie k\u00f6nnen den Link auch per Scan dieses Codes \u00f6ffnen.<br \/>\n<img loading=\"lazy\" decoding=\"async\" class=\"alignnone wp-image-1599 size-medium\" src=\"https:\/\/buerosysteme-fassbach.de\/wp-content\/uploads\/2023\/05\/Bedienung-Serie-A-300x300.png\" alt=\"\" width=\"300\" height=\"300\" srcset=\"https:\/\/buerosysteme-fassbach.de\/wp-content\/uploads\/2023\/05\/Bedienung-Serie-A-300x300.png 300w, https:\/\/buerosysteme-fassbach.de\/wp-content\/uploads\/2023\/05\/Bedienung-Serie-A-150x150.png 150w, https:\/\/buerosysteme-fassbach.de\/wp-content\/uploads\/2023\/05\/Bedienung-Serie-A-768x768.png 768w, https:\/\/buerosysteme-fassbach.de\/wp-content\/uploads\/2023\/05\/Bedienung-Serie-A.png 1000w\" sizes=\"auto, (max-width: 300px) 100vw, 300px\" \/><\/p>\n<p>Hier einige Beispiele unserer St\u00fchle aus der Manufaktur<\/p>\n<p><img loading=\"lazy\" decoding=\"async\" class=\"alignnone size-medium wp-image-744\" src=\"https:\/\/buerosysteme-fassbach.de\/wp-content\/uploads\/2020\/02\/11.325-2-013-300x200.jpg\" alt=\"\" width=\"300\" height=\"200\" srcset=\"https:\/\/buerosysteme-fassbach.de\/wp-content\/uploads\/2020\/02\/11.325-2-013-300x200.jpg 300w, https:\/\/buerosysteme-fassbach.de\/wp-content\/uploads\/2020\/02\/11.325-2-013-1024x684.jpg 1024w, https:\/\/buerosysteme-fassbach.de\/wp-content\/uploads\/2020\/02\/11.325-2-013-768x513.jpg 768w, https:\/\/buerosysteme-fassbach.de\/wp-content\/uploads\/2020\/02\/11.325-2-013-1536x1025.jpg 1536w, https:\/\/buerosysteme-fassbach.de\/wp-content\/uploads\/2020\/02\/11.325-2-013.jpg 2000w\" sizes=\"auto, (max-width: 300px) 100vw, 300px\" \/> <img loading=\"lazy\" decoding=\"async\" class=\"alignnone size-medium wp-image-745\" src=\"https:\/\/buerosysteme-fassbach.de\/wp-content\/uploads\/2020\/02\/Ahlen-11_vo_per-200x300.jpg\" alt=\"\" width=\"200\" height=\"300\" srcset=\"https:\/\/buerosysteme-fassbach.de\/wp-content\/uploads\/2020\/02\/Ahlen-11_vo_per-200x300.jpg 200w, https:\/\/buerosysteme-fassbach.de\/wp-content\/uploads\/2020\/02\/Ahlen-11_vo_per.jpg 299w\" sizes=\"auto, (max-width: 200px) 100vw, 200px\" \/> <img loading=\"lazy\" decoding=\"async\" class=\"alignnone size-medium wp-image-746\" src=\"https:\/\/buerosysteme-fassbach.de\/wp-content\/uploads\/2020\/02\/Ahlen-21-per-magenta-200x300.jpg\" alt=\"\" width=\"200\" height=\"300\" srcset=\"https:\/\/buerosysteme-fassbach.de\/wp-content\/uploads\/2020\/02\/Ahlen-21-per-magenta-200x300.jpg 200w, https:\/\/buerosysteme-fassbach.de\/wp-content\/uploads\/2020\/02\/Ahlen-21-per-magenta-683x1024.jpg 683w, https:\/\/buerosysteme-fassbach.de\/wp-content\/uploads\/2020\/02\/Ahlen-21-per-magenta-768x1151.jpg 768w, https:\/\/buerosysteme-fassbach.de\/wp-content\/uploads\/2020\/02\/Ahlen-21-per-magenta-1025x1536.jpg 1025w, https:\/\/buerosysteme-fassbach.de\/wp-content\/uploads\/2020\/02\/Ahlen-21-per-magenta-1367x2048.jpg 1367w, https:\/\/buerosysteme-fassbach.de\/wp-content\/uploads\/2020\/02\/Ahlen-21-per-magenta-scaled.jpg 1709w\" sizes=\"auto, (max-width: 200px) 100vw, 200px\" \/> <img loading=\"lazy\" decoding=\"async\" class=\"alignnone size-medium wp-image-747\" src=\"https:\/\/buerosysteme-fassbach.de\/wp-content\/uploads\/2020\/02\/Ahlen-21_vo_per_blau-200x300.jpg\" alt=\"\" width=\"200\" height=\"300\" srcset=\"https:\/\/buerosysteme-fassbach.de\/wp-content\/uploads\/2020\/02\/Ahlen-21_vo_per_blau-200x300.jpg 200w, https:\/\/buerosysteme-fassbach.de\/wp-content\/uploads\/2020\/02\/Ahlen-21_vo_per_blau-683x1024.jpg 683w, https:\/\/buerosysteme-fassbach.de\/wp-content\/uploads\/2020\/02\/Ahlen-21_vo_per_blau-768x1151.jpg 768w, https:\/\/buerosysteme-fassbach.de\/wp-content\/uploads\/2020\/02\/Ahlen-21_vo_per_blau-1025x1536.jpg 1025w, https:\/\/buerosysteme-fassbach.de\/wp-content\/uploads\/2020\/02\/Ahlen-21_vo_per_blau-1367x2048.jpg 1367w, https:\/\/buerosysteme-fassbach.de\/wp-content\/uploads\/2020\/02\/Ahlen-21_vo_per_blau-scaled.jpg 1709w\" sizes=\"auto, (max-width: 200px) 100vw, 200px\" \/><\/p>\n<p>&nbsp;<\/p>\n<p><img loading=\"lazy\" decoding=\"async\" class=\"alignnone size-medium wp-image-748\" src=\"https:\/\/buerosysteme-fassbach.de\/wp-content\/uploads\/2020\/02\/Ahlen-23-200x300.jpg\" alt=\"\" width=\"200\" height=\"300\" srcset=\"https:\/\/buerosysteme-fassbach.de\/wp-content\/uploads\/2020\/02\/Ahlen-23-200x300.jpg 200w, https:\/\/buerosysteme-fassbach.de\/wp-content\/uploads\/2020\/02\/Ahlen-23-684x1024.jpg 684w, https:\/\/buerosysteme-fassbach.de\/wp-content\/uploads\/2020\/02\/Ahlen-23-768x1151.jpg 768w, https:\/\/buerosysteme-fassbach.de\/wp-content\/uploads\/2020\/02\/Ahlen-23-1025x1536.jpg 1025w, https:\/\/buerosysteme-fassbach.de\/wp-content\/uploads\/2020\/02\/Ahlen-23.jpg 1335w\" sizes=\"auto, (max-width: 200px) 100vw, 200px\" \/> <img loading=\"lazy\" decoding=\"async\" class=\"alignnone size-medium wp-image-750\" src=\"https:\/\/buerosysteme-fassbach.de\/wp-content\/uploads\/2020\/02\/Ahlen-52-vo_per-200x300.jpg\" alt=\"\" width=\"200\" height=\"300\" srcset=\"https:\/\/buerosysteme-fassbach.de\/wp-content\/uploads\/2020\/02\/Ahlen-52-vo_per-200x300.jpg 200w, https:\/\/buerosysteme-fassbach.de\/wp-content\/uploads\/2020\/02\/Ahlen-52-vo_per.jpg 567w\" sizes=\"auto, (max-width: 200px) 100vw, 200px\" \/> <img loading=\"lazy\" decoding=\"async\" class=\"alignnone size-medium wp-image-751\" src=\"https:\/\/buerosysteme-fassbach.de\/wp-content\/uploads\/2020\/02\/Ahlen-54_vo_per-200x300.jpg\" alt=\"\" width=\"200\" height=\"300\" srcset=\"https:\/\/buerosysteme-fassbach.de\/wp-content\/uploads\/2020\/02\/Ahlen-54_vo_per-200x300.jpg 200w, https:\/\/buerosysteme-fassbach.de\/wp-content\/uploads\/2020\/02\/Ahlen-54_vo_per-684x1024.jpg 684w, https:\/\/buerosysteme-fassbach.de\/wp-content\/uploads\/2020\/02\/Ahlen-54_vo_per-768x1151.jpg 768w, https:\/\/buerosysteme-fassbach.de\/wp-content\/uploads\/2020\/02\/Ahlen-54_vo_per-1025x1536.jpg 1025w, https:\/\/buerosysteme-fassbach.de\/wp-content\/uploads\/2020\/02\/Ahlen-54_vo_per.jpg 1335w\" sizes=\"auto, (max-width: 200px) 100vw, 200px\" \/> <img loading=\"lazy\" decoding=\"async\" class=\"alignnone size-medium wp-image-752\" src=\"https:\/\/buerosysteme-fassbach.de\/wp-content\/uploads\/2020\/02\/Ahlen-56-vorne-200x300.jpg\" alt=\"\" width=\"200\" height=\"300\" srcset=\"https:\/\/buerosysteme-fassbach.de\/wp-content\/uploads\/2020\/02\/Ahlen-56-vorne-200x300.jpg 200w, https:\/\/buerosysteme-fassbach.de\/wp-content\/uploads\/2020\/02\/Ahlen-56-vorne-684x1024.jpg 684w, https:\/\/buerosysteme-fassbach.de\/wp-content\/uploads\/2020\/02\/Ahlen-56-vorne-768x1151.jpg 768w, https:\/\/buerosysteme-fassbach.de\/wp-content\/uploads\/2020\/02\/Ahlen-56-vorne-1025x1536.jpg 1025w, https:\/\/buerosysteme-fassbach.de\/wp-content\/uploads\/2020\/02\/Ahlen-56-vorne.jpg 1335w\" sizes=\"auto, (max-width: 200px) 100vw, 200px\" \/> <img loading=\"lazy\" decoding=\"async\" class=\"alignnone size-medium wp-image-753\" src=\"https:\/\/buerosysteme-fassbach.de\/wp-content\/uploads\/2020\/02\/Armlehne-pol-150x300.jpg\" alt=\"\" width=\"150\" height=\"300\" srcset=\"https:\/\/buerosysteme-fassbach.de\/wp-content\/uploads\/2020\/02\/Armlehne-pol-150x300.jpg 150w, https:\/\/buerosysteme-fassbach.de\/wp-content\/uploads\/2020\/02\/Armlehne-pol-512x1024.jpg 512w, https:\/\/buerosysteme-fassbach.de\/wp-content\/uploads\/2020\/02\/Armlehne-pol-768x1536.jpg 768w, https:\/\/buerosysteme-fassbach.de\/wp-content\/uploads\/2020\/02\/Armlehne-pol-1024x2048.jpg 1024w, https:\/\/buerosysteme-fassbach.de\/wp-content\/uploads\/2020\/02\/Armlehne-pol-scaled.jpg 1280w\" sizes=\"auto, (max-width: 150px) 100vw, 150px\" \/> <img loading=\"lazy\" decoding=\"async\" class=\"alignnone size-medium wp-image-754\" src=\"https:\/\/buerosysteme-fassbach.de\/wp-content\/uploads\/2020\/02\/Malika_Trolley_11-300x300.jpg\" alt=\"\" width=\"300\" height=\"300\" srcset=\"https:\/\/buerosysteme-fassbach.de\/wp-content\/uploads\/2020\/02\/Malika_Trolley_11-300x300.jpg 300w, https:\/\/buerosysteme-fassbach.de\/wp-content\/uploads\/2020\/02\/Malika_Trolley_11-150x150.jpg 150w, https:\/\/buerosysteme-fassbach.de\/wp-content\/uploads\/2020\/02\/Malika_Trolley_11-768x768.jpg 768w, https:\/\/buerosysteme-fassbach.de\/wp-content\/uploads\/2020\/02\/Malika_Trolley_11.jpg 900w\" sizes=\"auto, (max-width: 300px) 100vw, 300px\" \/> <img loading=\"lazy\" decoding=\"async\" class=\"alignnone size-medium wp-image-749\" src=\"https:\/\/buerosysteme-fassbach.de\/wp-content\/uploads\/2020\/02\/Ahlen-50_seite.tif\" alt=\"\" width=\"1\" height=\"1\" \/><img loading=\"lazy\" decoding=\"async\" class=\"alignnone wp-image-755\" src=\"https:\/\/buerosysteme-fassbach.de\/wp-content\/uploads\/2020\/02\/Label-300x213.jpg\" alt=\"\" width=\"211\" height=\"154\" \/><br \/>\n<strong>W\u00e4hlen Sie unter anderem<\/strong><br \/>\n&#8211; verschiedene Stoffe und Bezugfarben, Kunstleder, Leder<br \/>\n&#8211; Kunststofffu\u00df schwarz oder Alufu\u00df poliert<br \/>\n&#8211; Rollen f\u00fcr Teppichboden oder harte B\u00f6den<br \/>\n&#8211; mit oder ohne Armlehnen<br \/>\n&#8211; verschiedene Armlehnenfunktionen und Auflagen<br \/>\n&#8211; Sitztiefenverstellung, Sitzneigeverstellung<br \/>\n&#8211; aufpumpbare Lordosentiefenverstellung<br \/>\n&#8211; 3D Sitzgelenk<br \/>\n&#8211; Komfortpolsterung<br \/>\n&#8211; Kopfst\u00fctze<br \/>\n&#8211; auf Anfrage ganz individuell mit aufgesticktem Kundenlogo in der R\u00fcckenlehne<\/p>\n<p>Jetzt sind Sie dran!<\/p>\n<p>Bei Interesse sprechen Sie uns einfach an &#8211; telefonisch oder per email.<\/p>\n","protected":false},"excerpt":{"rendered":"<p>Auf der Suche nach dem passenden Produkt schnell &#8211; g\u00fcnstig &#8211; super Qualit\u00e4t Das waren die Merkmale, die wir im Kopf hatten, als wir nach zus\u00e4tzlichen, flexiblen Sitzm\u00f6beln gesucht haben. Dabei sind wir auf eine Manufakturwerkstatt mit eigener N\u00e4herei, Polsterei <span class=\"excerpt-dots\">&hellip;<\/span> <a class=\"more-link\" href=\"https:\/\/buerosysteme-fassbach.de\/?page_id=741\"><span class=\"more-msg\">Weiterlesen &rarr;<\/span><\/a><\/p>\n","protected":false},"author":1,"featured_media":0,"parent":0,"menu_order":0,"comment_status":"closed","ping_status":"closed","template":"","meta":{"footnotes":""},"class_list":["post-741","page","type-page","status-publish","hentry"],"_links":{"self":[{"href":"https:\/\/buerosysteme-fassbach.de\/index.php?rest_route=\/wp\/v2\/pages\/741","targetHints":{"allow":["GET"]}}],"collection":[{"href":"https:\/\/buerosysteme-fassbach.de\/index.php?rest_route=\/wp\/v2\/pages"}],"about":[{"href":"https:\/\/buerosysteme-fassbach.de\/index.php?rest_route=\/wp\/v2\/types\/page"}],"author":[{"embeddable":true,"href":"https:\/\/buerosysteme-fassbach.de\/index.php?rest_route=\/wp\/v2\/users\/1"}],"replies":[{"embeddable":true,"href":"https:\/\/buerosysteme-fassbach.de\/index.php?rest_route=%2Fwp%2Fv2%2Fcomments&post=741"}],"version-history":[{"count":17,"href":"https:\/\/buerosysteme-fassbach.de\/index.php?rest_route=\/wp\/v2\/pages\/741\/revisions"}],"predecessor-version":[{"id":1600,"href":"https:\/\/buerosysteme-fassbach.de\/index.php?rest_route=\/wp\/v2\/pages\/741\/revisions\/1600"}],"wp:attachment":[{"href":"https:\/\/buerosysteme-fassbach.de\/index.php?rest_route=%2Fwp%2Fv2%2Fmedia&parent=741"}],"curies":[{"name":"wp","href":"https:\/\/api.w.org\/{rel}","templated":true}]}}