{"id":719,"date":"2020-02-24T08:32:50","date_gmt":"2020-02-24T08:32:50","guid":{"rendered":"https:\/\/buerosysteme-fassbach.de\/?page_id=719"},"modified":"2020-10-13T09:51:43","modified_gmt":"2020-10-13T09:51:43","slug":"vario-zeitthemen","status":"publish","type":"page","link":"https:\/\/buerosysteme-fassbach.de\/?page_id=719","title":{"rendered":"VARIO Zeitthemen"},"content":{"rendered":"<p style=\"text-align: center;\"><strong><img loading=\"lazy\" decoding=\"async\" class=\"alignnone size-medium wp-image-713 aligncenter\" src=\"https:\/\/buerosysteme-fassbach.de\/wp-content\/uploads\/2020\/02\/Zeitthemen-300x179.jpg\" alt=\"\" width=\"300\" height=\"179\" srcset=\"https:\/\/buerosysteme-fassbach.de\/wp-content\/uploads\/2020\/02\/Zeitthemen-300x179.jpg 300w, https:\/\/buerosysteme-fassbach.de\/wp-content\/uploads\/2020\/02\/Zeitthemen.jpg 548w\" sizes=\"auto, (max-width: 300px) 100vw, 300px\" \/><br \/>\n<\/strong>Die VARIO Zeitthemen informieren auf kreative, unterhaltsame Weise \u00fcber aktuelle, teilweise ausgefallene, stets solide und interessante Ans\u00e4tze in der Welt der B\u00fcroeinrichtung. Zeit f\u00fcr Ideen und Inspiration.<\/p>\n<p><a href=\"https:\/\/buerosysteme-fassbach.de\/wp-content\/uploads\/2020\/02\/VARIO_AUSZEIT.pdf\" target=\"_blank\" rel=\"noopener noreferrer\"><img loading=\"lazy\" decoding=\"async\" class=\"alignnone size-medium wp-image-682\" src=\"https:\/\/buerosysteme-fassbach.de\/wp-content\/uploads\/2020\/02\/K800_Auszeit-212x300.jpg\" alt=\"\" width=\"212\" height=\"300\" srcset=\"https:\/\/buerosysteme-fassbach.de\/wp-content\/uploads\/2020\/02\/K800_Auszeit-212x300.jpg 212w, https:\/\/buerosysteme-fassbach.de\/wp-content\/uploads\/2020\/02\/K800_Auszeit.jpg 600w\" sizes=\"auto, (max-width: 212px) 100vw, 212px\" \/><\/a><a href=\"https:\/\/buerosysteme-fassbach.de\/wp-content\/uploads\/2020\/02\/VARIO_Brotzeit.pdf\" target=\"_blank\" rel=\"noopener noreferrer\"><img loading=\"lazy\" decoding=\"async\" class=\"alignnone size-medium wp-image-683\" src=\"https:\/\/buerosysteme-fassbach.de\/wp-content\/uploads\/2020\/02\/K800_Brotzeit-213x300.jpg\" alt=\"\" width=\"213\" height=\"300\" srcset=\"https:\/\/buerosysteme-fassbach.de\/wp-content\/uploads\/2020\/02\/K800_Brotzeit-213x300.jpg 213w, https:\/\/buerosysteme-fassbach.de\/wp-content\/uploads\/2020\/02\/K800_Brotzeit.jpg 600w\" sizes=\"auto, (max-width: 213px) 100vw, 213px\" \/><\/a><a href=\"https:\/\/buerosysteme-fassbach.de\/wp-content\/uploads\/2020\/02\/VARIO_Designzeit.pdf\" target=\"_blank\" rel=\"noopener noreferrer\"><img loading=\"lazy\" decoding=\"async\" class=\"alignnone size-medium wp-image-684\" src=\"https:\/\/buerosysteme-fassbach.de\/wp-content\/uploads\/2020\/02\/K800_Designzeit-212x300.jpg\" alt=\"\" width=\"212\" height=\"300\" srcset=\"https:\/\/buerosysteme-fassbach.de\/wp-content\/uploads\/2020\/02\/K800_Designzeit-212x300.jpg 212w, https:\/\/buerosysteme-fassbach.de\/wp-content\/uploads\/2020\/02\/K800_Designzeit.jpg 600w\" sizes=\"auto, (max-width: 212px) 100vw, 212px\" \/><\/a><a href=\"https:\/\/buerosysteme-fassbach.de\/wp-content\/uploads\/2020\/02\/VARIO_Empfangszeit.pdf\" target=\"_blank\" rel=\"noopener noreferrer\"><img loading=\"lazy\" decoding=\"async\" class=\"alignnone size-medium wp-image-685\" src=\"https:\/\/buerosysteme-fassbach.de\/wp-content\/uploads\/2020\/02\/K800_Empfangszeit-214x300.jpg\" alt=\"\" width=\"214\" height=\"300\" srcset=\"https:\/\/buerosysteme-fassbach.de\/wp-content\/uploads\/2020\/02\/K800_Empfangszeit-214x300.jpg 214w, https:\/\/buerosysteme-fassbach.de\/wp-content\/uploads\/2020\/02\/K800_Empfangszeit.jpg 600w\" sizes=\"auto, (max-width: 214px) 100vw, 214px\" \/><\/a><\/p>\n<p><a href=\"https:\/\/buerosysteme-fassbach.de\/wp-content\/uploads\/2020\/02\/VARIO_Halbzeit.pdf\" target=\"_blank\" rel=\"noopener noreferrer\"><img loading=\"lazy\" decoding=\"async\" class=\"alignnone size-medium wp-image-686\" src=\"https:\/\/buerosysteme-fassbach.de\/wp-content\/uploads\/2020\/02\/K800_Halbzeit-212x300.jpg\" alt=\"\" width=\"212\" height=\"300\" srcset=\"https:\/\/buerosysteme-fassbach.de\/wp-content\/uploads\/2020\/02\/K800_Halbzeit-212x300.jpg 212w, https:\/\/buerosysteme-fassbach.de\/wp-content\/uploads\/2020\/02\/K800_Halbzeit.jpg 600w\" sizes=\"auto, (max-width: 212px) 100vw, 212px\" \/><\/a><a href=\"https:\/\/buerosysteme-fassbach.de\/wp-content\/uploads\/2020\/02\/VARIO_Kreativzeit.pdf\" target=\"_blank\" rel=\"noopener noreferrer\"><img loading=\"lazy\" decoding=\"async\" class=\"alignnone size-medium wp-image-694\" src=\"https:\/\/buerosysteme-fassbach.de\/wp-content\/uploads\/2020\/02\/Kreativzeit-213x300.jpg\" alt=\"\" width=\"213\" height=\"300\" srcset=\"https:\/\/buerosysteme-fassbach.de\/wp-content\/uploads\/2020\/02\/Kreativzeit-213x300.jpg 213w, https:\/\/buerosysteme-fassbach.de\/wp-content\/uploads\/2020\/02\/Kreativzeit-726x1024.jpg 726w, https:\/\/buerosysteme-fassbach.de\/wp-content\/uploads\/2020\/02\/Kreativzeit-768x1083.jpg 768w, https:\/\/buerosysteme-fassbach.de\/wp-content\/uploads\/2020\/02\/Kreativzeit.jpg 854w\" sizes=\"auto, (max-width: 213px) 100vw, 213px\" \/><\/a><a href=\"https:\/\/buerosysteme-fassbach.de\/wp-content\/uploads\/2020\/02\/VARIO_Lesezeit.pdf\" target=\"_blank\" rel=\"noopener noreferrer\"><img loading=\"lazy\" decoding=\"async\" class=\"alignnone size-medium wp-image-695\" src=\"https:\/\/buerosysteme-fassbach.de\/wp-content\/uploads\/2020\/02\/Lesezeit-213x300.jpg\" alt=\"\" width=\"213\" height=\"300\" srcset=\"https:\/\/buerosysteme-fassbach.de\/wp-content\/uploads\/2020\/02\/Lesezeit-213x300.jpg 213w, https:\/\/buerosysteme-fassbach.de\/wp-content\/uploads\/2020\/02\/Lesezeit-726x1024.jpg 726w, https:\/\/buerosysteme-fassbach.de\/wp-content\/uploads\/2020\/02\/Lesezeit-768x1083.jpg 768w, https:\/\/buerosysteme-fassbach.de\/wp-content\/uploads\/2020\/02\/Lesezeit.jpg 852w\" sizes=\"auto, (max-width: 213px) 100vw, 213px\" \/><\/a><a href=\"https:\/\/buerosysteme-fassbach.de\/wp-content\/uploads\/2020\/02\/VARIO_Leuchtzeit.pdf\" target=\"_blank\" rel=\"noopener noreferrer\"><img loading=\"lazy\" decoding=\"async\" class=\"alignnone size-medium wp-image-696\" src=\"https:\/\/buerosysteme-fassbach.de\/wp-content\/uploads\/2020\/02\/Leuchtzeit-210x300.jpg\" alt=\"\" width=\"210\" height=\"300\" srcset=\"https:\/\/buerosysteme-fassbach.de\/wp-content\/uploads\/2020\/02\/Leuchtzeit-210x300.jpg 210w, https:\/\/buerosysteme-fassbach.de\/wp-content\/uploads\/2020\/02\/Leuchtzeit-717x1024.jpg 717w, https:\/\/buerosysteme-fassbach.de\/wp-content\/uploads\/2020\/02\/Leuchtzeit-768x1096.jpg 768w, https:\/\/buerosysteme-fassbach.de\/wp-content\/uploads\/2020\/02\/Leuchtzeit.jpg 845w\" sizes=\"auto, (max-width: 210px) 100vw, 210px\" \/><\/a><\/p>\n<p><a href=\"https:\/\/buerosysteme-fassbach.de\/wp-content\/uploads\/2020\/02\/VARIO_PFLANZZEIT.pdf\" target=\"_blank\" rel=\"noopener noreferrer\"><img loading=\"lazy\" decoding=\"async\" class=\"alignnone size-medium wp-image-697\" src=\"https:\/\/buerosysteme-fassbach.de\/wp-content\/uploads\/2020\/02\/Pflanzzeit-214x300.jpg\" alt=\"\" width=\"214\" height=\"300\" srcset=\"https:\/\/buerosysteme-fassbach.de\/wp-content\/uploads\/2020\/02\/Pflanzzeit-214x300.jpg 214w, https:\/\/buerosysteme-fassbach.de\/wp-content\/uploads\/2020\/02\/Pflanzzeit-729x1024.jpg 729w, https:\/\/buerosysteme-fassbach.de\/wp-content\/uploads\/2020\/02\/Pflanzzeit-768x1079.jpg 768w, https:\/\/buerosysteme-fassbach.de\/wp-content\/uploads\/2020\/02\/Pflanzzeit.jpg 854w\" sizes=\"auto, (max-width: 214px) 100vw, 214px\" \/><\/a><a href=\"https:\/\/buerosysteme-fassbach.de\/wp-content\/uploads\/2020\/02\/VARIO_Stapelzeit.pdf\" target=\"_blank\" rel=\"noopener noreferrer\"><img loading=\"lazy\" decoding=\"async\" class=\"alignnone size-medium wp-image-691\" src=\"https:\/\/buerosysteme-fassbach.de\/wp-content\/uploads\/2020\/02\/K800_Stapelzeit-213x300.jpg\" alt=\"\" width=\"213\" height=\"300\" srcset=\"https:\/\/buerosysteme-fassbach.de\/wp-content\/uploads\/2020\/02\/K800_Stapelzeit-213x300.jpg 213w, https:\/\/buerosysteme-fassbach.de\/wp-content\/uploads\/2020\/02\/K800_Stapelzeit.jpg 600w\" sizes=\"auto, (max-width: 213px) 100vw, 213px\" \/><\/a><a href=\"https:\/\/buerosysteme-fassbach.de\/wp-content\/uploads\/2020\/02\/VARIO_STAUZEIT.pdf\" target=\"_blank\" rel=\"noopener noreferrer\"><img loading=\"lazy\" decoding=\"async\" class=\"alignnone size-medium wp-image-699\" src=\"https:\/\/buerosysteme-fassbach.de\/wp-content\/uploads\/2020\/02\/Stauzeit-212x300.jpg\" alt=\"\" width=\"212\" height=\"300\" srcset=\"https:\/\/buerosysteme-fassbach.de\/wp-content\/uploads\/2020\/02\/Stauzeit-212x300.jpg 212w, https:\/\/buerosysteme-fassbach.de\/wp-content\/uploads\/2020\/02\/Stauzeit-725x1024.jpg 725w, https:\/\/buerosysteme-fassbach.de\/wp-content\/uploads\/2020\/02\/Stauzeit-768x1084.jpg 768w, https:\/\/buerosysteme-fassbach.de\/wp-content\/uploads\/2020\/02\/Stauzeit.jpg 852w\" sizes=\"auto, (max-width: 212px) 100vw, 212px\" \/><\/a><a href=\"https:\/\/buerosysteme-fassbach.de\/wp-content\/uploads\/2020\/02\/VARIO_Wanderzeit.pdf\" target=\"_blank\" rel=\"noopener noreferrer\"><img loading=\"lazy\" decoding=\"async\" class=\"alignnone size-medium wp-image-693\" src=\"https:\/\/buerosysteme-fassbach.de\/wp-content\/uploads\/2020\/02\/K800_Wanderzeit-213x300.jpg\" alt=\"\" width=\"213\" height=\"300\" srcset=\"https:\/\/buerosysteme-fassbach.de\/wp-content\/uploads\/2020\/02\/K800_Wanderzeit-213x300.jpg 213w, https:\/\/buerosysteme-fassbach.de\/wp-content\/uploads\/2020\/02\/K800_Wanderzeit.jpg 600w\" sizes=\"auto, (max-width: 213px) 100vw, 213px\" \/><\/a><\/p>\n","protected":false},"excerpt":{"rendered":"<p>Die VARIO Zeitthemen informieren auf kreative, unterhaltsame Weise \u00fcber aktuelle, teilweise ausgefallene, stets solide und interessante Ans\u00e4tze in der Welt der B\u00fcroeinrichtung. Zeit f\u00fcr Ideen und Inspiration.<\/p>\n <a class=\"more-link\" href=\"https:\/\/buerosysteme-fassbach.de\/?page_id=719\"><span class=\"more-msg\">Weiterlesen &rarr;<\/span><\/a>","protected":false},"author":1,"featured_media":0,"parent":0,"menu_order":0,"comment_status":"closed","ping_status":"closed","template":"","meta":{"footnotes":""},"class_list":["post-719","page","type-page","status-publish","hentry"],"_links":{"self":[{"href":"https:\/\/buerosysteme-fassbach.de\/index.php?rest_route=\/wp\/v2\/pages\/719","targetHints":{"allow":["GET"]}}],"collection":[{"href":"https:\/\/buerosysteme-fassbach.de\/index.php?rest_route=\/wp\/v2\/pages"}],"about":[{"href":"https:\/\/buerosysteme-fassbach.de\/index.php?rest_route=\/wp\/v2\/types\/page"}],"author":[{"embeddable":true,"href":"https:\/\/buerosysteme-fassbach.de\/index.php?rest_route=\/wp\/v2\/users\/1"}],"replies":[{"embeddable":true,"href":"https:\/\/buerosysteme-fassbach.de\/index.php?rest_route=%2Fwp%2Fv2%2Fcomments&post=719"}],"version-history":[{"count":15,"href":"https:\/\/buerosysteme-fassbach.de\/index.php?rest_route=\/wp\/v2\/pages\/719\/revisions"}],"predecessor-version":[{"id":1015,"href":"https:\/\/buerosysteme-fassbach.de\/index.php?rest_route=\/wp\/v2\/pages\/719\/revisions\/1015"}],"wp:attachment":[{"href":"https:\/\/buerosysteme-fassbach.de\/index.php?rest_route=%2Fwp%2Fv2%2Fmedia&parent=719"}],"curies":[{"name":"wp","href":"https:\/\/api.w.org\/{rel}","templated":true}]}}