{"id":57,"date":"2016-11-12T14:18:43","date_gmt":"2016-11-12T14:18:43","guid":{"rendered":"http:\/\/buerosysteme-fassbach.de\/?page_id=57"},"modified":"2021-05-19T13:24:40","modified_gmt":"2021-05-19T13:24:40","slug":"lieferungen-und-montage","status":"publish","type":"page","link":"https:\/\/buerosysteme-fassbach.de\/?page_id=57","title":{"rendered":"Lieferungen und Montage"},"content":{"rendered":"<p><strong>Den Gro\u00dfteil aller Lieferungen und Montagen f\u00fchren wir selbst durch.<\/strong><\/p>\n<p><strong>Ihre Vorteile<\/strong><\/p>\n<ul>\n<li>Sie haben bei Lieferung und Montage den gleichen Ansprechpartner, wie in der Angebotsphase und nach der Bestellung.<\/li>\n<li>Individuelle \u00c4nderungen bei der Aufstellung der M\u00f6bel sind, Durchf\u00fchrbarkeit vorausgesetzt, unkompliziert m\u00f6glich.<\/li>\n<\/ul>\n<div style=\"width: 640px;\" class=\"wp-video\"><!--[if lt IE 9]><script>document.createElement('video');<\/script><![endif]-->\n<video class=\"wp-video-shortcode\" id=\"video-57-1\" width=\"640\" height=\"480\" preload=\"metadata\" controls=\"controls\"><source type=\"video\/mp4\" src=\"http:\/\/buerosysteme-fassbach.de\/wp-content\/uploads\/2016\/11\/Schrankwandmontage.mp4?_=1\" \/><a href=\"http:\/\/buerosysteme-fassbach.de\/wp-content\/uploads\/2016\/11\/Schrankwandmontage.mp4\">http:\/\/buerosysteme-fassbach.de\/wp-content\/uploads\/2016\/11\/Schrankwandmontage.mp4<\/a><\/video><\/div>\n<p>&nbsp;<\/p>\n<p><strong>Ablauf<\/strong><\/p>\n<ul>\n<li>Wir teilen Ihnen einige Tage vor der best\u00e4tigten Lieferwoche einen Terminvorschlag mit, der\u00a0 individuell besprochen werden kann.<\/li>\n<li>Die M\u00f6bel werden von uns bis zur Verwendungsstelle vertragen und dort, wenn n\u00f6tig, ausgepackt und gebrauchsfertig aufgestellt.<\/li>\n<li>Dabei werden geeignete Transportwege und freiger\u00e4umte Verwendungsstelle vorausgesetzt, f\u00fcr die der Kunde sorgen sollte.<\/li>\n<li>Auf Wunsch k\u00f6nnen wir gegen Berechnung auch alte M\u00f6bel ausr\u00e4umen und entsorgen. Dies sollte jedoch vorher besprochen werden, damit wir gen\u00fcgend Zeit und Personal mitbringen. Arbeiten an Kundeneigentum, insbesondere an laufender EDV Hardware, d\u00fcrfen wir nicht durchf\u00fchren. So sollten vor der Lieferung die Computer ausgeschaltet und m\u00f6glichst alle Stecker gel\u00f6st sein. Wir k\u00f6nnen dann etwa Kabelenden durch die \u00d6ffnungen in Tischplatten legen und Kabelreste in Kabelkan\u00e4len verstauen. Der Anschluss der Kabel und die Inbetriebnahme erfolgt durch den Kunden\/die Kundin oder eine durch diese*n bestellte EDV Fachkraft.<\/li>\n<\/ul>\n<p><img loading=\"lazy\" decoding=\"async\" class=\"alignnone wp-image-58\" src=\"http:\/\/buerosysteme-fassbach.de\/wp-content\/uploads\/2016\/11\/montage01.jpg\" alt=\"montage01\" width=\"200\" height=\"157\" \/> <img loading=\"lazy\" decoding=\"async\" class=\"alignnone wp-image-1338\" src=\"https:\/\/buerosysteme-fassbach.de\/wp-content\/uploads\/2021\/05\/IMG_5769-300x234.jpg\" alt=\"\" width=\"201\" height=\"157\" srcset=\"https:\/\/buerosysteme-fassbach.de\/wp-content\/uploads\/2021\/05\/IMG_5769-300x234.jpg 300w, https:\/\/buerosysteme-fassbach.de\/wp-content\/uploads\/2021\/05\/IMG_5769-1024x798.jpg 1024w, https:\/\/buerosysteme-fassbach.de\/wp-content\/uploads\/2021\/05\/IMG_5769-768x598.jpg 768w, https:\/\/buerosysteme-fassbach.de\/wp-content\/uploads\/2021\/05\/IMG_5769-1536x1197.jpg 1536w, https:\/\/buerosysteme-fassbach.de\/wp-content\/uploads\/2021\/05\/IMG_5769-2048x1596.jpg 2048w\" sizes=\"auto, (max-width: 201px) 100vw, 201px\" \/>\u00a0<img loading=\"lazy\" decoding=\"async\" class=\"alignnone wp-image-60\" src=\"http:\/\/buerosysteme-fassbach.de\/wp-content\/uploads\/2016\/11\/montage03-300x235.jpg\" alt=\"montage03\" width=\"200\" height=\"157\" srcset=\"https:\/\/buerosysteme-fassbach.de\/wp-content\/uploads\/2016\/11\/montage03-300x235.jpg 300w, https:\/\/buerosysteme-fassbach.de\/wp-content\/uploads\/2016\/11\/montage03.jpg 318w\" sizes=\"auto, (max-width: 200px) 100vw, 200px\" \/><\/p>\n<p>Sollten spezielle Montagen, wie Trennwandaufbau, n\u00f6tig sein, werden diese durch Herstellerpersonal durchgef\u00fchrt. Wir sind zu Beginn der Arbeiten anwesend und stehen auch w\u00e4hrend der Durchf\u00fchrung zur Verf\u00fcgung.<\/p>\n","protected":false},"excerpt":{"rendered":"<p>Den Gro\u00dfteil aller Lieferungen und Montagen f\u00fchren wir selbst durch. Ihre Vorteile Sie haben bei Lieferung und Montage den gleichen Ansprechpartner, wie in der Angebotsphase und nach der Bestellung. Individuelle \u00c4nderungen bei der Aufstellung der M\u00f6bel sind, Durchf\u00fchrbarkeit vorausgesetzt, unkompliziert <span class=\"excerpt-dots\">&hellip;<\/span> <a class=\"more-link\" href=\"https:\/\/buerosysteme-fassbach.de\/?page_id=57\"><span class=\"more-msg\">Weiterlesen &rarr;<\/span><\/a><\/p>\n","protected":false},"author":1,"featured_media":0,"parent":0,"menu_order":0,"comment_status":"closed","ping_status":"closed","template":"","meta":{"footnotes":""},"class_list":["post-57","page","type-page","status-publish","hentry"],"_links":{"self":[{"href":"https:\/\/buerosysteme-fassbach.de\/index.php?rest_route=\/wp\/v2\/pages\/57","targetHints":{"allow":["GET"]}}],"collection":[{"href":"https:\/\/buerosysteme-fassbach.de\/index.php?rest_route=\/wp\/v2\/pages"}],"about":[{"href":"https:\/\/buerosysteme-fassbach.de\/index.php?rest_route=\/wp\/v2\/types\/page"}],"author":[{"embeddable":true,"href":"https:\/\/buerosysteme-fassbach.de\/index.php?rest_route=\/wp\/v2\/users\/1"}],"replies":[{"embeddable":true,"href":"https:\/\/buerosysteme-fassbach.de\/index.php?rest_route=%2Fwp%2Fv2%2Fcomments&post=57"}],"version-history":[{"count":14,"href":"https:\/\/buerosysteme-fassbach.de\/index.php?rest_route=\/wp\/v2\/pages\/57\/revisions"}],"predecessor-version":[{"id":1339,"href":"https:\/\/buerosysteme-fassbach.de\/index.php?rest_route=\/wp\/v2\/pages\/57\/revisions\/1339"}],"wp:attachment":[{"href":"https:\/\/buerosysteme-fassbach.de\/index.php?rest_route=%2Fwp%2Fv2%2Fmedia&parent=57"}],"curies":[{"name":"wp","href":"https:\/\/api.w.org\/{rel}","templated":true}]}}