{"id":43,"date":"2016-11-12T08:06:59","date_gmt":"2016-11-12T08:06:59","guid":{"rendered":"http:\/\/buerosysteme-fassbach.de\/?page_id=43"},"modified":"2026-03-11T12:58:05","modified_gmt":"2026-03-11T12:58:05","slug":"service","status":"publish","type":"page","link":"https:\/\/buerosysteme-fassbach.de\/?page_id=43","title":{"rendered":"Service"},"content":{"rendered":"<p><strong>Services und L\u00f6sungen<\/strong><\/p>\n<p>Hier sehen Sie, unabh\u00e4ngig von unserem Produktsortiment, einen \u00dcberblick \u00fcber die Leistungen und L\u00f6sungen, die wir Ihnen anbieten. Seit 1975 sind wir im Bereich B\u00fcroeinrichtungen t\u00e4tig und bieten unseren Kunden erstklassigen Service, der uns zu einem der f\u00fchrenden Anbieter in der Branche gemacht hat.<\/p>\n<p>&nbsp;<\/p>\n<p><img loading=\"lazy\" decoding=\"async\" class=\"alignnone size-full wp-image-53\" src=\"https:\/\/buerosysteme-fassbach.de\/wp-content\/uploads\/2016\/11\/ps.gif\" alt=\"\" width=\"226\" height=\"169\" \/><\/p>\n<p>Links zu unseren Services<\/p>\n<ul>\n<li><a href=\"https:\/\/buerosysteme-fassbach.de\/?page_id=40\">CAD Planung<\/a><\/li>\n<li><a href=\"https:\/\/buerosysteme-fassbach.de\/?page_id=57\">Lieferservice und Montageservice<\/a><\/li>\n<li><a href=\"https:\/\/buerosysteme-fassbach.de\/?page_id=69\">Reparatur-Service<\/a><\/li>\n<li><a href=\"https:\/\/buerosysteme-fassbach.de\/?page_id=95\">Bemusterungen und Probesitzen<\/a><\/li>\n<\/ul>\n","protected":false},"excerpt":{"rendered":"<p>Services und L\u00f6sungen Hier sehen Sie, unabh\u00e4ngig von unserem Produktsortiment, einen \u00dcberblick \u00fcber die Leistungen und L\u00f6sungen, die wir Ihnen anbieten. Seit 1975 sind wir im Bereich B\u00fcroeinrichtungen t\u00e4tig und bieten unseren Kunden erstklassigen Service, der uns zu einem der <span class=\"excerpt-dots\">&hellip;<\/span> <a class=\"more-link\" href=\"https:\/\/buerosysteme-fassbach.de\/?page_id=43\"><span class=\"more-msg\">Weiterlesen &rarr;<\/span><\/a><\/p>\n","protected":false},"author":1,"featured_media":0,"parent":0,"menu_order":0,"comment_status":"closed","ping_status":"closed","template":"","meta":{"footnotes":""},"class_list":["post-43","page","type-page","status-publish","hentry"],"_links":{"self":[{"href":"https:\/\/buerosysteme-fassbach.de\/index.php?rest_route=\/wp\/v2\/pages\/43","targetHints":{"allow":["GET"]}}],"collection":[{"href":"https:\/\/buerosysteme-fassbach.de\/index.php?rest_route=\/wp\/v2\/pages"}],"about":[{"href":"https:\/\/buerosysteme-fassbach.de\/index.php?rest_route=\/wp\/v2\/types\/page"}],"author":[{"embeddable":true,"href":"https:\/\/buerosysteme-fassbach.de\/index.php?rest_route=\/wp\/v2\/users\/1"}],"replies":[{"embeddable":true,"href":"https:\/\/buerosysteme-fassbach.de\/index.php?rest_route=%2Fwp%2Fv2%2Fcomments&post=43"}],"version-history":[{"count":8,"href":"https:\/\/buerosysteme-fassbach.de\/index.php?rest_route=\/wp\/v2\/pages\/43\/revisions"}],"predecessor-version":[{"id":1939,"href":"https:\/\/buerosysteme-fassbach.de\/index.php?rest_route=\/wp\/v2\/pages\/43\/revisions\/1939"}],"wp:attachment":[{"href":"https:\/\/buerosysteme-fassbach.de\/index.php?rest_route=%2Fwp%2Fv2%2Fmedia&parent=43"}],"curies":[{"name":"wp","href":"https:\/\/api.w.org\/{rel}","templated":true}]}}