{"id":423,"date":"2018-10-02T21:54:46","date_gmt":"2018-10-02T21:54:46","guid":{"rendered":"https:\/\/buerosysteme-fassbach.de\/?page_id=423"},"modified":"2024-12-02T07:52:02","modified_gmt":"2024-12-02T07:52:02","slug":"cookie-hinweise","status":"publish","type":"page","link":"https:\/\/buerosysteme-fassbach.de\/?page_id=423","title":{"rendered":"Cookie-Hinweise"},"content":{"rendered":"<p><script id=\"CookieDeclaration\" src=\"https:\/\/consent.cookiebot.com\/27ebf7eb-5b31-474f-abfb-d6b448396fe9\/cd.js\" type=\"text\/javascript\" async><\/script><br \/>\nSollte hier keine Erkl\u00e4rung dazu erscheinen, was Cookies sind, wie wir diese einsetzen und welche Einstellungen Sie gew\u00e4hlt haben, ist m\u00f6glicherweise in Ihrem Browser ein Plugin oder Add-On zur automatischen Cookie-Best\u00e4tigung oder Cookie-Ablehnung aktiv.<br \/>\nUm Informationen zu erhalten, schalten Sie diese bitte, zumindest zeitweise, aus.<\/p>\n","protected":false},"excerpt":{"rendered":"<p>Sollte hier keine Erkl\u00e4rung dazu erscheinen, was Cookies sind, wie wir diese einsetzen und welche Einstellungen Sie gew\u00e4hlt haben, ist m\u00f6glicherweise in Ihrem Browser ein Plugin oder Add-On zur automatischen Cookie-Best\u00e4tigung oder Cookie-Ablehnung aktiv. Um Informationen zu erhalten, schalten Sie <span class=\"excerpt-dots\">&hellip;<\/span> <a class=\"more-link\" href=\"https:\/\/buerosysteme-fassbach.de\/?page_id=423\"><span class=\"more-msg\">Weiterlesen &rarr;<\/span><\/a><\/p>\n","protected":false},"author":1,"featured_media":0,"parent":0,"menu_order":0,"comment_status":"closed","ping_status":"closed","template":"","meta":{"footnotes":""},"class_list":["post-423","page","type-page","status-publish","hentry"],"_links":{"self":[{"href":"https:\/\/buerosysteme-fassbach.de\/index.php?rest_route=\/wp\/v2\/pages\/423","targetHints":{"allow":["GET"]}}],"collection":[{"href":"https:\/\/buerosysteme-fassbach.de\/index.php?rest_route=\/wp\/v2\/pages"}],"about":[{"href":"https:\/\/buerosysteme-fassbach.de\/index.php?rest_route=\/wp\/v2\/types\/page"}],"author":[{"embeddable":true,"href":"https:\/\/buerosysteme-fassbach.de\/index.php?rest_route=\/wp\/v2\/users\/1"}],"replies":[{"embeddable":true,"href":"https:\/\/buerosysteme-fassbach.de\/index.php?rest_route=%2Fwp%2Fv2%2Fcomments&post=423"}],"version-history":[{"count":13,"href":"https:\/\/buerosysteme-fassbach.de\/index.php?rest_route=\/wp\/v2\/pages\/423\/revisions"}],"predecessor-version":[{"id":1697,"href":"https:\/\/buerosysteme-fassbach.de\/index.php?rest_route=\/wp\/v2\/pages\/423\/revisions\/1697"}],"wp:attachment":[{"href":"https:\/\/buerosysteme-fassbach.de\/index.php?rest_route=%2Fwp%2Fv2%2Fmedia&parent=423"}],"curies":[{"name":"wp","href":"https:\/\/api.w.org\/{rel}","templated":true}]}}