{"id":40,"date":"2016-11-12T07:48:51","date_gmt":"2016-11-12T07:48:51","guid":{"rendered":"http:\/\/buerosysteme-fassbach.de\/?page_id=40"},"modified":"2020-12-21T07:54:47","modified_gmt":"2020-12-21T07:54:47","slug":"cad-bueroraumplanung","status":"publish","type":"page","link":"https:\/\/buerosysteme-fassbach.de\/?page_id=40","title":{"rendered":"CAD-B\u00fcroraumplanung"},"content":{"rendered":"<p><strong>Computergest\u00fctzte Layout-Planung Ihrer B\u00fcror\u00e4ume<br \/>\n<\/strong>als Grundriss, Draufsicht, in farbigem 3D bis hin zur fotorealistischen Darstellung und AR (Augmented Reality) f\u00fcr PC, iOS und Android.<\/p>\n<p><strong>Ihre Vorteile<\/strong><\/p>\n<ul>\n<li>Planung anpassbar, bis sie die f\u00fcr Sie optimale L\u00f6sung erreicht.<\/li>\n<li>Sie wissen vorher, wie Ihre R\u00e4ume sp\u00e4ter einmal aussehen.<\/li>\n<li>Die Wahl der Oberfl\u00e4chenfarben f\u00e4llt leichter.<\/li>\n<li>Der Bedarf kann mit Ihren Mitarbeiter*innen gekl\u00e4rt und optimiert werden.<\/li>\n<li>Pr\u00e4sentationsm\u00f6glichkeiten bei uns, bei Ihnen oder online<\/li>\n<\/ul>\n<p>&nbsp;<\/p>\n<p><strong>Ablauf<\/strong><\/p>\n<ul>\n<li>Je nach Bedarf erstellen wir einen Grundriss anhand von Architektenpl\u00e4nen, Ihren Angaben oder eigenem Aufma\u00df vor Ort.<\/li>\n<li>Die Planung der B\u00fcroeinrichtung erfolgt mit detaillierten Herstellerbibliotheken, die eine realistische Darstellung und zuverl\u00e4ssige Angebotserstellung erlauben.<\/li>\n<li>F\u00fcr die Pr\u00e4sentation stehen verschiedene Wege zur Verf\u00fcgung &#8211; als pdf, dwg, AR Block oder in anderen Formaten.<\/li>\n<li>Auch eine Onlineberatung mit Teamviewer ist m\u00f6glich.<br \/>\n<img loading=\"lazy\" decoding=\"async\" class=\"wp-image-137 size-full alignnone\" src=\"http:\/\/buerosysteme-fassbach.de\/wp-content\/uploads\/2016\/11\/Planung.gif\" alt=\"planung\" width=\"1200\" height=\"900\" \/><\/li>\n<\/ul>\n<div class=\"mceTemp\"><\/div>\n<hr \/>\n<p><strong>Augmented Reality (AR)<\/strong><br \/>\nWir stellen Ihnen gern den M\u00f6belblock, den wir im pCon.planner erstellt haben, f\u00fcr iOS oder Android zur Verf\u00fcgung.<br \/>\nDiesen k\u00f6nnen Sie dann auf Ihr smartphone oder tablet laden und die M\u00f6bel virtuell in den tats\u00e4chlichen Raum stellen.<\/p>\n<p><img loading=\"lazy\" decoding=\"async\" class=\"alignnone wp-image-1025 \" src=\"https:\/\/buerosysteme-fassbach.de\/wp-content\/uploads\/2020\/10\/pp-scaled.jpg\" alt=\"\" width=\"388\" height=\"210\" srcset=\"https:\/\/buerosysteme-fassbach.de\/wp-content\/uploads\/2020\/10\/pp-scaled.jpg 2560w, https:\/\/buerosysteme-fassbach.de\/wp-content\/uploads\/2020\/10\/pp-300x162.jpg 300w, https:\/\/buerosysteme-fassbach.de\/wp-content\/uploads\/2020\/10\/pp-1024x553.jpg 1024w, https:\/\/buerosysteme-fassbach.de\/wp-content\/uploads\/2020\/10\/pp-768x415.jpg 768w, https:\/\/buerosysteme-fassbach.de\/wp-content\/uploads\/2020\/10\/pp-1536x830.jpg 1536w, https:\/\/buerosysteme-fassbach.de\/wp-content\/uploads\/2020\/10\/pp-2048x1106.jpg 2048w\" sizes=\"auto, (max-width: 388px) 100vw, 388px\" \/><\/p>\n<p><img loading=\"lazy\" decoding=\"async\" class=\"wp-image-1026 alignleft\" style=\"font-weight: bold; color: black;\" src=\"https:\/\/buerosysteme-fassbach.de\/wp-content\/uploads\/2020\/10\/IMG_0439-300x219.jpg\" alt=\"\" width=\"384\" height=\"280\" srcset=\"https:\/\/buerosysteme-fassbach.de\/wp-content\/uploads\/2020\/10\/IMG_0439-300x219.jpg 300w, https:\/\/buerosysteme-fassbach.de\/wp-content\/uploads\/2020\/10\/IMG_0439-1024x747.jpg 1024w, https:\/\/buerosysteme-fassbach.de\/wp-content\/uploads\/2020\/10\/IMG_0439-768x561.jpg 768w, https:\/\/buerosysteme-fassbach.de\/wp-content\/uploads\/2020\/10\/IMG_0439-1536x1121.jpg 1536w, https:\/\/buerosysteme-fassbach.de\/wp-content\/uploads\/2020\/10\/IMG_0439-2048x1495.jpg 2048w\" sizes=\"auto, (max-width: 384px) 100vw, 384px\" \/><\/p>\n<p>&nbsp;<\/p>\n<p>&nbsp;<\/p>\n<p>Musterdatei Apple AR <a href=\"https:\/\/buerosysteme-fassbach.de\/wp-content\/uploads\/2020\/10\/Apple-AR-Muster.usdz\">download<\/a><\/p>\n<p>Musterdatei Android AR <a href=\"https:\/\/buerosysteme-fassbach.de\/wp-content\/uploads\/2020\/10\/Android-AR-Muster.glb\">download<\/a><\/p>\n<p>&nbsp;<\/p>\n<p>&nbsp;<\/p>\n<p>&nbsp;<\/p>\n<p>&nbsp;<\/p>\n<hr \/>\n<h5 id=\"vs\"><strong>virtueller Showroom<\/strong><\/h5>\n<p><a href=\"https:\/\/impress.pcon-solutions.com\/?l=de&amp;edit=https:\/\/www.dropbox.com\/s\/vatayi31m9uxal1\/virtueller%2520Showroom_01_2020-11-03_09-48-45.pec%3fdl=0\" target=\"_blank\" rel=\"noopener noreferrer\"><img loading=\"lazy\" decoding=\"async\" class=\"alignnone wp-image-1053\" src=\"https:\/\/buerosysteme-fassbach.de\/wp-content\/uploads\/2020\/11\/virtueller-Showroom_01.jpg\" alt=\"\" width=\"593\" height=\"334\" srcset=\"https:\/\/buerosysteme-fassbach.de\/wp-content\/uploads\/2020\/11\/virtueller-Showroom_01.jpg 1920w, https:\/\/buerosysteme-fassbach.de\/wp-content\/uploads\/2020\/11\/virtueller-Showroom_01-300x169.jpg 300w, https:\/\/buerosysteme-fassbach.de\/wp-content\/uploads\/2020\/11\/virtueller-Showroom_01-1024x576.jpg 1024w, https:\/\/buerosysteme-fassbach.de\/wp-content\/uploads\/2020\/11\/virtueller-Showroom_01-768x432.jpg 768w, https:\/\/buerosysteme-fassbach.de\/wp-content\/uploads\/2020\/11\/virtueller-Showroom_01-1536x864.jpg 1536w\" sizes=\"auto, (max-width: 593px) 100vw, 593px\" \/><\/a><\/p>\n<p>In Zeiten, in denen wir unsere pers\u00f6nlichen Kontakte herunterfahren m\u00fcssen, sind Besuche in Ausstellungen und Showrooms nicht immer m\u00f6glich oder gew\u00fcnscht. Darum haben wir \u00fcberlegt, was wir tun k\u00f6nnen, um Ihnen eine Alternative zu bieten.<\/p>\n<p>Unsere L\u00f6sung: Wir gestalten f\u00fcr Sie in unserer CAD Software <strong>einen ganz individuellen Showroom<\/strong>, der genau die Elemente beinhaltet, die Sie interessieren &#8211; in den gew\u00fcnschten Konfigurationen und Farben. So sparen Sie sich eine lange Anfahrt und vermeiden, dass gerade das Gew\u00fcnschte M\u00f6belst\u00fcck in der realen Ausstellung nicht zu sehen ist.<\/p>\n<p>Das funktioniert ohne separate Software im Browser &#8211; also auf PC, Mac, iOS, Android &#8211; und Sie k\u00f6nnen sich in Ruhe darin umsehen, zoomen, bewegen, drehen.<\/p>\n<p>Ein Beispiel k\u00f6nnen Sie sich hier gern einfach einmal ansehen <a href=\"https:\/\/impress.pcon-solutions.com\/?l=de&amp;edit=https:\/\/www.dropbox.com\/s\/vatayi31m9uxal1\/virtueller%2520Showroom_01_2020-11-03_09-48-45.pec%3fdl=0\" target=\"_blank\" rel=\"noopener noreferrer\">hier klicken<\/a>.<\/p>\n<hr \/>\n<p><strong>dwg Dateien<\/strong><br \/>\nBesonders Architekten arbeiten gern mit diesem Format. Wir k\u00f6nnen dwg Grundrisse \u00f6ffnen, anpassen, darin M\u00f6bel planen und die Dateien austauschen.<\/p>\n<p><strong>weitere Formate<\/strong><br \/>\nUnter anderem k\u00f6nnen wir unsere Planungen auch in den folgenden Formaten einlesen und ausgeben, Kompatibilit\u00e4t vorausgesetzt.<br \/>\nAutoCAD dwg dxf dwt<br \/>\npCon pec obk obx<br \/>\n3D Studio 3ds<br \/>\nCOLLADA dae<br \/>\nAutodesk fbx<br \/>\nglTF glTF glb<br \/>\nIFC ifc<br \/>\nAlias OBJ obj<br \/>\nPDF pdf<br \/>\nACIS SAT sat sab<br \/>\nSketchUp skp<br \/>\nSTL stl<br \/>\nOFML Szene fml<br \/>\nOFML Umgebung env<br \/>\nOFML Gruppe ogrp<br \/>\nRenderstyle rstyle<br \/>\nEasternGrapgics eox<br \/>\nBitmap bmp<br \/>\nGIF gif<br \/>\nJPEG jpg<br \/>\nPNG png<br \/>\nTarga tga<br \/>\nTOF tif<br \/>\nVoxel cnivg<\/p>\n<p>Bei Fragen melden Sie sich einfach!<\/p>\n<pre><strong>Unsere Planungen werden erstellt mit der Software pCon.planner PRO<\/strong>.\r\nSie k\u00f6nnen die kostenlose Version dieser Software (ohne Zusatz PRO) laden, indem Sie auf das Logo klicken. Damit k\u00f6nnen Sie unsere Planungen eingeschr\u00e4nkt \u00f6ffnen und bearbeiten.\r\n <a href=\"http:\/\/pcon-planner.com\/de\/\" target=\"_blank\" rel=\"noopener noreferrer\"><img loading=\"lazy\" decoding=\"async\" class=\"alignnone wp-image-155\" src=\"http:\/\/buerosysteme-fassbach.de\/wp-content\/uploads\/2016\/11\/pCon_planner_Logo.jpg\" alt=\"pcon_planner_logo\" width=\"117\" height=\"50\" \/><\/a><\/pre>\n","protected":false},"excerpt":{"rendered":"<p>Computergest\u00fctzte Layout-Planung Ihrer B\u00fcror\u00e4ume als Grundriss, Draufsicht, in farbigem 3D bis hin zur fotorealistischen Darstellung und AR (Augmented Reality) f\u00fcr PC, iOS und Android. Ihre Vorteile Planung anpassbar, bis sie die f\u00fcr Sie optimale L\u00f6sung erreicht. Sie wissen vorher, wie <span class=\"excerpt-dots\">&hellip;<\/span> <a class=\"more-link\" href=\"https:\/\/buerosysteme-fassbach.de\/?page_id=40\"><span class=\"more-msg\">Weiterlesen &rarr;<\/span><\/a><\/p>\n","protected":false},"author":1,"featured_media":0,"parent":0,"menu_order":0,"comment_status":"closed","ping_status":"closed","template":"","meta":{"footnotes":""},"class_list":["post-40","page","type-page","status-publish","hentry"],"_links":{"self":[{"href":"https:\/\/buerosysteme-fassbach.de\/index.php?rest_route=\/wp\/v2\/pages\/40","targetHints":{"allow":["GET"]}}],"collection":[{"href":"https:\/\/buerosysteme-fassbach.de\/index.php?rest_route=\/wp\/v2\/pages"}],"about":[{"href":"https:\/\/buerosysteme-fassbach.de\/index.php?rest_route=\/wp\/v2\/types\/page"}],"author":[{"embeddable":true,"href":"https:\/\/buerosysteme-fassbach.de\/index.php?rest_route=\/wp\/v2\/users\/1"}],"replies":[{"embeddable":true,"href":"https:\/\/buerosysteme-fassbach.de\/index.php?rest_route=%2Fwp%2Fv2%2Fcomments&post=40"}],"version-history":[{"count":37,"href":"https:\/\/buerosysteme-fassbach.de\/index.php?rest_route=\/wp\/v2\/pages\/40\/revisions"}],"predecessor-version":[{"id":1152,"href":"https:\/\/buerosysteme-fassbach.de\/index.php?rest_route=\/wp\/v2\/pages\/40\/revisions\/1152"}],"wp:attachment":[{"href":"https:\/\/buerosysteme-fassbach.de\/index.php?rest_route=%2Fwp%2Fv2%2Fmedia&parent=40"}],"curies":[{"name":"wp","href":"https:\/\/api.w.org\/{rel}","templated":true}]}}