{"id":36,"date":"2016-11-12T00:46:43","date_gmt":"2016-11-12T00:46:43","guid":{"rendered":"http:\/\/buerosysteme-fassbach.de\/?page_id=36"},"modified":"2025-10-09T13:25:31","modified_gmt":"2025-10-09T13:25:31","slug":"kontakt","status":"publish","type":"page","link":"https:\/\/buerosysteme-fassbach.de\/?page_id=36","title":{"rendered":"Kontakt"},"content":{"rendered":"<p><strong>RUFEN SIE UNS AN<br \/>\n<\/strong>0212 \/ 38096517<\/p>\n<p><strong>MAILEN SIE UNS<\/strong><br \/>\n<a href=\"mailto:info@buerosysteme-fassbach.de\">info@buerosysteme-fassbach.de<\/a><\/p>\n<p><strong>SCHICKEN SIE UNS POST<\/strong><br \/>\nS\u00f6ren Fa\u00dfbach<br \/>\nB\u00fcroSysteme<br \/>\nDycker Str. 119<br \/>\n42653 Solingen<\/p>\n<p><strong>SCHICKEN SIE UNS GELD<\/strong><br \/>\nVoP (Verification of Payee)<br \/>\nZahlungsempf\u00e4nger ist wahlweise<br \/>\nS\u00f6ren Fa\u00dfbach<br \/>\noder<br \/>\nB\u00fcrosysteme Fa\u00dfbach<\/p>\n<p><strong>FAXEN SIE UNS<br \/>\n<\/strong>Das Relikt vergangener Tage halten wir nicht mehr auf standby.<br \/>\nFalls Sie uns ein Fax schicken m\u00f6chten, fragen Sie die Nummer bitte telefonisch oder per mail an.<\/p>\n<p><strong>BESUCHEN SIE UNS*<\/strong><br \/>\nAdresse siehe oben<br \/>\nAnfahrt \u00fcber L\u00fctzowstra\u00dfe, NICHT \u00fcber Dellenfeld<\/p>\n<p><a href=\"https:\/\/w3w.co\/ben\u00f6tigen.abschluss.ph\u00e4nomenal\" target=\"_blank\" rel=\"noopener\"><img loading=\"lazy\" decoding=\"async\" class=\"wp-image-1165 alignleft\" style=\"color: black;\" src=\"https:\/\/buerosysteme-fassbach.de\/wp-content\/uploads\/2021\/02\/w3w_HorizontalLogo_RGB_Fullcolour_ENG-300x90.png\" alt=\"\" width=\"150\" height=\"45\" srcset=\"https:\/\/buerosysteme-fassbach.de\/wp-content\/uploads\/2021\/02\/w3w_HorizontalLogo_RGB_Fullcolour_ENG-300x90.png 300w, https:\/\/buerosysteme-fassbach.de\/wp-content\/uploads\/2021\/02\/w3w_HorizontalLogo_RGB_Fullcolour_ENG-1024x308.png 1024w, https:\/\/buerosysteme-fassbach.de\/wp-content\/uploads\/2021\/02\/w3w_HorizontalLogo_RGB_Fullcolour_ENG-768x231.png 768w, https:\/\/buerosysteme-fassbach.de\/wp-content\/uploads\/2021\/02\/w3w_HorizontalLogo_RGB_Fullcolour_ENG-1536x461.png 1536w, https:\/\/buerosysteme-fassbach.de\/wp-content\/uploads\/2021\/02\/w3w_HorizontalLogo_RGB_Fullcolour_ENG-2048x615.png 2048w\" sizes=\"auto, (max-width: 150px) 100vw, 150px\" \/><\/a><\/p>\n<p><a href=\"https:\/\/w3w.co\/ben\u00f6tigen.abschluss.ph\u00e4nomenal\" target=\"_blank\" rel=\"noopener noreferrer\">ben\u00f6tigen.abschluss.ph\u00e4nomenal<\/a><\/p>\n<p>&nbsp;<\/p>\n<blockquote><p>*ACHTUNG Bei einem geplanten Besuch bitten wir Sie, stets einen Termin mit uns zu vereinbaren, damit der\/die richtige Ansprechpartner*in im Hause ist.<\/p><\/blockquote>\n","protected":false},"excerpt":{"rendered":"<p>RUFEN SIE UNS AN 0212 \/ 38096517 MAILEN SIE UNS info@buerosysteme-fassbach.de SCHICKEN SIE UNS POST S\u00f6ren Fa\u00dfbach B\u00fcroSysteme Dycker Str. 119 42653 Solingen SCHICKEN SIE UNS GELD VoP (Verification of Payee) Zahlungsempf\u00e4nger ist wahlweise S\u00f6ren Fa\u00dfbach oder B\u00fcrosysteme Fa\u00dfbach FAXEN <span class=\"excerpt-dots\">&hellip;<\/span> <a class=\"more-link\" href=\"https:\/\/buerosysteme-fassbach.de\/?page_id=36\"><span class=\"more-msg\">Weiterlesen &rarr;<\/span><\/a><\/p>\n","protected":false},"author":1,"featured_media":0,"parent":0,"menu_order":0,"comment_status":"closed","ping_status":"closed","template":"","meta":{"footnotes":""},"class_list":["post-36","page","type-page","status-publish","hentry"],"_links":{"self":[{"href":"https:\/\/buerosysteme-fassbach.de\/index.php?rest_route=\/wp\/v2\/pages\/36","targetHints":{"allow":["GET"]}}],"collection":[{"href":"https:\/\/buerosysteme-fassbach.de\/index.php?rest_route=\/wp\/v2\/pages"}],"about":[{"href":"https:\/\/buerosysteme-fassbach.de\/index.php?rest_route=\/wp\/v2\/types\/page"}],"author":[{"embeddable":true,"href":"https:\/\/buerosysteme-fassbach.de\/index.php?rest_route=\/wp\/v2\/users\/1"}],"replies":[{"embeddable":true,"href":"https:\/\/buerosysteme-fassbach.de\/index.php?rest_route=%2Fwp%2Fv2%2Fcomments&post=36"}],"version-history":[{"count":43,"href":"https:\/\/buerosysteme-fassbach.de\/index.php?rest_route=\/wp\/v2\/pages\/36\/revisions"}],"predecessor-version":[{"id":1846,"href":"https:\/\/buerosysteme-fassbach.de\/index.php?rest_route=\/wp\/v2\/pages\/36\/revisions\/1846"}],"wp:attachment":[{"href":"https:\/\/buerosysteme-fassbach.de\/index.php?rest_route=%2Fwp%2Fv2%2Fmedia&parent=36"}],"curies":[{"name":"wp","href":"https:\/\/api.w.org\/{rel}","templated":true}]}}