{"id":33,"date":"2016-11-12T00:18:16","date_gmt":"2016-11-12T00:18:16","guid":{"rendered":"http:\/\/buerosysteme-fassbach.de\/?page_id=33"},"modified":"2025-10-09T13:26:47","modified_gmt":"2025-10-09T13:26:47","slug":"impressum","status":"publish","type":"page","link":"https:\/\/buerosysteme-fassbach.de\/?page_id=33","title":{"rendered":"Impressum"},"content":{"rendered":"<h6><strong><span class=\"fontstyle0\">Impressum<\/span><\/strong><\/h6>\n<p><span class=\"fontstyle0\">Angaben gem\u00e4\u00df \u00a7 5 TMG<br \/>\n<\/span><span class=\"fontstyle2\">S\u00f6ren Fa\u00dfbach<br \/>\nB\u00fcroSysteme<br \/>\nDycker Str. 119<br \/>\n42653 Solingen<\/span><\/p>\n<p><span class=\"fontstyle0\"><strong>Kontakt<\/strong><br \/>\n<\/span><span class=\"fontstyle2\">Telefon: +49(0)21238096517<br \/>\nTelefax: nur noch auf Anfrage per Telefon oder mail<br \/>\nE-Mail: webmaster@buerosysteme-fassbach.de<br \/>\n<\/span><\/p>\n<p><span class=\"fontstyle0\"><strong>Umsatzsteuer-ID<\/strong><br \/>\n<\/span><span class=\"fontstyle2\">Umsatzsteuer-Identifikationsnummer gem\u00e4\u00df \u00a7 27 a Umsatzsteuergesetz:<br \/>\nDE177806205<\/span><\/p>\n<p><strong>Zahlungsempf\u00e4nger (VoP)<\/strong><br \/>\nS\u00f6ren Fa\u00dfbach<br \/>\noder<br \/>\nB\u00fcrosysteme Fa\u00dfbach<\/p>\n<p><span class=\"fontstyle0\"><strong>Redaktionell Verantwortlicher<\/strong><br \/>\n<\/span><span class=\"fontstyle2\">S\u00f6ren Fa\u00dfbach<br \/>\nDycker Str. 119<br \/>\nDE-42653 Solingen<\/span><\/p>\n<p><span class=\"fontstyle0\">Verbraucherstreitbeilegung\/Universalschlichtungsstelle<br \/>\n<\/span><span class=\"fontstyle2\">Wir sind nicht bereit oder verpflichtet, an Streitbeilegungsverfahren vor einer<br \/>\nVerbraucherschlichtungsstelle teilzunehmen.<br \/>\n<\/span><\/p>\n<p><span class=\"fontstyle0\"><strong>Haftung f\u00fcr Inhalte<\/strong><br \/>\n<\/span><span class=\"fontstyle2\">Als Diensteanbieter sind wir gem\u00e4\u00df \u00a7 7 Abs.1 TMG f\u00fcr eigene Inhalte auf diesen Seiten nach den<br \/>\nallgemeinen Gesetzen verantwortlich. Nach \u00a7\u00a7 8 bis 10 TMG sind wir als Diensteanbieter jedoch nicht<br \/>\nverpflichtet, \u00fcbermittelte oder gespeicherte fremde Informationen zu \u00fcberwachen oder nach Umst\u00e4nden zu<br \/>\nforschen, die auf eine rechtswidrige T\u00e4tigkeit hinweisen.<\/span><br \/>\n<span class=\"fontstyle2\">Verpflichtungen zur Entfernung oder Sperrung der Nutzung von Informationen nach den allgemeinen<br \/>\nGesetzen bleiben hiervon unber\u00fchrt. Eine diesbez\u00fcgliche Haftung ist jedoch erst ab dem Zeitpunkt der<br \/>\nKenntnis einer konkreten Rechtsverletzung m\u00f6glich. Bei Bekanntwerden von entsprechenden<br \/>\nRechtsverletzungen werden wir diese Inhalte umgehend entfernen.<br \/>\n<\/span><\/p>\n<p><span class=\"fontstyle0\"><strong>Haftung f\u00fcr Links<\/strong><br \/>\n<\/span><span class=\"fontstyle2\">Unser Angebot enth\u00e4lt Links zu externen Websites Dritter, auf deren Inhalte wir keinen Einfluss haben.<br \/>\nDeshalb k\u00f6nnen wir f\u00fcr diese fremden Inhalte auch keine Gew\u00e4hr \u00fcbernehmen. F\u00fcr die Inhalte der<br \/>\nverlinkten Seiten ist stets der jeweilige Anbieter oder Betreiber der Seiten verantwortlich. Die verlinkten<br \/>\nSeiten wurden zum Zeitpunkt der Verlinkung auf m\u00f6gliche Rechtsverst\u00f6\u00dfe \u00fcberpr\u00fcft. Rechtswidrige Inhalte<br \/>\nwaren zum Zeitpunkt der Verlinkung nicht erkennbar.<br \/>\nEine permanente inhaltliche Kontrolle der verlinkten Seiten ist jedoch ohne konkrete Anhaltspunkte einer<br \/>\nRechtsverletzung nicht zumutbar. Bei Bekanntwerden von Rechtsverletzungen werden wir derartige Links<br \/>\numgehend entfernen.<br \/>\n<\/span><\/p>\n<p><span class=\"fontstyle0\"><strong>Urheberrecht<\/strong><br \/>\n<\/span><span class=\"fontstyle2\">Die durch die Seitenbetreiber erstellten Inhalte und Werke auf diesen Seiten unterliegen dem deutschen<br \/>\nUrheberrecht. Die Vervielf\u00e4ltigung, Bearbeitung, Verbreitung und jede Art der Verwertung au\u00dferhalb der<br \/>\nGrenzen des Urheberrechtes bed\u00fcrfen der schriftlichen Zustimmung des jeweiligen Autors bzw. Erstellers.<br \/>\nDownloads und Kopien dieser Seite sind nur f\u00fcr den privaten, nicht kommerziellen Gebrauch gestattet.<br \/>\nSoweit die Inhalte auf dieser Seite nicht vom Betreiber erstellt wurden, werden die Urheberrechte Dritter<br \/>\nbeachtet. Insbesondere werden Inhalte Dritter als solche gekennzeichnet. Sollten Sie trotzdem auf eine<br \/>\nUrheberrechtsverletzung aufmerksam werden, bitten wir um einen entsprechenden Hinweis. Bei<br \/>\nBekanntwerden von Rechtsverletzungen werden wir derartige Inhalte umgehend entfernen.<br \/>\n<\/span><\/p>\n<p><span class=\"fontstyle2\">Quelle:<br \/>\n<\/span><span class=\"fontstyle2\">https:\/\/www.e-recht24.de<\/span><\/p>\n","protected":false},"excerpt":{"rendered":"<p>Impressum Angaben gem\u00e4\u00df \u00a7 5 TMG S\u00f6ren Fa\u00dfbach B\u00fcroSysteme Dycker Str. 119 42653 Solingen Kontakt Telefon: +49(0)21238096517 Telefax: nur noch auf Anfrage per Telefon oder mail E-Mail: webmaster@buerosysteme-fassbach.de Umsatzsteuer-ID Umsatzsteuer-Identifikationsnummer gem\u00e4\u00df \u00a7 27 a Umsatzsteuergesetz: DE177806205 Zahlungsempf\u00e4nger (VoP) S\u00f6ren Fa\u00dfbach <span class=\"excerpt-dots\">&hellip;<\/span> <a class=\"more-link\" href=\"https:\/\/buerosysteme-fassbach.de\/?page_id=33\"><span class=\"more-msg\">Weiterlesen &rarr;<\/span><\/a><\/p>\n","protected":false},"author":1,"featured_media":0,"parent":0,"menu_order":0,"comment_status":"closed","ping_status":"closed","template":"","meta":{"footnotes":""},"class_list":["post-33","page","type-page","status-publish","hentry"],"_links":{"self":[{"href":"https:\/\/buerosysteme-fassbach.de\/index.php?rest_route=\/wp\/v2\/pages\/33","targetHints":{"allow":["GET"]}}],"collection":[{"href":"https:\/\/buerosysteme-fassbach.de\/index.php?rest_route=\/wp\/v2\/pages"}],"about":[{"href":"https:\/\/buerosysteme-fassbach.de\/index.php?rest_route=\/wp\/v2\/types\/page"}],"author":[{"embeddable":true,"href":"https:\/\/buerosysteme-fassbach.de\/index.php?rest_route=\/wp\/v2\/users\/1"}],"replies":[{"embeddable":true,"href":"https:\/\/buerosysteme-fassbach.de\/index.php?rest_route=%2Fwp%2Fv2%2Fcomments&post=33"}],"version-history":[{"count":15,"href":"https:\/\/buerosysteme-fassbach.de\/index.php?rest_route=\/wp\/v2\/pages\/33\/revisions"}],"predecessor-version":[{"id":1848,"href":"https:\/\/buerosysteme-fassbach.de\/index.php?rest_route=\/wp\/v2\/pages\/33\/revisions\/1848"}],"wp:attachment":[{"href":"https:\/\/buerosysteme-fassbach.de\/index.php?rest_route=%2Fwp%2Fv2%2Fmedia&parent=33"}],"curies":[{"name":"wp","href":"https:\/\/api.w.org\/{rel}","templated":true}]}}