{"id":25,"date":"2016-11-12T00:06:27","date_gmt":"2016-11-12T00:06:27","guid":{"rendered":"http:\/\/buerosysteme-fassbach.de\/?page_id=25"},"modified":"2024-02-27T11:14:28","modified_gmt":"2024-02-27T11:14:28","slug":"ueber-uns","status":"publish","type":"page","link":"https:\/\/buerosysteme-fassbach.de\/?page_id=25","title":{"rendered":"\u00fcber uns"},"content":{"rendered":"<p><b>B\u00fcroSysteme Fa\u00dfbach bietet Ihnen die qualitativ und preislich ausgewogensten Produkte, die auf dem Markt erh\u00e4ltlich sind. Seit 1975 bieten wir unseren Kund*innen einen erstklassigen Service und unterst\u00fctzen sie in jedem Bereich der B\u00fcroeinrichtung. Unsere \u00fcber 45j\u00e4hrige Erfahrung und Verpflichtung zu herausragender Leistung haben uns einen guten Namen als einer der besten und beliebtesten B\u00fcroeinrichter im Umkreis geschaffen.<\/b><\/p>\n<p><b>Unser Leitbild<\/b><br \/>\nBei uns erhalten Sie die Qualit\u00e4t und den Service, den Sie von einem professionellen B\u00fcroeinrichter erwarten. Die wechselnden Anspr\u00fcche unserer Kund*innen sowie unsere Flexibilit\u00e4t sorgen daf\u00fcr, dass sich unser Unternehmen st\u00e4ndig weiterentwickelt. Sie k\u00f6nnen sicher sein, dass Sie durch unsere Zusammenarbeit in den Genuss der neuesten CAD Planungstechnik, Einrichtungsvielfalt, Innovationen und Entwicklungen kommen.<\/p>\n<p><b>Zusammenarbeit<\/b><br \/>\nWir arbeiten sehr gern auf &#8222;menschlicher Ebene&#8220;, freundlich und entgegenkommend, eng mit unseren Kund*innen zusammen, um sicher zu stellen, dass die L\u00f6sungen, die wir Ihnen anbieten, genau auf ihre Bed\u00fcrfnisse und Anforderungen zugeschnitten sind. Das gilt bei uns f\u00fcr den einfachen Schreibtisch oder einzelnen Drehstuhl genauso, wie f\u00fcr die Einrichtung einer kompletten Etage oder eines ganzen Geb\u00e4udes.<\/p>\n<p><img loading=\"lazy\" decoding=\"async\" class=\"alignnone size-medium wp-image-782\" src=\"https:\/\/buerosysteme-fassbach.de\/wp-content\/uploads\/2020\/03\/Chefzimmer_M01-300x167.jpg\" alt=\"\" width=\"300\" height=\"167\" srcset=\"https:\/\/buerosysteme-fassbach.de\/wp-content\/uploads\/2020\/03\/Chefzimmer_M01-300x167.jpg 300w, https:\/\/buerosysteme-fassbach.de\/wp-content\/uploads\/2020\/03\/Chefzimmer_M01-1024x571.jpg 1024w, https:\/\/buerosysteme-fassbach.de\/wp-content\/uploads\/2020\/03\/Chefzimmer_M01-768x428.jpg 768w, https:\/\/buerosysteme-fassbach.de\/wp-content\/uploads\/2020\/03\/Chefzimmer_M01-1536x856.jpg 1536w, https:\/\/buerosysteme-fassbach.de\/wp-content\/uploads\/2020\/03\/Chefzimmer_M01.jpg 1920w\" sizes=\"auto, (max-width: 300px) 100vw, 300px\" \/><img loading=\"lazy\" decoding=\"async\" class=\"alignnone wp-image-781\" src=\"https:\/\/buerosysteme-fassbach.de\/wp-content\/uploads\/2020\/03\/Besprechung_M01-300x211.jpg\" alt=\"\" width=\"238\" height=\"167\" srcset=\"https:\/\/buerosysteme-fassbach.de\/wp-content\/uploads\/2020\/03\/Besprechung_M01-300x211.jpg 300w, https:\/\/buerosysteme-fassbach.de\/wp-content\/uploads\/2020\/03\/Besprechung_M01-1024x720.jpg 1024w, https:\/\/buerosysteme-fassbach.de\/wp-content\/uploads\/2020\/03\/Besprechung_M01-768x540.jpg 768w, https:\/\/buerosysteme-fassbach.de\/wp-content\/uploads\/2020\/03\/Besprechung_M01-1536x1080.jpg 1536w, https:\/\/buerosysteme-fassbach.de\/wp-content\/uploads\/2020\/03\/Besprechung_M01.jpg 1920w\" sizes=\"auto, (max-width: 238px) 100vw, 238px\" \/><\/p>\n<p><b>Kundenbetreuung<\/b><br \/>\nUnsere h\u00f6chste Priorit\u00e4t ist die Zufriedenheit unserer Kund*innen. Sie sind uns wichtig und k\u00f6nnen sich darauf verlassen, dass wir keine Anstrengungen scheuen, um dies zu erreichen. Die erstklassige und verbindliche Kundenbetreuung ist unser Markenzeichen. Wir sind stolz darauf, f\u00fcr Sie zu arbeiten und \u00fcberzeugen Sie gern von unseren Leistungen.<\/p>\n<p><img loading=\"lazy\" decoding=\"async\" class=\"alignnone size-medium wp-image-783\" src=\"https:\/\/buerosysteme-fassbach.de\/wp-content\/uploads\/2020\/03\/S_8-9-Callcenter-300x212.jpg\" alt=\"\" width=\"300\" height=\"212\" srcset=\"https:\/\/buerosysteme-fassbach.de\/wp-content\/uploads\/2020\/03\/S_8-9-Callcenter-300x212.jpg 300w, https:\/\/buerosysteme-fassbach.de\/wp-content\/uploads\/2020\/03\/S_8-9-Callcenter-1024x724.jpg 1024w, https:\/\/buerosysteme-fassbach.de\/wp-content\/uploads\/2020\/03\/S_8-9-Callcenter-768x543.jpg 768w, https:\/\/buerosysteme-fassbach.de\/wp-content\/uploads\/2020\/03\/S_8-9-Callcenter-1536x1086.jpg 1536w, https:\/\/buerosysteme-fassbach.de\/wp-content\/uploads\/2020\/03\/S_8-9-Callcenter-2048x1448.jpg 2048w\" sizes=\"auto, (max-width: 300px) 100vw, 300px\" \/><\/p>\n<p><strong>Compliance<\/strong><br \/>\nunser Unternehmensprofil auf <a href=\"https:\/\/app.integritynext.com\/profiles\/709f1ad7-b206-4986-b9b9-08f83ee128bc\" target=\"_blank\" rel=\"noopener\">IntegrityNext<\/a><\/p>\n<p><strong><br \/>\nHistorie<br \/>\n<\/strong><img loading=\"lazy\" decoding=\"async\" class=\"alignnone wp-image-1209\" src=\"https:\/\/buerosysteme-fassbach.de\/wp-content\/uploads\/2021\/03\/bs_alt_01-300x214.jpg\" alt=\"\" width=\"210\" height=\"150\" srcset=\"https:\/\/buerosysteme-fassbach.de\/wp-content\/uploads\/2021\/03\/bs_alt_01-300x214.jpg 300w, https:\/\/buerosysteme-fassbach.de\/wp-content\/uploads\/2021\/03\/bs_alt_01-1024x731.jpg 1024w, https:\/\/buerosysteme-fassbach.de\/wp-content\/uploads\/2021\/03\/bs_alt_01-768x548.jpg 768w, https:\/\/buerosysteme-fassbach.de\/wp-content\/uploads\/2021\/03\/bs_alt_01-1536x1097.jpg 1536w, https:\/\/buerosysteme-fassbach.de\/wp-content\/uploads\/2021\/03\/bs_alt_01-2048x1462.jpg 2048w\" sizes=\"auto, (max-width: 210px) 100vw, 210px\" \/> <img loading=\"lazy\" decoding=\"async\" class=\"alignnone wp-image-796\" src=\"https:\/\/buerosysteme-fassbach.de\/wp-content\/uploads\/2020\/03\/nostalgisch-300x212-1.jpg\" alt=\"\" width=\"352\" height=\"150\" \/> <img loading=\"lazy\" decoding=\"async\" class=\"alignnone wp-image-1210\" style=\"color: black;\" src=\"https:\/\/buerosysteme-fassbach.de\/wp-content\/uploads\/2021\/03\/bs_alt_02-300x213.jpg\" alt=\"\" width=\"211\" height=\"150\" srcset=\"https:\/\/buerosysteme-fassbach.de\/wp-content\/uploads\/2021\/03\/bs_alt_02-300x213.jpg 300w, https:\/\/buerosysteme-fassbach.de\/wp-content\/uploads\/2021\/03\/bs_alt_02-1024x728.jpg 1024w, https:\/\/buerosysteme-fassbach.de\/wp-content\/uploads\/2021\/03\/bs_alt_02-768x546.jpg 768w, https:\/\/buerosysteme-fassbach.de\/wp-content\/uploads\/2021\/03\/bs_alt_02-1536x1092.jpg 1536w, https:\/\/buerosysteme-fassbach.de\/wp-content\/uploads\/2021\/03\/bs_alt_02-2048x1457.jpg 2048w\" sizes=\"auto, (max-width: 211px) 100vw, 211px\" \/><\/p>\n<ul>\n<li>1974 machten sich Rita und Wilfried Fa\u00dfbach mit der &#8222;b\u00a0 &#8211;\u00a0 s\u00a0 B\u00fcro-Systeme Fa\u00dfbach&#8220; selbst\u00e4ndig (damals schrieb man selbstst\u00e4ndig noch so \ud83d\ude09). Wilfried Fa\u00dfbach hatte bereits viele Jahre Erfahrung mit dem Vertrieb von B\u00fcromaschinen (Olympia) und gute Kontakte zu seinen Kunden, die verst\u00e4rkt auch nach B\u00fcrom\u00f6beln fragten. In Eigent\u00e4tigkeit als Unternehmer betrieben die beiden die neue Firma zun\u00e4chst (tats\u00e4chlich) aus der Dachkammer und nicht viel sp\u00e4ter aus den gr\u00f6\u00dferen R\u00e4umen in Solingen Merscheid. Dort waren Ausstellung, Verwaltung und B\u00fcromaschinenwerkstatt beherbergt. Sp\u00e4ter wurde die Werkstatt ausgelagert und ein M\u00f6bellager angemietet. Schon damals arbeitete man mit Herstellern wie Wilkhahn und Kl\u00f6ber zusammen.<\/li>\n<li>1985 erfolgte der Umzug nach Solingen Gr\u00e4frath, in die eigenen R\u00e4ume, die kurz vorher frei geworden waren und trennte sich von der B\u00fcromaschinensparte und der Werkstatt, die von den vorherigen Mitarbeitern weitergef\u00fchrt wurde. Demzufolge kam es zu kleinen \u00c4nderungen im Firmennamen, der aber immer das Kerngesch\u00e4ft erkennen lie\u00df. Im Laufe der Jahre verfolgte man den stetigen Wandel in der B\u00fcroeinrichtungswelt und ging dabei stets mit der Zeit. EDV gest\u00fctzte Auftragsverwaltung wurde eingef\u00fchrt und Sohn S\u00f6ren Fa\u00dfbach \u00fcbernahm zunehmend die &#8222;fortschrittlichen&#8220; Teilbereiche, wie CAD Planung und Warenwirtschaftssysteme. Au\u00dferdem &#8222;wuchs&#8220; er immer tiefer in die Materie hinein, so dass ein sp\u00e4terer Einstieg oder eine \u00dcbernahme immer greifbarer wurden.<\/li>\n<li>1996 gr\u00fcndete S\u00f6ren Fa\u00dfbach seine eigene Firma in den gleichen R\u00e4umen, so dass die &#8222;alte&#8220; langsam auslaufen, die Gesch\u00e4fte aber unver\u00e4ndert, nur unter neuem Namen, weitergehen konnten. Ein Generationenwechsel also, mit frischerem Logo und Konzentration auf moderne Gesch\u00e4ftsabl\u00e4ufe. Seitdem ist alles &#8211; und nichts &#8211; so geblieben. Alles im Sinne der eigentlichen Firma. Nichts im Sinne der sich wandelnden B\u00fcroeinrichtungskonzepte und dem technischen Fortschritt, denen wir in gewohnt aktiver Weise folgen, um Ihnen unseren besten Service zu bieten.<\/li>\n<\/ul>\n<p>&nbsp;<\/p>\n","protected":false},"excerpt":{"rendered":"<p>B\u00fcroSysteme Fa\u00dfbach bietet Ihnen die qualitativ und preislich ausgewogensten Produkte, die auf dem Markt erh\u00e4ltlich sind. Seit 1975 bieten wir unseren Kund*innen einen erstklassigen Service und unterst\u00fctzen sie in jedem Bereich der B\u00fcroeinrichtung. Unsere \u00fcber 45j\u00e4hrige Erfahrung und Verpflichtung zu <span class=\"excerpt-dots\">&hellip;<\/span> <a class=\"more-link\" href=\"https:\/\/buerosysteme-fassbach.de\/?page_id=25\"><span class=\"more-msg\">Weiterlesen &rarr;<\/span><\/a><\/p>\n","protected":false},"author":1,"featured_media":0,"parent":0,"menu_order":0,"comment_status":"closed","ping_status":"closed","template":"","meta":{"footnotes":""},"class_list":["post-25","page","type-page","status-publish","hentry"],"_links":{"self":[{"href":"https:\/\/buerosysteme-fassbach.de\/index.php?rest_route=\/wp\/v2\/pages\/25","targetHints":{"allow":["GET"]}}],"collection":[{"href":"https:\/\/buerosysteme-fassbach.de\/index.php?rest_route=\/wp\/v2\/pages"}],"about":[{"href":"https:\/\/buerosysteme-fassbach.de\/index.php?rest_route=\/wp\/v2\/types\/page"}],"author":[{"embeddable":true,"href":"https:\/\/buerosysteme-fassbach.de\/index.php?rest_route=\/wp\/v2\/users\/1"}],"replies":[{"embeddable":true,"href":"https:\/\/buerosysteme-fassbach.de\/index.php?rest_route=%2Fwp%2Fv2%2Fcomments&post=25"}],"version-history":[{"count":22,"href":"https:\/\/buerosysteme-fassbach.de\/index.php?rest_route=\/wp\/v2\/pages\/25\/revisions"}],"predecessor-version":[{"id":1622,"href":"https:\/\/buerosysteme-fassbach.de\/index.php?rest_route=\/wp\/v2\/pages\/25\/revisions\/1622"}],"wp:attachment":[{"href":"https:\/\/buerosysteme-fassbach.de\/index.php?rest_route=%2Fwp%2Fv2%2Fmedia&parent=25"}],"curies":[{"name":"wp","href":"https:\/\/api.w.org\/{rel}","templated":true}]}}