{"id":1092,"date":"2020-11-19T14:38:35","date_gmt":"2020-11-19T14:38:35","guid":{"rendered":"https:\/\/buerosysteme-fassbach.de\/?page_id=1092"},"modified":"2024-03-26T07:44:23","modified_gmt":"2024-03-26T07:44:23","slug":"online-konfigurator","status":"publish","type":"page","link":"https:\/\/buerosysteme-fassbach.de\/?page_id=1092","title":{"rendered":"Online-Konfigurator"},"content":{"rendered":"<h2><strong>Artikel online konfigurieren<\/strong><\/h2>\n<p>Sie machen sich vor einem geplanten Autokauf erstmal ein Bild von den M\u00f6glichkeiten, die Ihr Traummodell zu bieten hat,<br \/>\nwelche Farben und Sondermodelle lieferbar sind und welches Zubeh\u00f6r es gibt?<\/p>\n<p>Dann nutzen Sie sicherlich auch erst einmal die angebotenen Onlinetools der Hersteller, bevor Sie mit einer konkreten Anfrage ins Autohaus gehen.<\/p>\n<p>Diese M\u00f6glichkeit bieten Ihnen nun auch erste Hersteller unseres Sortiments!<\/p>\n<p>Eine kleine Auswahl mit direkten Links zu den Tools finden Sie auf dieser Seite.<\/p>\n<hr \/>\n<h4>fm B\u00fcrom\u00f6bel und Sitzm\u00f6bel<\/h4>\n<p><a href=\"https:\/\/catalog.pcon-solutions.com\/#GATEKEEPER_ID=5bfd77857bc68&amp;cep=fmx:0\" target=\"_blank\" rel=\"noopener\"><img decoding=\"async\" src=\"http:\/\/buerosysteme-fassbach.de\/wp-content\/uploads\/2016\/11\/fm.png\" alt=\"fm\" \/><\/a><\/p>\n<hr \/>\n<h4><strong>Sedus B\u00fcrom\u00f6bel und Sitzm\u00f6bel<\/strong><\/h4>\n<p><a href=\"https:\/\/www.sedus.com\/de\/loesungen\/moebel-konfigurator\" target=\"_blank\" rel=\"noopener\"><img loading=\"lazy\" decoding=\"async\" class=\"\" src=\"http:\/\/buerosysteme-fassbach.de\/wp-content\/uploads\/2018\/02\/Sedus-Logo_black-300x135.png\" width=\"160\" height=\"72\" \/><\/a><\/p>\n<hr \/>\n<p>&nbsp;<\/p>\n<h4><strong>Vario B\u00fcrom\u00f6bel<\/strong><\/h4>\n<p><a href=\"https:\/\/catalog.pcon-solutions.com\/#GATEKEEPER_ID=5bfd77857bc68&amp;cep=vario:0&amp;lang=de\" target=\"_blank\" rel=\"noopener\"><img decoding=\"async\" src=\"http:\/\/buerosysteme-fassbach.de\/wp-content\/uploads\/2016\/11\/vario.png\" alt=\"vario\" \/><\/a><\/p>\n<p>&nbsp;<\/p>\n<hr \/>\n<h4><strong>Kl\u00f6ber Sitzm\u00f6bel<\/strong><\/h4>\n<p><a href=\"https:\/\/www.kloeber.com\/de\/de\/produkte\/produktfamilien\/\" target=\"_blank\" rel=\"noopener\"><img loading=\"lazy\" decoding=\"async\" class=\"size-medium wp-image-1103 alignleft\" style=\"color: black;\" src=\"https:\/\/buerosysteme-fassbach.de\/wp-content\/uploads\/2020\/11\/kloeber-300x158.jpg\" alt=\"\" width=\"300\" height=\"158\" srcset=\"https:\/\/buerosysteme-fassbach.de\/wp-content\/uploads\/2020\/11\/kloeber-300x158.jpg 300w, https:\/\/buerosysteme-fassbach.de\/wp-content\/uploads\/2020\/11\/kloeber.jpg 360w\" sizes=\"auto, (max-width: 300px) 100vw, 300px\" \/><\/a>Kl\u00f6ber hat einen eigenen Weg, Produkte zu konfigurieren.<\/p>\n<p>Man geht zun\u00e4chst auf die Homepage, w\u00e4hlt eine <a href=\"https:\/\/www.kloeber.com\/de\/de\/produkte\/produktfamilien\/\" target=\"_blank\" rel=\"noopener\">Produktfamilie<\/a> und dann eine Untergruppe (Drehstuhl, Besucherstuhl, Sessel) aus.<br \/>\n<img loading=\"lazy\" decoding=\"async\" class=\"wp-image-1438 alignleft\" src=\"https:\/\/buerosysteme-fassbach.de\/wp-content\/uploads\/2021\/10\/j.jpg\" alt=\"\" width=\"198\" height=\"64\" \/><\/p>\n<p>Wenn m\u00f6glich, erscheint dann der Link zum Konfigurator.<\/p>\n<p>&nbsp;<\/p>\n<hr \/>\n<h4><strong>Wilkhahn<\/strong><\/h4>\n<p><img loading=\"lazy\" decoding=\"async\" class=\"size-medium wp-image-1112 alignleft\" style=\"color: black;\" src=\"https:\/\/buerosysteme-fassbach.de\/wp-content\/uploads\/2020\/11\/wilkhahn-300x159.jpg\" alt=\"\" width=\"300\" height=\"159\" srcset=\"https:\/\/buerosysteme-fassbach.de\/wp-content\/uploads\/2020\/11\/wilkhahn-300x159.jpg 300w, https:\/\/buerosysteme-fassbach.de\/wp-content\/uploads\/2020\/11\/wilkhahn.jpg 352w\" sizes=\"auto, (max-width: 300px) 100vw, 300px\" \/><\/p>\n<p>&nbsp;<\/p>\n<p>&nbsp;<\/p>\n<p>&nbsp;<\/p>\n<p>&nbsp;<\/p>\n<p>&nbsp;<\/p>\n<p><a href=\"https:\/\/www.wilkhahn.com\/de\/\" target=\"_blank\" rel=\"noopener\"><img loading=\"lazy\" decoding=\"async\" class=\"wp-image-1441 alignleft\" src=\"https:\/\/buerosysteme-fassbach.de\/wp-content\/uploads\/2021\/10\/w-1024x358.jpg\" alt=\"\" width=\"500\" height=\"175\" srcset=\"https:\/\/buerosysteme-fassbach.de\/wp-content\/uploads\/2021\/10\/w-1024x358.jpg 1024w, https:\/\/buerosysteme-fassbach.de\/wp-content\/uploads\/2021\/10\/w-300x105.jpg 300w, https:\/\/buerosysteme-fassbach.de\/wp-content\/uploads\/2021\/10\/w-768x269.jpg 768w, https:\/\/buerosysteme-fassbach.de\/wp-content\/uploads\/2021\/10\/w-1536x538.jpg 1536w, https:\/\/buerosysteme-fassbach.de\/wp-content\/uploads\/2021\/10\/w-2048x717.jpg 2048w\" sizes=\"auto, (max-width: 500px) 100vw, 500px\" \/><\/a><br \/>\nBei Wilkhahn muss man sich momentan noch \u00fcber die <a href=\"https:\/\/www.wilkhahn.com\/de\/\" target=\"_blank\" rel=\"noopener\">Produktauswahl<\/a> zu einer groben Auswahl<br \/>\nund dann zu einer Serie klicken.<\/p>\n<p><a href=\"https:\/\/www.wilkhahn.com\/de\/\" target=\"_blank\" rel=\"noopener\"><img loading=\"lazy\" decoding=\"async\" class=\"alignnone wp-image-1442\" src=\"https:\/\/buerosysteme-fassbach.de\/wp-content\/uploads\/2021\/10\/w1-1024x816.jpg\" alt=\"\" width=\"500\" height=\"399\" srcset=\"https:\/\/buerosysteme-fassbach.de\/wp-content\/uploads\/2021\/10\/w1-1024x816.jpg 1024w, https:\/\/buerosysteme-fassbach.de\/wp-content\/uploads\/2021\/10\/w1-300x239.jpg 300w, https:\/\/buerosysteme-fassbach.de\/wp-content\/uploads\/2021\/10\/w1-768x612.jpg 768w, https:\/\/buerosysteme-fassbach.de\/wp-content\/uploads\/2021\/10\/w1-1536x1224.jpg 1536w, https:\/\/buerosysteme-fassbach.de\/wp-content\/uploads\/2021\/10\/w1.jpg 1789w\" sizes=\"auto, (max-width: 500px) 100vw, 500px\" \/><\/a><br \/>\nEinmal eine Serie ausgesucht, findet man weiter unten den Konfigurator.<\/p>\n<p><img loading=\"lazy\" decoding=\"async\" class=\"alignnone wp-image-1443\" src=\"https:\/\/buerosysteme-fassbach.de\/wp-content\/uploads\/2021\/10\/w2-1024x555.jpg\" alt=\"\" width=\"500\" height=\"271\" srcset=\"https:\/\/buerosysteme-fassbach.de\/wp-content\/uploads\/2021\/10\/w2-1024x555.jpg 1024w, https:\/\/buerosysteme-fassbach.de\/wp-content\/uploads\/2021\/10\/w2-300x162.jpg 300w, https:\/\/buerosysteme-fassbach.de\/wp-content\/uploads\/2021\/10\/w2-768x416.jpg 768w, https:\/\/buerosysteme-fassbach.de\/wp-content\/uploads\/2021\/10\/w2-1536x832.jpg 1536w, https:\/\/buerosysteme-fassbach.de\/wp-content\/uploads\/2021\/10\/w2.jpg 1741w\" sizes=\"auto, (max-width: 500px) 100vw, 500px\" \/><\/p>\n<hr \/>\n<h4><strong>Bimos<\/strong><\/h4>\n<p><a href=\"https:\/\/www.bimos.com\/B\/de-de\/produkte-uebersicht.php\" target=\"_blank\" rel=\"noopener\"><img loading=\"lazy\" decoding=\"async\" class=\"size-medium wp-image-1099 alignleft\" style=\"color: black;\" src=\"https:\/\/buerosysteme-fassbach.de\/wp-content\/uploads\/2020\/11\/bimos-300x161.jpg\" alt=\"\" width=\"300\" height=\"161\" srcset=\"https:\/\/buerosysteme-fassbach.de\/wp-content\/uploads\/2020\/11\/bimos-300x161.jpg 300w, https:\/\/buerosysteme-fassbach.de\/wp-content\/uploads\/2020\/11\/bimos.jpg 355w\" sizes=\"auto, (max-width: 300px) 100vw, 300px\" \/><\/a>Wie\u00a0 bei einigen anderen Herstellern, muss man sich \u00fcber die <a href=\"https:\/\/www.bimos.com\/B\/de-de\/produkte-uebersicht.php\" target=\"_blank\" rel=\"noopener\">Produktauswahl<\/a> zun\u00e4chst mit &#8222;zur Kollektion&#8220; in eine Serie klicken, um dort in den Konfigurator zu gelangen. <img loading=\"lazy\" decoding=\"async\" class=\" wp-image-1449 alignnone\" src=\"https:\/\/buerosysteme-fassbach.de\/wp-content\/uploads\/2021\/10\/b-300x103.jpg\" alt=\"\" width=\"335\" height=\"115\" srcset=\"https:\/\/buerosysteme-fassbach.de\/wp-content\/uploads\/2021\/10\/b-300x103.jpg 300w, https:\/\/buerosysteme-fassbach.de\/wp-content\/uploads\/2021\/10\/b-768x263.jpg 768w, https:\/\/buerosysteme-fassbach.de\/wp-content\/uploads\/2021\/10\/b.jpg 852w\" sizes=\"auto, (max-width: 335px) 100vw, 335px\" \/><\/p>\n<hr \/>\n<h4><strong>Ideal<\/strong><\/h4>\n<p><a href=\"https:\/\/www.ideal.de\/de\/aktenvernichter\/?p=1\" target=\"_blank\" rel=\"noopener\"><img loading=\"lazy\" decoding=\"async\" class=\"size-medium wp-image-1102 alignleft\" style=\"color: black;\" src=\"https:\/\/buerosysteme-fassbach.de\/wp-content\/uploads\/2020\/11\/ideal-300x158.jpg\" alt=\"\" width=\"300\" height=\"158\" srcset=\"https:\/\/buerosysteme-fassbach.de\/wp-content\/uploads\/2020\/11\/ideal-300x158.jpg 300w, https:\/\/buerosysteme-fassbach.de\/wp-content\/uploads\/2020\/11\/ideal.jpg 354w\" sizes=\"auto, (max-width: 300px) 100vw, 300px\" \/><\/a><\/p>\n<p>\u00dcber die <a href=\"https:\/\/www.ideal.de\/de\/aktenvernichter\/?p=1\" target=\"_blank\" rel=\"noopener\">Produktauswahl<\/a> k\u00f6nnen Sie das passende Ger\u00e4t konfigurieren.<\/p>\n<ul>\n<li>Aktenvernichter<\/li>\n<li>Schneidemaschinen<\/li>\n<li>Luftreiniger<\/li>\n<\/ul>\n<p>&nbsp;<\/p>\n<p>&nbsp;<\/p>\n<hr \/>\n<h4><strong>CP<\/strong><\/h4>\n<p><a href=\"https:\/\/www.cp.de\/produkte\" target=\"_blank\" rel=\"noopener\"><img loading=\"lazy\" decoding=\"async\" class=\"size-medium wp-image-1100 alignleft\" style=\"color: black;\" src=\"https:\/\/buerosysteme-fassbach.de\/wp-content\/uploads\/2020\/11\/cp-300x155.jpg\" alt=\"\" width=\"300\" height=\"155\" srcset=\"https:\/\/buerosysteme-fassbach.de\/wp-content\/uploads\/2020\/11\/cp-300x155.jpg 300w, https:\/\/buerosysteme-fassbach.de\/wp-content\/uploads\/2020\/11\/cp.jpg 361w\" sizes=\"auto, (max-width: 300px) 100vw, 300px\" \/><\/a><\/p>\n<p>&nbsp;<\/p>\n<p>&nbsp;<\/p>\n<p>&nbsp;<\/p>\n<p>&nbsp;<\/p>\n<p>&nbsp;<\/p>\n<p><a href=\"https:\/\/www.cp.de\/produkte\" target=\"_blank\" rel=\"noopener\"><img loading=\"lazy\" decoding=\"async\" class=\"alignleft wp-image-1454\" src=\"https:\/\/buerosysteme-fassbach.de\/wp-content\/uploads\/2021\/10\/c1.jpg\" alt=\"\" width=\"500\" height=\"195\" srcset=\"https:\/\/buerosysteme-fassbach.de\/wp-content\/uploads\/2021\/10\/c1.jpg 1791w, https:\/\/buerosysteme-fassbach.de\/wp-content\/uploads\/2021\/10\/c1-300x117.jpg 300w, https:\/\/buerosysteme-fassbach.de\/wp-content\/uploads\/2021\/10\/c1-1024x400.jpg 1024w, https:\/\/buerosysteme-fassbach.de\/wp-content\/uploads\/2021\/10\/c1-768x300.jpg 768w, https:\/\/buerosysteme-fassbach.de\/wp-content\/uploads\/2021\/10\/c1-1536x599.jpg 1536w\" sizes=\"auto, (max-width: 500px) 100vw, 500px\" \/><\/a><\/p>\n<p>&nbsp;<\/p>\n<p>&nbsp;<\/p>\n<p>&nbsp;<\/p>\n<p>&nbsp;<\/p>\n<p>&nbsp;<\/p>\n<p>Hier gehts \u00fcber die <a href=\"https:\/\/www.cp.de\/produkte\" target=\"_blank\" rel=\"noopener\">Produktauswahl<\/a> und Produktausf\u00fchrungen<br \/>\nzum Konfigurator.<\/p>\n<p><a href=\"https:\/\/www.cp.de\/produkte\" target=\"_blank\" rel=\"noopener\"><img loading=\"lazy\" decoding=\"async\" class=\"alignnone wp-image-1455\" src=\"https:\/\/buerosysteme-fassbach.de\/wp-content\/uploads\/2021\/10\/c2.jpg\" alt=\"\" width=\"500\" height=\"370\" srcset=\"https:\/\/buerosysteme-fassbach.de\/wp-content\/uploads\/2021\/10\/c2.jpg 2296w, https:\/\/buerosysteme-fassbach.de\/wp-content\/uploads\/2021\/10\/c2-300x222.jpg 300w, https:\/\/buerosysteme-fassbach.de\/wp-content\/uploads\/2021\/10\/c2-1024x758.jpg 1024w, https:\/\/buerosysteme-fassbach.de\/wp-content\/uploads\/2021\/10\/c2-768x568.jpg 768w, https:\/\/buerosysteme-fassbach.de\/wp-content\/uploads\/2021\/10\/c2-1536x1137.jpg 1536w, https:\/\/buerosysteme-fassbach.de\/wp-content\/uploads\/2021\/10\/c2-2048x1515.jpg 2048w\" sizes=\"auto, (max-width: 500px) 100vw, 500px\" \/><\/a><\/p>\n<hr \/>\n<p>Plattformabh\u00e4ngige Apps finden Sie hier<br \/>\n<a href=\"https:\/\/itunes.apple.com\/de\/app\/pcon.box\/id1124979472?mt=8\" target=\"_blank\" rel=\"noopener noreferrer\"><img loading=\"lazy\" decoding=\"async\" class=\"alignleft wp-image-1115 size-full\" src=\"https:\/\/buerosysteme-fassbach.de\/wp-content\/uploads\/2020\/11\/apple.jpg\" alt=\"\" width=\"241\" height=\"79\" \/><\/a><a href=\"https:\/\/play.google.com\/store\/apps\/details?id=com.easterngraphics.ipi\" target=\"_blank\" rel=\"noopener noreferrer\"><img loading=\"lazy\" decoding=\"async\" class=\"alignnone wp-image-1114 size-full\" style=\"color: black;\" src=\"https:\/\/buerosysteme-fassbach.de\/wp-content\/uploads\/2020\/11\/android.jpg\" alt=\"\" width=\"240\" height=\"81\" \/><\/a> <span style=\"color: black;\">\u00a0<\/span><a href=\"https:\/\/www.microsoft.com\/de-DE\/store\/p\/pconbox\/9nblggh536ct\" target=\"_blank\" rel=\"noopener noreferrer\"><img loading=\"lazy\" decoding=\"async\" class=\"alignnone wp-image-1116 size-full\" style=\"color: black;\" src=\"https:\/\/buerosysteme-fassbach.de\/wp-content\/uploads\/2020\/11\/win.jpg\" alt=\"\" width=\"195\" height=\"70\" \/><\/a><\/p>\n","protected":false},"excerpt":{"rendered":"<p>Artikel online konfigurieren Sie machen sich vor einem geplanten Autokauf erstmal ein Bild von den M\u00f6glichkeiten, die Ihr Traummodell zu bieten hat, welche Farben und Sondermodelle lieferbar sind und welches Zubeh\u00f6r es gibt? Dann nutzen Sie sicherlich auch erst einmal <span class=\"excerpt-dots\">&hellip;<\/span> <a class=\"more-link\" href=\"https:\/\/buerosysteme-fassbach.de\/?page_id=1092\"><span class=\"more-msg\">Weiterlesen &rarr;<\/span><\/a><\/p>\n","protected":false},"author":1,"featured_media":0,"parent":0,"menu_order":0,"comment_status":"closed","ping_status":"closed","template":"","meta":{"footnotes":""},"class_list":["post-1092","page","type-page","status-publish","hentry"],"_links":{"self":[{"href":"https:\/\/buerosysteme-fassbach.de\/index.php?rest_route=\/wp\/v2\/pages\/1092","targetHints":{"allow":["GET"]}}],"collection":[{"href":"https:\/\/buerosysteme-fassbach.de\/index.php?rest_route=\/wp\/v2\/pages"}],"about":[{"href":"https:\/\/buerosysteme-fassbach.de\/index.php?rest_route=\/wp\/v2\/types\/page"}],"author":[{"embeddable":true,"href":"https:\/\/buerosysteme-fassbach.de\/index.php?rest_route=\/wp\/v2\/users\/1"}],"replies":[{"embeddable":true,"href":"https:\/\/buerosysteme-fassbach.de\/index.php?rest_route=%2Fwp%2Fv2%2Fcomments&post=1092"}],"version-history":[{"count":30,"href":"https:\/\/buerosysteme-fassbach.de\/index.php?rest_route=\/wp\/v2\/pages\/1092\/revisions"}],"predecessor-version":[{"id":1639,"href":"https:\/\/buerosysteme-fassbach.de\/index.php?rest_route=\/wp\/v2\/pages\/1092\/revisions\/1639"}],"wp:attachment":[{"href":"https:\/\/buerosysteme-fassbach.de\/index.php?rest_route=%2Fwp%2Fv2%2Fmedia&parent=1092"}],"curies":[{"name":"wp","href":"https:\/\/api.w.org\/{rel}","templated":true}]}}