{"id":103,"date":"2016-11-12T15:25:05","date_gmt":"2016-11-12T15:25:05","guid":{"rendered":"http:\/\/buerosysteme-fassbach.de\/?page_id=103"},"modified":"2026-03-11T13:07:47","modified_gmt":"2026-03-11T13:07:47","slug":"sortiment","status":"publish","type":"page","link":"https:\/\/buerosysteme-fassbach.de\/?page_id=103","title":{"rendered":"Sortiment"},"content":{"rendered":"<p><strong>Unsere Hauptlieferanten<\/strong><\/p>\r\n<div id=\"attachment_104\" style=\"width: 180px\" class=\"wp-caption alignnone\"><a href=\"http:\/\/www.fm-bueromoebel.de\" target=\"_blank\" rel=\"noopener noreferrer\"><img loading=\"lazy\" decoding=\"async\" aria-describedby=\"caption-attachment-104\" class=\"wp-image-104\" src=\"http:\/\/buerosysteme-fassbach.de\/wp-content\/uploads\/2016\/11\/fm.png\" alt=\"fm\" width=\"170\" height=\"57\" \/><\/a><p id=\"caption-attachment-104\" class=\"wp-caption-text\">B\u00fcrom\u00f6bel, Besprechung, Accessoires, Sitzm\u00f6bel<\/p><\/div>\r\n<p><a href=\"https:\/\/www.fm-bueromoebel.de\/ueber-uns\/nachhaltigkeit\/\" target=\"_blank\" rel=\"noopener noreferrer\"><img loading=\"lazy\" decoding=\"async\" class=\"alignnone  wp-image-1037\" src=\"https:\/\/buerosysteme-fassbach.de\/wp-content\/uploads\/2020\/10\/gm-300x285.jpg\" alt=\"\" width=\"192\" height=\"182\" srcset=\"https:\/\/buerosysteme-fassbach.de\/wp-content\/uploads\/2020\/10\/gm-300x285.jpg 300w, https:\/\/buerosysteme-fassbach.de\/wp-content\/uploads\/2020\/10\/gm-768x730.jpg 768w, https:\/\/buerosysteme-fassbach.de\/wp-content\/uploads\/2020\/10\/gm.jpg 938w\" sizes=\"auto, (max-width: 192px) 100vw, 192px\" \/><\/a><\/p>\r\n<hr \/>\r\n<div id=\"attachment_115\" style=\"width: 180px\" class=\"wp-caption alignnone\"><a href=\"http:\/\/www.kloeber.com\" target=\"_blank\" rel=\"noopener noreferrer\"><img loading=\"lazy\" decoding=\"async\" aria-describedby=\"caption-attachment-115\" class=\"wp-image-115\" src=\"http:\/\/buerosysteme-fassbach.de\/wp-content\/uploads\/2016\/11\/kloeber.png\" alt=\"kloeber\" width=\"170\" height=\"81\" \/><\/a><p id=\"caption-attachment-115\" class=\"wp-caption-text\">Drehst\u00fchle, Besprechungsst\u00fchle und Sitzm\u00f6bel im Premiumbereich<\/p><\/div>\r\n<p>&nbsp;<\/p>\r\n<hr \/>\r\n<div id=\"attachment_336\" style=\"width: 186px\" class=\"wp-caption alignleft\"><a href=\"http:\/\/www.sedus.de\" target=\"_blank\" rel=\"noopener noreferrer\"><img loading=\"lazy\" decoding=\"async\" aria-describedby=\"caption-attachment-336\" class=\"wp-image-336\" src=\"http:\/\/buerosysteme-fassbach.de\/wp-content\/uploads\/2018\/02\/Sedus-Logo_black-300x135.png\" alt=\"\" width=\"176\" height=\"86\" \/><\/a><p id=\"caption-attachment-336\" class=\"wp-caption-text\">B\u00fcrom\u00f6bel, Konferenz, Drehst\u00fchle, Besprechungsst\u00fchle und Sitzm\u00f6bel im Premiumbereich<\/p><\/div>\r\n<p>&nbsp;<\/p>\r\n<p>&nbsp;<\/p>\r\n<p>&nbsp;<\/p>\r\n<p>&nbsp;<\/p>\r\n<p>&nbsp;<\/p>\r\n<p>&nbsp;<\/p>\r\n<p><a href=\"https:\/\/www.sedus.com\/de\/loesungen\/sedus-app\/\" target=\"_blank\" rel=\"noopener noreferrer\"><img loading=\"lazy\" decoding=\"async\" class=\"wp-image-1022 alignleft\" src=\"https:\/\/buerosysteme-fassbach.de\/wp-content\/uploads\/2020\/10\/Sedus-AR-p-300x196.jpg\" alt=\"\" width=\"306\" height=\"200\" srcset=\"https:\/\/buerosysteme-fassbach.de\/wp-content\/uploads\/2020\/10\/Sedus-AR-p-300x196.jpg 300w, https:\/\/buerosysteme-fassbach.de\/wp-content\/uploads\/2020\/10\/Sedus-AR-p-768x502.jpg 768w, https:\/\/buerosysteme-fassbach.de\/wp-content\/uploads\/2020\/10\/Sedus-AR-p.jpg 790w\" sizes=\"auto, (max-width: 306px) 100vw, 306px\" \/><\/a><img loading=\"lazy\" decoding=\"async\" class=\"wp-image-1021 alignleft\" src=\"https:\/\/buerosysteme-fassbach.de\/wp-content\/uploads\/2020\/10\/Sedus-AR-1-300x197.jpg\" alt=\"\" width=\"305\" height=\"200\" srcset=\"https:\/\/buerosysteme-fassbach.de\/wp-content\/uploads\/2020\/10\/Sedus-AR-1-300x197.jpg 300w, https:\/\/buerosysteme-fassbach.de\/wp-content\/uploads\/2020\/10\/Sedus-AR-1-768x503.jpg 768w, https:\/\/buerosysteme-fassbach.de\/wp-content\/uploads\/2020\/10\/Sedus-AR-1.jpg 862w\" sizes=\"auto, (max-width: 305px) 100vw, 305px\" \/><\/p>\r\n<p>&nbsp;<\/p>\r\n<p>&nbsp;<\/p>\r\n<p>&nbsp;<\/p>\r\n<p>&nbsp;<\/p>\r\n<p>&nbsp;<\/p>\r\n<p>&nbsp;<\/p>\r\n<hr \/>\r\n<div id=\"attachment_112\" style=\"width: 180px\" class=\"wp-caption alignleft\"><a href=\"https:\/\/www.wilkhahn.com\/de\/\" target=\"_blank\" rel=\"noopener noreferrer\"><img loading=\"lazy\" decoding=\"async\" aria-describedby=\"caption-attachment-112\" class=\"wp-image-112\" src=\"http:\/\/buerosysteme-fassbach.de\/wp-content\/uploads\/2016\/11\/Wilkhahn-300x55.png\" alt=\"wilkhahn\" width=\"170\" height=\"31\" srcset=\"https:\/\/buerosysteme-fassbach.de\/wp-content\/uploads\/2016\/11\/Wilkhahn-300x55.png 300w, https:\/\/buerosysteme-fassbach.de\/wp-content\/uploads\/2016\/11\/Wilkhahn-768x140.png 768w, https:\/\/buerosysteme-fassbach.de\/wp-content\/uploads\/2016\/11\/Wilkhahn.png 1000w\" sizes=\"auto, (max-width: 170px) 100vw, 170px\" \/><\/a><p id=\"caption-attachment-112\" class=\"wp-caption-text\">trimensionales Sitzen, Drehst\u00fchle, Besucherst\u00fchle, Konferzenzm\u00f6bel im Premiumbereich<\/p><\/div>\r\n<p>&nbsp;<\/p>\r\n<p>&nbsp;<\/p>\r\n<p>&nbsp;<\/p>\r\n<p>&nbsp;<\/p>\r\n<p>&nbsp;<\/p>\r\n<p><a href=\"https:\/\/buerosysteme-fassbach.de\/wp-content\/uploads\/2021\/03\/Wilkhahn-Katalog.pdf\" target=\"_blank\" rel=\"noopener\"><img loading=\"lazy\" decoding=\"async\" class=\"size-medium wp-image-1197 alignleft\" src=\"https:\/\/buerosysteme-fassbach.de\/wp-content\/uploads\/2021\/03\/Wilkhahn-Katalog-Cover-210x300.jpg\" alt=\"\" width=\"210\" height=\"300\" srcset=\"https:\/\/buerosysteme-fassbach.de\/wp-content\/uploads\/2021\/03\/Wilkhahn-Katalog-Cover-210x300.jpg 210w, https:\/\/buerosysteme-fassbach.de\/wp-content\/uploads\/2021\/03\/Wilkhahn-Katalog-Cover.jpg 348w\" sizes=\"auto, (max-width: 210px) 100vw, 210px\" \/><\/a>Der aktuelle <a href=\"https:\/\/buerosysteme-fassbach.de\/wp-content\/uploads\/2021\/03\/Wilkhahn-Katalog.pdf\" target=\"_blank\" rel=\"noopener\">Wilkhahn-Gesamtkatalog<\/a> ist da!<\/p>\r\n<p>&nbsp;<\/p>\r\n<p>&nbsp;<\/p>\r\n<p>&nbsp;<\/p>\r\n<p>&nbsp;<\/p>\r\n<p>&nbsp;<\/p>\r\n<p>&nbsp;<\/p>\r\n<p>&nbsp;<\/p>\r\n<hr \/>\r\n<div id=\"attachment_110\" style=\"width: 180px\" class=\"wp-caption alignleft\"><a href=\"http:\/\/www.vario.com\/\" target=\"_blank\" rel=\"noopener noreferrer\"><img loading=\"lazy\" decoding=\"async\" aria-describedby=\"caption-attachment-110\" class=\"wp-image-110\" src=\"http:\/\/buerosysteme-fassbach.de\/wp-content\/uploads\/2016\/11\/vario.png\" alt=\"vario\" width=\"170\" height=\"41\" \/><\/a><p id=\"caption-attachment-110\" class=\"wp-caption-text\">B\u00fcrom\u00f6bel, Konferenzm\u00f6bel, viele weitere Ideen<\/p><\/div>\r\n<p>&nbsp;<\/p>\r\n<div id=\"attachment_713\" style=\"width: 191px\" class=\"wp-caption alignnone\"><a href=\"https:\/\/buerosysteme-fassbach.de\/vario-zeitthemen\" rel=\"noopener noreferrer\"><img loading=\"lazy\" decoding=\"async\" aria-describedby=\"caption-attachment-713\" class=\"wp-image-713\" src=\"https:\/\/buerosysteme-fassbach.de\/wp-content\/uploads\/2020\/02\/Zeitthemen-300x179.jpg\" alt=\"\" width=\"181\" height=\"107\" srcset=\"https:\/\/buerosysteme-fassbach.de\/wp-content\/uploads\/2020\/02\/Zeitthemen-300x179.jpg 300w, https:\/\/buerosysteme-fassbach.de\/wp-content\/uploads\/2020\/02\/Zeitthemen.jpg 548w\" sizes=\"auto, (max-width: 181px) 100vw, 181px\" \/><\/a><p id=\"caption-attachment-713\" class=\"wp-caption-text\"><a href=\"https:\/\/www.vario.com\/magazin\" target=\"_blank\" rel=\"noopener\">Zum VARIO Magazin<\/a><\/p><\/div>\r\n<p>&nbsp;<\/p>\r\n<hr \/>\r\n<div id=\"attachment_120\" style=\"width: 180px\" class=\"wp-caption alignnone\"><a href=\"http:\/\/www.smv-gmbh.de\" target=\"_blank\" rel=\"noopener noreferrer\"><img loading=\"lazy\" decoding=\"async\" aria-describedby=\"caption-attachment-120\" class=\"wp-image-120\" src=\"http:\/\/buerosysteme-fassbach.de\/wp-content\/uploads\/2016\/11\/smv-logo.png\" alt=\"smv-logo\" width=\"170\" height=\"61\" \/><\/a><p id=\"caption-attachment-120\" class=\"wp-caption-text\">Besprechung, Lounge, Garderoben, Brandschutz<\/p><\/div>\r\n<hr \/>\r\n<div id=\"attachment_747\" style=\"width: 210px\" class=\"wp-caption alignnone\"><a href=\"https:\/\/buerosysteme-fassbach.de\/?page_id=741\" target=\"_blank\" rel=\"noopener noreferrer\"><img loading=\"lazy\" decoding=\"async\" aria-describedby=\"caption-attachment-747\" class=\"wp-image-747 size-medium\" src=\"https:\/\/buerosysteme-fassbach.de\/wp-content\/uploads\/2020\/02\/Ahlen-21_vo_per_blau-200x300.jpg\" alt=\"\" width=\"200\" height=\"300\" srcset=\"https:\/\/buerosysteme-fassbach.de\/wp-content\/uploads\/2020\/02\/Ahlen-21_vo_per_blau-200x300.jpg 200w, https:\/\/buerosysteme-fassbach.de\/wp-content\/uploads\/2020\/02\/Ahlen-21_vo_per_blau-683x1024.jpg 683w, https:\/\/buerosysteme-fassbach.de\/wp-content\/uploads\/2020\/02\/Ahlen-21_vo_per_blau-768x1151.jpg 768w, https:\/\/buerosysteme-fassbach.de\/wp-content\/uploads\/2020\/02\/Ahlen-21_vo_per_blau-1025x1536.jpg 1025w, https:\/\/buerosysteme-fassbach.de\/wp-content\/uploads\/2020\/02\/Ahlen-21_vo_per_blau-1367x2048.jpg 1367w, https:\/\/buerosysteme-fassbach.de\/wp-content\/uploads\/2020\/02\/Ahlen-21_vo_per_blau-scaled.jpg 1709w\" sizes=\"auto, (max-width: 200px) 100vw, 200px\" \/><\/a><p id=\"caption-attachment-747\" class=\"wp-caption-text\">eigene Kollektion aus der <strong>Manufaktur<\/strong><\/p><\/div>\r\n<hr \/>\r\n<div id=\"attachment_113\" style=\"width: 180px\" class=\"wp-caption alignnone\"><a href=\"http:\/\/www.koehl.com\" target=\"_blank\" rel=\"noopener noreferrer\"><img loading=\"lazy\" decoding=\"async\" aria-describedby=\"caption-attachment-113\" class=\"wp-image-113\" src=\"http:\/\/buerosysteme-fassbach.de\/wp-content\/uploads\/2016\/11\/koehl_logo_web.png\" alt=\"koehl_logo_web\" width=\"170\" height=\"170\" \/><\/a><p id=\"caption-attachment-113\" class=\"wp-caption-text\">Drehst\u00fchle, Besucherst\u00fchle, Objektbestuhlung<\/p><\/div>\r\n<hr \/>\r\n<div id=\"attachment_321\" style=\"width: 196px\" class=\"wp-caption alignnone\"><a href=\"http:\/\/mauser-sitzkultur.de\" target=\"_blank\" rel=\"noopener noreferrer\"><img loading=\"lazy\" decoding=\"async\" aria-describedby=\"caption-attachment-321\" class=\"wp-image-321\" src=\"http:\/\/buerosysteme-fassbach.de\/wp-content\/uploads\/2016\/11\/mauser.jpg\" alt=\"\" width=\"186\" height=\"72\" \/><\/a><p id=\"caption-attachment-321\" class=\"wp-caption-text\">Besucherst\u00fchle, Objektbestuhlung<\/p><\/div>\r\n<p><a href=\"http:\/\/mauser-sitzkultur.de\" target=\"_blank\" rel=\"noopener noreferrer\">\u00a0\u00a0<\/a><\/p>\r\n<hr \/>\r\n<div id=\"attachment_169\" style=\"width: 180px\" class=\"wp-caption alignnone\"><a href=\"http:\/\/www.preform.de\" target=\"_blank\" rel=\"noopener noreferrer\"><img loading=\"lazy\" decoding=\"async\" aria-describedby=\"caption-attachment-169\" class=\"wp-image-169\" src=\"http:\/\/buerosysteme-fassbach.de\/wp-content\/uploads\/2016\/11\/preform.jpg\" alt=\"preform\" width=\"170\" height=\"165\" \/><\/a><p id=\"caption-attachment-169\" class=\"wp-caption-text\">Stellw\u00e4nde, Tischaufs\u00e4tze, Akustik<\/p><\/div>\r\n<p>&nbsp;<\/p>\r\n<hr \/>\r\n<div id=\"attachment_117\" style=\"width: 180px\" class=\"wp-caption alignnone\"><a href=\"http:\/\/www.rosconi.de\" target=\"_blank\" rel=\"noopener noreferrer\"><img loading=\"lazy\" decoding=\"async\" aria-describedby=\"caption-attachment-117\" class=\"wp-image-117\" src=\"http:\/\/buerosysteme-fassbach.de\/wp-content\/uploads\/2016\/11\/rosconi-300x90.jpg\" alt=\"rosconi\" width=\"170\" height=\"51\" srcset=\"https:\/\/buerosysteme-fassbach.de\/wp-content\/uploads\/2016\/11\/rosconi-300x90.jpg 300w, https:\/\/buerosysteme-fassbach.de\/wp-content\/uploads\/2016\/11\/rosconi.jpg 374w\" sizes=\"auto, (max-width: 170px) 100vw, 170px\" \/><\/a><p id=\"caption-attachment-117\" class=\"wp-caption-text\">Garderoben und Accessoires<\/p><\/div>\r\n<p>&nbsp;<\/p>\r\n<hr \/>\r\n<div id=\"attachment_111\" style=\"width: 180px\" class=\"wp-caption alignnone\"><a href=\"http:\/\/www.cp.de\/\" target=\"_blank\" rel=\"noopener noreferrer\"><img loading=\"lazy\" decoding=\"async\" aria-describedby=\"caption-attachment-111\" class=\"wp-image-111\" src=\"http:\/\/buerosysteme-fassbach.de\/wp-content\/uploads\/2016\/11\/cp-logo-flat-300x53.png\" alt=\"cp-logo-flat\" width=\"170\" height=\"30\" srcset=\"https:\/\/buerosysteme-fassbach.de\/wp-content\/uploads\/2016\/11\/cp-logo-flat-300x53.png 300w, https:\/\/buerosysteme-fassbach.de\/wp-content\/uploads\/2016\/11\/cp-logo-flat.png 360w\" sizes=\"auto, (max-width: 170px) 100vw, 170px\" \/><\/a><p id=\"caption-attachment-111\" class=\"wp-caption-text\">Stahlm\u00f6bel, n\u00fctzliche und funktionale Speziall\u00f6sungen<\/p><\/div>\r\n<p>&nbsp;<\/p>\r\n<hr \/>\r\n<div id=\"attachment_118\" style=\"width: 180px\" class=\"wp-caption alignnone\"><a href=\"http:\/\/www.ideal.de\" target=\"_blank\" rel=\"noopener noreferrer\"><img loading=\"lazy\" decoding=\"async\" aria-describedby=\"caption-attachment-118\" class=\"wp-image-118\" src=\"http:\/\/buerosysteme-fassbach.de\/wp-content\/uploads\/2016\/11\/ideal.jpg\" alt=\"ideal\" width=\"170\" height=\"53\" \/><\/a><p id=\"caption-attachment-118\" class=\"wp-caption-text\">Aktenvernichter, Papierschneidemaschinen, Luftreiniger<\/p><\/div>\r\n<p>&nbsp;<\/p>\r\n<p><span style=\"display: inline !important; float: none; background-color: #ffffff; color: #121212; cursor: text; font-family: Arial,'Helvetica Neue',Helvetica,sans-serif; font-size: 16px; font-style: normal; font-variant: normal; font-weight: 400; letter-spacing: normal; orphans: 2; text-align: left; text-decoration: none; text-indent: 0px; text-transform: none; -webkit-text-stroke-width: 0px; white-space: normal; word-spacing: 0px;\">Wir k\u00f6nnen mehr. Fragen Sie uns, wenn Ihre Wunschmarke hier nicht genannt ist.<\/span><\/p>\r\n\r\n<p>&nbsp;<\/p>\r\n","protected":false},"excerpt":{"rendered":"<p>Unsere Hauptlieferanten &nbsp; &nbsp; &nbsp; &nbsp; &nbsp; &nbsp; &nbsp; &nbsp; &nbsp; &nbsp; &nbsp; &nbsp; &nbsp; &nbsp; &nbsp; &nbsp; &nbsp; &nbsp; Der aktuelle Wilkhahn-Gesamtkatalog ist da! &nbsp; &nbsp; &nbsp; &nbsp; &nbsp; &nbsp; &nbsp; &nbsp; &nbsp; \u00a0\u00a0 &nbsp; &nbsp; &nbsp; &nbsp; Wir <span class=\"excerpt-dots\">&hellip;<\/span> <a class=\"more-link\" href=\"https:\/\/buerosysteme-fassbach.de\/?page_id=103\"><span class=\"more-msg\">Weiterlesen &rarr;<\/span><\/a><\/p>\n","protected":false},"author":1,"featured_media":0,"parent":0,"menu_order":0,"comment_status":"closed","ping_status":"closed","template":"","meta":{"footnotes":""},"class_list":["post-103","page","type-page","status-publish","hentry"],"_links":{"self":[{"href":"https:\/\/buerosysteme-fassbach.de\/index.php?rest_route=\/wp\/v2\/pages\/103","targetHints":{"allow":["GET"]}}],"collection":[{"href":"https:\/\/buerosysteme-fassbach.de\/index.php?rest_route=\/wp\/v2\/pages"}],"about":[{"href":"https:\/\/buerosysteme-fassbach.de\/index.php?rest_route=\/wp\/v2\/types\/page"}],"author":[{"embeddable":true,"href":"https:\/\/buerosysteme-fassbach.de\/index.php?rest_route=\/wp\/v2\/users\/1"}],"replies":[{"embeddable":true,"href":"https:\/\/buerosysteme-fassbach.de\/index.php?rest_route=%2Fwp%2Fv2%2Fcomments&post=103"}],"version-history":[{"count":46,"href":"https:\/\/buerosysteme-fassbach.de\/index.php?rest_route=\/wp\/v2\/pages\/103\/revisions"}],"predecessor-version":[{"id":1201,"href":"https:\/\/buerosysteme-fassbach.de\/index.php?rest_route=\/wp\/v2\/pages\/103\/revisions\/1201"}],"wp:attachment":[{"href":"https:\/\/buerosysteme-fassbach.de\/index.php?rest_route=%2Fwp%2Fv2%2Fmedia&parent=103"}],"curies":[{"name":"wp","href":"https:\/\/api.w.org\/{rel}","templated":true}]}}